{"id":1023,"date":"2025-06-25T14:44:08","date_gmt":"2025-06-25T12:44:08","guid":{"rendered":"http:\/\/collegearboresens.fr\/?page_id=1023"},"modified":"2025-07-02T19:56:47","modified_gmt":"2025-07-02T17:56:47","slug":"mentions-legales-et-donnees-personnelles","status":"publish","type":"page","link":"https:\/\/collegearboresens.fr\/index.php\/mentions-legales-et-donnees-personnelles\/","title":{"rendered":"Mentions l\u00e9gales et donn\u00e9es personnelles"},"content":{"rendered":"\n<div class=\"wp-block-cover alignfull\" style=\"margin-top:0;margin-bottom:0;padding-top:0px;padding-bottom:80px;min-height:300px;aspect-ratio:unset;\"><img fetchpriority=\"high\" decoding=\"async\" width=\"720\" height=\"1024\" class=\"wp-block-cover__image-background wp-image-449 size-large\" alt=\"\" src=\"http:\/\/collegearboresens.fr\/wp-content\/uploads\/2025\/06\/pexels-iriser-673857-720x1024.jpg\" style=\"object-position:60% 48%\" data-object-fit=\"cover\" data-object-position=\"60% 48%\" srcset=\"https:\/\/collegearboresens.fr\/wp-content\/uploads\/2025\/06\/pexels-iriser-673857-720x1024.jpg 720w, https:\/\/collegearboresens.fr\/wp-content\/uploads\/2025\/06\/pexels-iriser-673857-211x300.jpg 211w, https:\/\/collegearboresens.fr\/wp-content\/uploads\/2025\/06\/pexels-iriser-673857-768x1093.jpg 768w, https:\/\/collegearboresens.fr\/wp-content\/uploads\/2025\/06\/pexels-iriser-673857-1080x1536.jpg 1080w, https:\/\/collegearboresens.fr\/wp-content\/uploads\/2025\/06\/pexels-iriser-673857.jpg 1280w\" sizes=\"(max-width: 720px) 100vw, 720px\" \/><span aria-hidden=\"true\" class=\"wp-block-cover__background has-background-dim-0 has-background-dim\" style=\"background-color:#e9ceb0\"><\/span><div class=\"wp-block-cover__inner-container has-global-padding is-layout-constrained wp-container-core-cover-is-layout-d4c6b484 wp-block-cover-is-layout-constrained\">\n<div style=\"height:150px\" aria-hidden=\"true\" class=\"wp-block-spacer\"><\/div>\n\n\n\n<h1 class=\"wp-block-heading has-text-align-center has-text-color has-link-color has-suranna-font-family wp-elements-307f72dbfe1d1ae81e846c0b659936ca\" style=\"color:#ffffff;font-size:clamp(25.5px, 1.594rem + ((1vw - 3.2px) * 1.989), 43px);font-style:normal;font-weight:500\"><strong>Mentions l\u00e9gales et donn\u00e9es personnelles<\/strong><\/h1>\n<\/div><\/div>\n\n\n\n<p><\/p>\n\n\n\n<div class=\"wp-block-group has-global-padding is-layout-constrained wp-block-group-is-layout-constrained\">\n<h2 class=\"wp-block-heading\" style=\"font-size:clamp(20.515px, 1.282rem + ((1vw - 3.2px) * 1.419), 33px);\"><strong>\u00c9diteur du site<\/strong><\/h2>\n\n\n\n<p style=\"font-size:clamp(14px, 0.875rem + ((1vw - 3.2px) * 0.568), 19px);\">Coll\u00e8ge ArboR\u00e9Sens | 109 Pl. St Saturnin | 24260 Journiac<\/p>\n\n\n\n<p style=\"font-size:clamp(14px, 0.875rem + ((1vw - 3.2px) * 0.568), 19px);\">T\u00e9l : <\/p>\n\n\n\n<h2 class=\"wp-block-heading\" style=\"font-size:clamp(20.515px, 1.282rem + ((1vw - 3.2px) * 1.419), 33px);\"><strong>H\u00e9bergeur<\/strong><\/h2>\n\n\n\n<p style=\"font-size:clamp(14px, 0.875rem + ((1vw - 3.2px) * 0.568), 19px);\"><strong>OVH |&nbsp;<\/strong>140 quai du Sartel | 59100 Roubaix | support@ovh.com |&nbsp;<a href=\"https:\/\/www.ovh.com\/fr\/\" target=\"_blank\" rel=\"noreferrer noopener\">www.ovh.com<\/a><\/p>\n\n\n\n<h2 class=\"wp-block-heading\" style=\"font-size:clamp(20.515px, 1.282rem + ((1vw - 3.2px) * 1.419), 33px);\"><strong>R\u00e9alisation<\/strong><\/h2>\n\n\n\n<p style=\"font-size:clamp(14px, 0.875rem + ((1vw - 3.2px) * 0.568), 19px);\">Ma\u00ebline P\u00e9rard &amp; Sandrine Perales<\/p>\n\n\n\n<h2 class=\"wp-block-heading\" style=\"font-size:clamp(20.515px, 1.282rem + ((1vw - 3.2px) * 1.419), 33px);\"><strong>Donn\u00e9es personnelles<\/strong><\/h2>\n\n\n\n<p style=\"font-size:clamp(14px, 0.875rem + ((1vw - 3.2px) * 0.568), 19px);\">Les seules donn\u00e9es personnelles que le site du Coll\u00e8ge Arboresens vous demandera sont celles mentionn\u00e9es dans le formulaire de la rubrique contact. Ces donn\u00e9es sont transmises par mail de mani\u00e8re crypt\u00e9e et ne sont pas stock\u00e9es sur le site du Coll\u00e8ge Arboresens . Elles n\u2019ont pas d\u2019autres finalit\u00e9s que de permettre au Coll\u00e8ge Arboresens de r\u00e9pondre \u00e0 votre demande et \/ ou d\u2019\u00e9tablir avec vous une relation commerciale. En aucun cas elles ces donn\u00e9es ne sont c\u00e9d\u00e9es ou vendues \u00e0 un tiers.<\/p>\n\n\n\n<h2 class=\"wp-block-heading has-prata-regular-font-family\" style=\"font-size:clamp(22.041px, 1.378rem + ((1vw - 3.2px) * 1.586), 36px);\"><strong>Cookies et Google Analytics<\/strong><\/h2>\n\n\n\n<p style=\"margin-top:var(--wp--preset--spacing--30);margin-bottom:var(--wp--preset--spacing--30);font-size:clamp(14px, 0.875rem + ((1vw - 3.2px) * 0.568), 19px);\">Ce site Web utilise Google Analytics, un service analytique Web fourni par Google, Inc. (\u00ab Google \u00bb). Google Analytics utilise des \u00ab cookies \u00bb qui sont des fichiers texte plac\u00e9s sur votre ordinateur afin d\u2019aider ce site Web \u00e0 analyser la mani\u00e8re dont les utilisateurs en font usage.<br>Les informations g\u00e9n\u00e9r\u00e9es par le cookie concernant votre utilisation du site (y compris votre adresse IP) seront transmises et stock\u00e9es par Google sur ses serveurs aux \u00c9tats-Unis.<br>Google utilisera ces informations afin d\u2019\u00e9valuer votre utilisation du site, de compiler des rapports sur l\u2019activit\u00e9 de ce dernier \u00e0 destination de ses exploitants et de fournir d\u2019autres services se rapportant \u00e0 l\u2019activit\u00e9 du site Web et \u00e0 l\u2019usage d\u2019Internet.<br>Google pourra \u00e9galement communiquer ces informations \u00e0 des tiers lorsque cela est requis par la loi ou lorsque ces tiers traitent les informations pour le compte de Google. Google, s\u2019engage \u00e0 ne pas associer votre adresse IP \u00e0 d\u2019autres donn\u00e9es d\u00e9tenues par Google.<br>Vous avez la possibilit\u00e9 de refuser l\u2019usage de cookies en s\u00e9lectionnant les consignes requises sur votre navigateur ; veuillez cependant noter que si vous agissez de la sorte, il est possible que vous ne puissiez plus utiliser la totalit\u00e9 des fonctionnalit\u00e9s de ce site Web.<br>En utilisant ce site Web, vous acceptez que Google traite des donn\u00e9es vous concernant de la mani\u00e8re et aux fins d\u00e9crites ci-dessus.<\/p>\n<\/div>\n\n\n\n<p><\/p>\n\n\n\n<section class=\"wp-block-cover alignfull is-light\" style=\"margin-top:0px;padding-top:1.01rem;padding-bottom:1.01rem;min-height:430px;aspect-ratio:unset;\"><img decoding=\"async\" width=\"1016\" height=\"1024\" class=\"wp-block-cover__image-background wp-image-539 size-large\" alt=\"\" src=\"http:\/\/collegearboresens.fr\/wp-content\/uploads\/2025\/06\/IMG_6504-1016x1024.jpg\" style=\"object-position:48% 47%\" data-object-fit=\"cover\" data-object-position=\"48% 47%\" srcset=\"https:\/\/collegearboresens.fr\/wp-content\/uploads\/2025\/06\/IMG_6504-1016x1024.jpg 1016w, https:\/\/collegearboresens.fr\/wp-content\/uploads\/2025\/06\/IMG_6504-298x300.jpg 298w, https:\/\/collegearboresens.fr\/wp-content\/uploads\/2025\/06\/IMG_6504-150x150.jpg 150w, https:\/\/collegearboresens.fr\/wp-content\/uploads\/2025\/06\/IMG_6504-768x774.jpg 768w, https:\/\/collegearboresens.fr\/wp-content\/uploads\/2025\/06\/IMG_6504-1525x1536.jpg 1525w, https:\/\/collegearboresens.fr\/wp-content\/uploads\/2025\/06\/IMG_6504-2033x2048.jpg 2033w\" sizes=\"(max-width: 1016px) 100vw, 1016px\" \/><span aria-hidden=\"true\" class=\"wp-block-cover__background has-background-dim-0 has-background-dim\" style=\"background-color:#edf1f2\"><\/span><div class=\"wp-block-cover__inner-container has-global-padding is-layout-constrained wp-container-core-cover-is-layout-b1bebcb3 wp-block-cover-is-layout-constrained\">\n<div class=\"wp-block-group has-text-color is-layout-flow wp-block-group-is-layout-flow\" style=\"color:#fffffd;margin-top:0px;padding-top:0rem;padding-right:1rem;padding-bottom:0rem;padding-left:1rem;font-size:clamp(0.875rem, 0.875rem + ((1vw - 0.2rem) * 0.464), 1.13rem);font-style:normal;font-weight:400;line-height:1.4\">\n<div class=\"wp-block-group has-global-padding is-layout-constrained wp-container-core-group-is-layout-bdbfdc43 wp-block-group-is-layout-constrained\">\n<p class=\"has-text-align-left has-text-color\" style=\"color:#fffffd;margin-bottom:0rem;font-size:clamp(1.25rem, 1.25rem + ((1vw - 0.2rem) * 1.364), 2rem);font-style:normal;font-weight:400;line-height:1.2\"><strong>\u201cTrust and respect are something you earn, not something that is given.\u201d<\/strong><\/p>\n\n\n\n<p class=\"has-text-align-right\" style=\"font-size:clamp(1.25rem, 1.25rem + ((1vw - 0.2rem) * 1.364), 2rem);\"><strong>Billy Jean King<\/strong><\/p>\n<\/div>\n<\/div>\n<\/div><\/section>\n\n\n\n<p><\/p>\n","protected":false},"excerpt":{"rendered":"<p>\u00c9diteur du site Coll\u00e8ge ArboR\u00e9Sens | 109 Pl. St Saturnin | 24260 Journiac T\u00e9l : H\u00e9bergeur OVH |&nbsp;140 quai du Sartel | 59100 Roubaix | support@ovh.com |&nbsp;www.ovh.com R\u00e9alisation Ma\u00ebline P\u00e9rard &amp; Sandrine Perales Donn\u00e9es personnelles Les seules donn\u00e9es personnelles que le site du Coll\u00e8ge Arboresens vous demandera sont celles mentionn\u00e9es dans le formulaire de la [&hellip;]<\/p>\n","protected":false},"author":1,"featured_media":0,"parent":0,"menu_order":0,"comment_status":"closed","ping_status":"closed","template":"","meta":{"footnotes":""},"class_list":["post-1023","page","type-page","status-publish","hentry"],"yoast_head":"<!-- This site is optimized with the Yoast SEO plugin v25.4 - https:\/\/yoast.com\/wordpress\/plugins\/seo\/ -->\n<title>Mentions l\u00e9gales et donn\u00e9es personnelles - Coll\u00e8ge ArboR\u00e9Sens<\/title>\n<meta name=\"description\" content=\"Les mentions l\u00e9gales et donn\u00e9es personnelles sur le site du Coll\u00e8ge Arboresens.\" \/>\n<meta name=\"robots\" content=\"index, follow, max-snippet:-1, max-image-preview:large, max-video-preview:-1\" \/>\n<link rel=\"canonical\" href=\"https:\/\/collegearboresens.fr\/index.php\/mentions-legales-et-donnees-personnelles\/\" \/>\n<meta property=\"og:locale\" content=\"en_US\" \/>\n<meta property=\"og:type\" content=\"article\" \/>\n<meta property=\"og:title\" content=\"Mentions l\u00e9gales et donn\u00e9es personnelles - Coll\u00e8ge ArboR\u00e9Sens\" \/>\n<meta property=\"og:description\" content=\"Les mentions l\u00e9gales et donn\u00e9es personnelles sur le site du Coll\u00e8ge Arboresens.\" \/>\n<meta property=\"og:url\" content=\"https:\/\/collegearboresens.fr\/index.php\/mentions-legales-et-donnees-personnelles\/\" \/>\n<meta property=\"og:site_name\" content=\"Coll\u00e8ge ArboR\u00e9Sens\" \/>\n<meta property=\"article:modified_time\" content=\"2025-07-02T17:56:47+00:00\" \/>\n<meta property=\"og:image\" content=\"http:\/\/collegearboresens.fr\/wp-content\/uploads\/2025\/06\/pexels-iriser-673857-720x1024.jpg\" \/>\n<meta name=\"twitter:card\" content=\"summary_large_image\" \/>\n<meta name=\"twitter:label1\" content=\"Est. reading time\" \/>\n\t<meta name=\"twitter:data1\" content=\"3 minutes\" \/>\n<script type=\"application\/ld+json\" class=\"yoast-schema-graph\">{\"@context\":\"https:\/\/schema.org\",\"@graph\":[{\"@type\":\"WebPage\",\"@id\":\"https:\/\/collegearboresens.fr\/index.php\/mentions-legales-et-donnees-personnelles\/\",\"url\":\"https:\/\/collegearboresens.fr\/index.php\/mentions-legales-et-donnees-personnelles\/\",\"name\":\"Mentions l\u00e9gales et donn\u00e9es personnelles - Coll\u00e8ge ArboR\u00e9Sens\",\"isPartOf\":{\"@id\":\"https:\/\/collegearboresens.fr\/#website\"},\"primaryImageOfPage\":{\"@id\":\"https:\/\/collegearboresens.fr\/index.php\/mentions-legales-et-donnees-personnelles\/#primaryimage\"},\"image\":{\"@id\":\"https:\/\/collegearboresens.fr\/index.php\/mentions-legales-et-donnees-personnelles\/#primaryimage\"},\"thumbnailUrl\":\"http:\/\/collegearboresens.fr\/wp-content\/uploads\/2025\/06\/pexels-iriser-673857-720x1024.jpg\",\"datePublished\":\"2025-06-25T12:44:08+00:00\",\"dateModified\":\"2025-07-02T17:56:47+00:00\",\"description\":\"Les mentions l\u00e9gales et donn\u00e9es personnelles sur le site du Coll\u00e8ge Arboresens.\",\"breadcrumb\":{\"@id\":\"https:\/\/collegearboresens.fr\/index.php\/mentions-legales-et-donnees-personnelles\/#breadcrumb\"},\"inLanguage\":\"en-US\",\"potentialAction\":[{\"@type\":\"ReadAction\",\"target\":[\"https:\/\/collegearboresens.fr\/index.php\/mentions-legales-et-donnees-personnelles\/\"]}]},{\"@type\":\"ImageObject\",\"inLanguage\":\"en-US\",\"@id\":\"https:\/\/collegearboresens.fr\/index.php\/mentions-legales-et-donnees-personnelles\/#primaryimage\",\"url\":\"https:\/\/collegearboresens.fr\/wp-content\/uploads\/2025\/06\/pexels-iriser-673857.jpg\",\"contentUrl\":\"https:\/\/collegearboresens.fr\/wp-content\/uploads\/2025\/06\/pexels-iriser-673857.jpg\",\"width\":1280,\"height\":1821},{\"@type\":\"BreadcrumbList\",\"@id\":\"https:\/\/collegearboresens.fr\/index.php\/mentions-legales-et-donnees-personnelles\/#breadcrumb\",\"itemListElement\":[{\"@type\":\"ListItem\",\"position\":1,\"name\":\"Accueil\",\"item\":\"https:\/\/collegearboresens.fr\/\"},{\"@type\":\"ListItem\",\"position\":2,\"name\":\"Mentions l\u00e9gales et donn\u00e9es personnelles\"}]},{\"@type\":\"WebSite\",\"@id\":\"https:\/\/collegearboresens.fr\/#website\",\"url\":\"https:\/\/collegearboresens.fr\/\",\"name\":\"Coll\u00e8ge ArboR\u00e9Sens\",\"description\":\"Nature, arts et culture\",\"publisher\":{\"@id\":\"https:\/\/collegearboresens.fr\/#organization\"},\"potentialAction\":[{\"@type\":\"SearchAction\",\"target\":{\"@type\":\"EntryPoint\",\"urlTemplate\":\"https:\/\/collegearboresens.fr\/?s={search_term_string}\"},\"query-input\":{\"@type\":\"PropertyValueSpecification\",\"valueRequired\":true,\"valueName\":\"search_term_string\"}}],\"inLanguage\":\"en-US\"},{\"@type\":\"Organization\",\"@id\":\"https:\/\/collegearboresens.fr\/#organization\",\"name\":\"Coll\u00e8ge ArboR\u00e9Sens\",\"url\":\"https:\/\/collegearboresens.fr\/\",\"logo\":{\"@type\":\"ImageObject\",\"inLanguage\":\"en-US\",\"@id\":\"https:\/\/collegearboresens.fr\/#\/schema\/logo\/image\/\",\"url\":\"https:\/\/collegearboresens.fr\/wp-content\/uploads\/2025\/06\/logo-ArboReSens-College-large-2025.jpg\",\"contentUrl\":\"https:\/\/collegearboresens.fr\/wp-content\/uploads\/2025\/06\/logo-ArboReSens-College-large-2025.jpg\",\"width\":1228,\"height\":1346,\"caption\":\"Coll\u00e8ge ArboR\u00e9Sens\"},\"image\":{\"@id\":\"https:\/\/collegearboresens.fr\/#\/schema\/logo\/image\/\"},\"sameAs\":[\"https:\/\/www.instagram.com\/college_arboresens\/?igsh=cmZ4bGx1bGljMGc5\"]}]}<\/script>\n<!-- \/ Yoast SEO plugin. -->","yoast_head_json":{"title":"Mentions l\u00e9gales et donn\u00e9es personnelles - Coll\u00e8ge ArboR\u00e9Sens","description":"Les mentions l\u00e9gales et donn\u00e9es personnelles sur le site du Coll\u00e8ge Arboresens.","robots":{"index":"index","follow":"follow","max-snippet":"max-snippet:-1","max-image-preview":"max-image-preview:large","max-video-preview":"max-video-preview:-1"},"canonical":"https:\/\/collegearboresens.fr\/index.php\/mentions-legales-et-donnees-personnelles\/","og_locale":"en_US","og_type":"article","og_title":"Mentions l\u00e9gales et donn\u00e9es personnelles - Coll\u00e8ge ArboR\u00e9Sens","og_description":"Les mentions l\u00e9gales et donn\u00e9es personnelles sur le site du Coll\u00e8ge Arboresens.","og_url":"https:\/\/collegearboresens.fr\/index.php\/mentions-legales-et-donnees-personnelles\/","og_site_name":"Coll\u00e8ge ArboR\u00e9Sens","article_modified_time":"2025-07-02T17:56:47+00:00","og_image":[{"url":"http:\/\/collegearboresens.fr\/wp-content\/uploads\/2025\/06\/pexels-iriser-673857-720x1024.jpg","type":"","width":"","height":""}],"twitter_card":"summary_large_image","twitter_misc":{"Est. reading time":"3 minutes"},"schema":{"@context":"https:\/\/schema.org","@graph":[{"@type":"WebPage","@id":"https:\/\/collegearboresens.fr\/index.php\/mentions-legales-et-donnees-personnelles\/","url":"https:\/\/collegearboresens.fr\/index.php\/mentions-legales-et-donnees-personnelles\/","name":"Mentions l\u00e9gales et donn\u00e9es personnelles - Coll\u00e8ge ArboR\u00e9Sens","isPartOf":{"@id":"https:\/\/collegearboresens.fr\/#website"},"primaryImageOfPage":{"@id":"https:\/\/collegearboresens.fr\/index.php\/mentions-legales-et-donnees-personnelles\/#primaryimage"},"image":{"@id":"https:\/\/collegearboresens.fr\/index.php\/mentions-legales-et-donnees-personnelles\/#primaryimage"},"thumbnailUrl":"http:\/\/collegearboresens.fr\/wp-content\/uploads\/2025\/06\/pexels-iriser-673857-720x1024.jpg","datePublished":"2025-06-25T12:44:08+00:00","dateModified":"2025-07-02T17:56:47+00:00","description":"Les mentions l\u00e9gales et donn\u00e9es personnelles sur le site du Coll\u00e8ge Arboresens.","breadcrumb":{"@id":"https:\/\/collegearboresens.fr\/index.php\/mentions-legales-et-donnees-personnelles\/#breadcrumb"},"inLanguage":"en-US","potentialAction":[{"@type":"ReadAction","target":["https:\/\/collegearboresens.fr\/index.php\/mentions-legales-et-donnees-personnelles\/"]}]},{"@type":"ImageObject","inLanguage":"en-US","@id":"https:\/\/collegearboresens.fr\/index.php\/mentions-legales-et-donnees-personnelles\/#primaryimage","url":"https:\/\/collegearboresens.fr\/wp-content\/uploads\/2025\/06\/pexels-iriser-673857.jpg","contentUrl":"https:\/\/collegearboresens.fr\/wp-content\/uploads\/2025\/06\/pexels-iriser-673857.jpg","width":1280,"height":1821},{"@type":"BreadcrumbList","@id":"https:\/\/collegearboresens.fr\/index.php\/mentions-legales-et-donnees-personnelles\/#breadcrumb","itemListElement":[{"@type":"ListItem","position":1,"name":"Accueil","item":"https:\/\/collegearboresens.fr\/"},{"@type":"ListItem","position":2,"name":"Mentions l\u00e9gales et donn\u00e9es personnelles"}]},{"@type":"WebSite","@id":"https:\/\/collegearboresens.fr\/#website","url":"https:\/\/collegearboresens.fr\/","name":"Coll\u00e8ge ArboR\u00e9Sens","description":"Nature, arts et culture","publisher":{"@id":"https:\/\/collegearboresens.fr\/#organization"},"potentialAction":[{"@type":"SearchAction","target":{"@type":"EntryPoint","urlTemplate":"https:\/\/collegearboresens.fr\/?s={search_term_string}"},"query-input":{"@type":"PropertyValueSpecification","valueRequired":true,"valueName":"search_term_string"}}],"inLanguage":"en-US"},{"@type":"Organization","@id":"https:\/\/collegearboresens.fr\/#organization","name":"Coll\u00e8ge ArboR\u00e9Sens","url":"https:\/\/collegearboresens.fr\/","logo":{"@type":"ImageObject","inLanguage":"en-US","@id":"https:\/\/collegearboresens.fr\/#\/schema\/logo\/image\/","url":"https:\/\/collegearboresens.fr\/wp-content\/uploads\/2025\/06\/logo-ArboReSens-College-large-2025.jpg","contentUrl":"https:\/\/collegearboresens.fr\/wp-content\/uploads\/2025\/06\/logo-ArboReSens-College-large-2025.jpg","width":1228,"height":1346,"caption":"Coll\u00e8ge ArboR\u00e9Sens"},"image":{"@id":"https:\/\/collegearboresens.fr\/#\/schema\/logo\/image\/"},"sameAs":["https:\/\/www.instagram.com\/college_arboresens\/?igsh=cmZ4bGx1bGljMGc5"]}]}},"_links":{"self":[{"href":"https:\/\/collegearboresens.fr\/index.php\/wp-json\/wp\/v2\/pages\/1023","targetHints":{"allow":["GET"]}}],"collection":[{"href":"https:\/\/collegearboresens.fr\/index.php\/wp-json\/wp\/v2\/pages"}],"about":[{"href":"https:\/\/collegearboresens.fr\/index.php\/wp-json\/wp\/v2\/types\/page"}],"author":[{"embeddable":true,"href":"https:\/\/collegearboresens.fr\/index.php\/wp-json\/wp\/v2\/users\/1"}],"replies":[{"embeddable":true,"href":"https:\/\/collegearboresens.fr\/index.php\/wp-json\/wp\/v2\/comments?post=1023"}],"version-history":[{"count":16,"href":"https:\/\/collegearboresens.fr\/index.php\/wp-json\/wp\/v2\/pages\/1023\/revisions"}],"predecessor-version":[{"id":1058,"href":"https:\/\/collegearboresens.fr\/index.php\/wp-json\/wp\/v2\/pages\/1023\/revisions\/1058"}],"wp:attachment":[{"href":"https:\/\/collegearboresens.fr\/index.php\/wp-json\/wp\/v2\/media?parent=1023"}],"curies":[{"name":"wp","href":"https:\/\/api.w.org\/{rel}","templated":true}]}}