{"id":155,"date":"2025-06-16T13:56:14","date_gmt":"2025-06-16T11:56:14","guid":{"rendered":"http:\/\/collegearboresens.fr\/?page_id=155"},"modified":"2025-07-06T15:04:03","modified_gmt":"2025-07-06T13:04:03","slug":"a-propos","status":"publish","type":"page","link":"https:\/\/collegearboresens.fr\/index.php\/a-propos\/","title":{"rendered":"Le coll\u00e8ge"},"content":{"rendered":"\n<div class=\"wp-block-cover alignfull wp-duotone-unset-1\" style=\"margin-top:0;margin-bottom:0;padding-top:0px;padding-bottom:80px;min-height:300px;aspect-ratio:unset;\"><img fetchpriority=\"high\" decoding=\"async\" width=\"1024\" height=\"682\" class=\"wp-block-cover__image-background wp-image-347 size-large\" alt=\"\" src=\"http:\/\/collegearboresens.fr\/wp-content\/uploads\/2025\/06\/tree-4610745_1280-1024x682.jpg\" data-object-fit=\"cover\" srcset=\"https:\/\/collegearboresens.fr\/wp-content\/uploads\/2025\/06\/tree-4610745_1280-1024x682.jpg 1024w, https:\/\/collegearboresens.fr\/wp-content\/uploads\/2025\/06\/tree-4610745_1280-300x200.jpg 300w, https:\/\/collegearboresens.fr\/wp-content\/uploads\/2025\/06\/tree-4610745_1280-768x512.jpg 768w, https:\/\/collegearboresens.fr\/wp-content\/uploads\/2025\/06\/tree-4610745_1280.jpg 1280w\" sizes=\"(max-width: 1024px) 100vw, 1024px\" \/><span aria-hidden=\"true\" class=\"wp-block-cover__background has-background-dim-40 has-background-dim\" style=\"background-color:#472e15\"><\/span><div class=\"wp-block-cover__inner-container has-global-padding is-layout-constrained wp-container-core-cover-is-layout-d4c6b484 wp-block-cover-is-layout-constrained\">\n<div style=\"height:150px\" aria-hidden=\"true\" class=\"wp-block-spacer\"><\/div>\n\n\n\n<h1 class=\"wp-block-heading has-text-align-center has-text-color has-link-color has-suranna-font-family wp-elements-d7cd32d22fb925e9a3f890de2261d698\" style=\"color:#ffffff;font-size:clamp(38.682px, 2.418rem + ((1vw - 3.2px) * 3.786), 72px);font-style:normal;font-weight:500\">Le coll\u00e8ge<\/h1>\n<\/div><\/div>\n\n\n\n<section class=\"wp-block-group alignfull has-global-padding is-layout-constrained wp-container-core-group-is-layout-608bbd49 wp-block-group-is-layout-constrained\" style=\"margin-top:0px;padding-top:6rem;padding-right:1rem;padding-bottom:5rem;padding-left:1rem;font-size:clamp(0.875rem, 0.875rem + ((1vw - 0.2rem) * 0.464), 1.13rem);font-style:normal;font-weight:400;line-height:1.4\">\n<div class=\"wp-block-columns is-layout-flex wp-container-core-columns-is-layout-03ad6a19 wp-block-columns-is-layout-flex\" style=\"margin-bottom:0px\">\n<div class=\"wp-block-column is-vertically-aligned-center is-layout-flow wp-block-column-is-layout-flow\" style=\"flex-basis:50%\">\n<figure class=\"wp-block-image alignleft size-large has-custom-border\"><img decoding=\"async\" width=\"1024\" height=\"576\" src=\"http:\/\/collegearboresens.fr\/wp-content\/uploads\/2025\/06\/IMG_5805-2-1024x576.jpeg\" alt=\"\" class=\"wp-image-210\" style=\"border-radius:30px;aspect-ratio:3\/4;object-fit:cover\" srcset=\"https:\/\/collegearboresens.fr\/wp-content\/uploads\/2025\/06\/IMG_5805-2-1024x576.jpeg 1024w, https:\/\/collegearboresens.fr\/wp-content\/uploads\/2025\/06\/IMG_5805-2-300x169.jpeg 300w, https:\/\/collegearboresens.fr\/wp-content\/uploads\/2025\/06\/IMG_5805-2-768x432.jpeg 768w, https:\/\/collegearboresens.fr\/wp-content\/uploads\/2025\/06\/IMG_5805-2-1536x864.jpeg 1536w, https:\/\/collegearboresens.fr\/wp-content\/uploads\/2025\/06\/IMG_5805-2-2048x1152.jpeg 2048w\" sizes=\"(max-width: 1024px) 100vw, 1024px\" \/><\/figure>\n<\/div>\n\n\n\n<div class=\"wp-block-column is-vertically-aligned-center has-global-padding is-layout-constrained wp-container-core-column-is-layout-c4a7d96a wp-block-column-is-layout-constrained\" style=\"flex-basis:50%\">\n<h1 class=\"wp-block-heading has-text-align-left has-text-color has-prata-regular-font-family\" style=\"color:#000000;margin-top:0.5rem;margin-bottom:0rem;font-size:clamp(25.5px, 1.594rem + ((1vw - 3.2px) * 1.989), 43px);font-style:normal;font-weight:400;letter-spacing:0px;line-height:1.3\"><strong>Le Coll\u00e8ge ArboR\u00e9Sens,<\/strong> c\u2019est<\/h1>\n\n\n\n<p class=\"has-text-align-left has-text-color has-pontano-sans-font-family\" style=\"color:#000000;margin-top:20px;margin-bottom:20px;font-size:clamp(14px, 0.875rem + ((1vw - 3.2px) * 0.455), 18px);font-style:normal;font-weight:400;line-height:1.5\"><\/p>\n\n\n\n<div class=\"wp-block-group has-medium-font-size has-global-padding is-layout-constrained wp-block-group-is-layout-constrained\">\n<div class=\"wp-block-group has-global-padding is-layout-constrained wp-block-group-is-layout-constrained\">\n<div class=\"wp-block-group has-global-padding is-layout-constrained wp-block-group-is-layout-constrained\">\n<div class=\"wp-block-group alignwide has-global-padding is-layout-constrained wp-block-group-is-layout-constrained\">\n<div class=\"wp-block-group has-global-padding is-layout-constrained wp-block-group-is-layout-constrained\">\n<div class=\"wp-block-group has-prata-regular-font-family has-global-padding is-layout-constrained wp-block-group-is-layout-constrained\" style=\"font-size:clamp(14px, 0.875rem + ((1vw - 3.2px) * 0.568), 19px);\">\n<ul style=\"font-size:clamp(14px, 0.875rem + ((1vw - 3.2px) * 0.568), 19px);\" class=\"wp-block-list has-prata-regular-font-family\">\n<li>une<strong>&nbsp;\u00e9quipe \u00e9ducative ouverte, comp\u00e9tente, passionn\u00e9e&nbsp;<\/strong>et&nbsp;<strong>attach\u00e9e au bien-\u00eatre des \u00e9l\u00e8ves<\/strong><\/li>\n<\/ul>\n\n\n\n<ul style=\"font-size:clamp(14px, 0.875rem + ((1vw - 3.2px) * 0.568), 19px);\" class=\"wp-block-list has-prata-regular-font-family\">\n<li>un coll\u00e8ge alternatif dans lequel la&nbsp;<strong>nature et les arts<\/strong> occupent une&nbsp;<strong>grande place<\/strong><\/li>\n<\/ul>\n\n\n\n<ul style=\"font-size:clamp(14px, 0.875rem + ((1vw - 3.2px) * 0.568), 19px);\" class=\"wp-block-list has-prata-regular-font-family\">\n<li>un coll\u00e8ge&nbsp;<strong>inclusif&nbsp;<\/strong>pour<strong>&nbsp;accueillir des enfants&nbsp;<\/strong>parfois<strong>&nbsp;diff\u00e9rents<\/strong><\/li>\n<\/ul>\n\n\n\n<ul style=\"font-size:clamp(14px, 0.875rem + ((1vw - 3.2px) * 0.568), 19px);\" class=\"wp-block-list has-prata-regular-font-family\">\n<li>un&nbsp;<strong>enseignement riche&nbsp;<\/strong>et de&nbsp;<strong>qualit\u00e9, adapt\u00e9&nbsp;<\/strong>\u00e0 chaque enfant<\/li>\n<\/ul>\n\n\n\n<ul style=\"font-size:clamp(14px, 0.875rem + ((1vw - 3.2px) * 0.568), 19px);\" class=\"wp-block-list has-prata-regular-font-family\">\n<li style=\"font-size:clamp(14px, 0.875rem + ((1vw - 3.2px) * 0.568), 19px);\">une&nbsp;<strong>ouverture vers l\u2019ext\u00e9rieur<\/strong>, \u00e0 travers diff\u00e9rents<strong>&nbsp;partenariats,&nbsp;<\/strong>et un&nbsp;<strong>lien fort avec les parents<\/strong>.<\/li>\n<\/ul>\n<\/div>\n<\/div>\n<\/div>\n<\/div>\n<\/div>\n<\/div>\n<\/div>\n<\/div>\n<\/section>\n\n\n\n<div class=\"wp-block-cover alignfull is-light\" style=\"padding-top:6rem;padding-bottom:6rem\"><span aria-hidden=\"true\" class=\"wp-block-cover__background has-background-dim-10 has-background-dim\" style=\"background-color:#e27013\"><\/span><div class=\"wp-block-cover__inner-container has-global-padding is-layout-constrained wp-container-core-cover-is-layout-5cbdda46 wp-block-cover-is-layout-constrained\">\n<h2 class=\"wp-block-heading has-text-align-center has-text-color has-link-color has-suranna-font-family wp-elements-9bab0f377d87a30d0754fcc55cbc0062\" style=\"color:#000000;font-size:clamp(24.034px, 1.502rem + ((1vw - 3.2px) * 1.814), 40px);font-style:normal;font-weight:500;letter-spacing:1px\">Voyage au coeur d&#8217;ArboR\u00e9Sens<\/h2>\n\n\n\n<h2 class=\"wp-block-heading has-text-align-center has-text-color has-link-color wp-elements-0e3a6a41f643c5a62412d45e3cfb60bd\" style=\"color:#000000;font-size:clamp(14.642px, 0.915rem + ((1vw - 3.2px) * 0.836), 22px);\"><strong>Les p\u00e9dagogies actives et de projet, en quelques mots<\/strong><\/h2>\n\n\n\n<figure class=\"wp-block-image alignleft size-large is-resized has-custom-border\"><img decoding=\"async\" width=\"576\" height=\"1024\" src=\"http:\/\/collegearboresens.fr\/wp-content\/uploads\/2025\/07\/IMG_6113-576x1024.jpeg\" alt=\"\" class=\"wp-image-1154\" style=\"border-radius:30px;width:361px;height:auto\" srcset=\"https:\/\/collegearboresens.fr\/wp-content\/uploads\/2025\/07\/IMG_6113-576x1024.jpeg 576w, https:\/\/collegearboresens.fr\/wp-content\/uploads\/2025\/07\/IMG_6113-169x300.jpeg 169w, https:\/\/collegearboresens.fr\/wp-content\/uploads\/2025\/07\/IMG_6113-768x1365.jpeg 768w, https:\/\/collegearboresens.fr\/wp-content\/uploads\/2025\/07\/IMG_6113-864x1536.jpeg 864w, https:\/\/collegearboresens.fr\/wp-content\/uploads\/2025\/07\/IMG_6113-1152x2048.jpeg 1152w, https:\/\/collegearboresens.fr\/wp-content\/uploads\/2025\/07\/IMG_6113-scaled.jpeg 1440w\" sizes=\"(max-width: 576px) 100vw, 576px\" \/><\/figure>\n\n\n\n<p><\/p>\n\n\n\n<div class=\"wp-block-group has-global-padding is-layout-constrained wp-block-group-is-layout-constrained\">\n<div class=\"wp-block-group has-prata-regular-font-family has-global-padding is-layout-constrained wp-block-group-is-layout-constrained\" style=\"font-size:clamp(14px, 0.875rem + ((1vw - 3.2px) * 0.568), 19px);\">\n<div class=\"wp-block-group has-global-padding is-layout-constrained wp-block-group-is-layout-constrained\">\n<div class=\"wp-block-group has-global-padding is-layout-constrained wp-block-group-is-layout-constrained\" style=\"font-size:clamp(14px, 0.875rem + ((1vw - 3.2px) * 0.568), 19px);\">\n<p>Inspir\u00e9es de la p\u00e9dagogie Freinet, elles rendent les \u00e9l\u00e8ves acteurs de leurs apprentissages en les invitant \u00e0 chercher, \u00e0 apprendre par eux-m\u00eames et \u00e0 devenir autonomes.<\/p>\n\n\n\n<p>A travers diff\u00e9rentes activit\u00e9s, et notamment des projets interdisciplinaires, les enfants sont amen\u00e9s \u00e0 exp\u00e9rimenter et \u00e0 d\u00e9velopper leur curiosit\u00e9 et leur cr\u00e9ativit\u00e9 via l\u2019expression libre.&nbsp;<\/p>\n\n\n\n<p>Ils sont amen\u00e9s \u00e0 partager leurs connaissances et \u00e0 utiliser leurs comp\u00e9tences pour s\u2019entraider. Le travail de groupe est ainsi privil\u00e9gi\u00e9.<\/p>\n\n\n\n<p>Les&nbsp;activit\u00e9s \u00e9labor\u00e9es par l\u2019enseignant peuvent s\u2019inscrire :<\/p>\n\n\n\n<ul class=\"wp-block-list\">\n<li>dans&nbsp;<strong>la coop\u00e9ration<\/strong>, c\u2019est-\u00e0-dire une distribution des t\u00e2ches au sein du groupe en fonction des comp\u00e9tences de chacun. Chaque \u00e9l\u00e8ve doit pouvoir se sentir responsabilis\u00e9 et valoris\u00e9.<\/li>\n\n\n\n<li>dans&nbsp;<strong>la collaboration<\/strong>, c\u2019est-\u00e0-dire l\u2019accomplissement \u00e0 plusieurs d\u2019une m\u00eame t\u00e2che pour aboutir \u00e0 une production commune dans laquelle chacun se sera impliqu\u00e9.<\/li>\n<\/ul>\n\n\n\n<p class=\"has-text-align-left has-text-color has-pontano-sans-font-family\" style=\"color:#010101;margin-top:20px;margin-bottom:20px;font-size:clamp(14px, 0.875rem + ((1vw - 3.2px) * 0.568), 19px);font-style:normal;font-weight:400;line-height:1.5\">Un journal de classe, un jardin partag\u00e9, un carnet de voyages, un sentier botanique, autant de projets qui pourront notamment \u00eatre construits sur cette base au sein du coll\u00e8ge ArboR\u00e9Sens.&nbsp;<\/p>\n<\/div>\n<\/div>\n<\/div>\n<\/div>\n<\/div><\/div>\n\n\n\n<section class=\"wp-block-group alignfull has-global-padding is-layout-constrained wp-container-core-group-is-layout-8202059b wp-block-group-is-layout-constrained\" style=\"margin-top:0px;padding-top:6rem;padding-right:1rem;padding-bottom:6rem;padding-left:1rem;font-size:clamp(0.875rem, 0.875rem + ((1vw - 0.2rem) * 0.464), 1.13rem);font-style:normal;font-weight:400;line-height:1.4\">\n<div class=\"wp-block-columns is-layout-flex wp-container-core-columns-is-layout-03ad6a19 wp-block-columns-is-layout-flex\" style=\"margin-bottom:0px\">\n<div class=\"wp-block-column is-vertically-aligned-center has-global-padding is-layout-constrained wp-container-core-column-is-layout-c4a7d96a wp-block-column-is-layout-constrained\" style=\"flex-basis:50%\">\n<h2 class=\"wp-block-heading has-text-align-left has-text-color has-suranna-font-family\" style=\"color:#010101;margin-top:0.5rem;margin-bottom:0rem;font-size:clamp(24.034px, 1.502rem + ((1vw - 3.2px) * 1.814), 40px);font-style:normal;font-weight:500;letter-spacing:0px;line-height:1.3\">Nos principes directeurs<\/h2>\n\n\n\n<p class=\"has-text-align-left has-text-color has-prata-regular-font-family\" style=\"color:#010101;margin-top:20px;margin-bottom:20px;font-size:clamp(14px, 0.875rem + ((1vw - 3.2px) * 0.568), 19px);font-style:normal;font-weight:400;line-height:1.5\">Au Coll\u00e8ge ArboR\u00e9Sens, nous nous appuyons sur des principes qui fa\u00e7onnent l\u2019exp\u00e9rience. Nous croyons au respect de la nature, au d\u00e9veloppement de la curiosit\u00e9 et au renforcement du travail en \u00e9quipe. Chaque enfant est encourag\u00e9 \u00e0 explorer sa cr\u00e9ativit\u00e9 et son individualit\u00e9, ce qui favorise un sentiment d&#8217;appartenance. La s\u00e9curit\u00e9 est notre priorit\u00e9 absolue. Nous veillons \u00e0 ce que l&#8217;environnement soit \u00e0 la fois amusant et s\u00fbr pour tous. Nous mettons \u00e9galement l&#8217;accent sur la bienveillance, en apprenant aux enfants \u00e0 se soutenir les uns les autres et \u00e0 construire des amiti\u00e9s durables. En adoptant ces principes, nous cr\u00e9ons une communaut\u00e9 dynamique o\u00f9 les enfants s&#8217;\u00e9panouissent, apprennent et grandissent ensemble en harmonie avec la nature.<\/p>\n\n\n\n<p class=\"has-text-align-left has-text-color has-pontano-sans-font-family\" style=\"color:#010101;margin-top:20px;margin-bottom:20px;font-size:clamp(14px, 0.875rem + ((1vw - 3.2px) * 0.455), 18px);font-style:normal;font-weight:400;line-height:1.5\"><\/p>\n<\/div>\n\n\n\n<div class=\"wp-block-column is-vertically-aligned-center is-layout-flow wp-block-column-is-layout-flow\" style=\"flex-basis:50%\">\n<figure class=\"wp-block-image alignright size-full has-custom-border\"><img loading=\"lazy\" decoding=\"async\" width=\"2560\" height=\"1440\" src=\"http:\/\/collegearboresens.fr\/wp-content\/uploads\/2025\/06\/IMG_5799-2-scaled.jpeg\" alt=\"\" class=\"has-border-color has-tertiary-border-color wp-image-213\" style=\"border-width:1px;aspect-ratio:1;object-fit:cover\" srcset=\"https:\/\/collegearboresens.fr\/wp-content\/uploads\/2025\/06\/IMG_5799-2-scaled.jpeg 2560w, https:\/\/collegearboresens.fr\/wp-content\/uploads\/2025\/06\/IMG_5799-2-300x169.jpeg 300w, https:\/\/collegearboresens.fr\/wp-content\/uploads\/2025\/06\/IMG_5799-2-1024x576.jpeg 1024w, https:\/\/collegearboresens.fr\/wp-content\/uploads\/2025\/06\/IMG_5799-2-768x432.jpeg 768w, https:\/\/collegearboresens.fr\/wp-content\/uploads\/2025\/06\/IMG_5799-2-1536x864.jpeg 1536w, https:\/\/collegearboresens.fr\/wp-content\/uploads\/2025\/06\/IMG_5799-2-2048x1152.jpeg 2048w\" sizes=\"(max-width: 2560px) 100vw, 2560px\" \/><\/figure>\n<\/div>\n<\/div>\n<\/section>\n\n\n\n<section class=\"wp-block-cover alignfull\" style=\"margin-top:0px;padding-top:1.01rem;padding-bottom:1.01rem;min-height:430px;aspect-ratio:unset;\"><img loading=\"lazy\" decoding=\"async\" width=\"1024\" height=\"682\" class=\"wp-block-cover__image-background wp-image-200 size-large\" alt=\"\" src=\"http:\/\/collegearboresens.fr\/wp-content\/uploads\/2025\/06\/sheets-4553035_1280-1024x682.jpg\" data-object-fit=\"cover\" srcset=\"https:\/\/collegearboresens.fr\/wp-content\/uploads\/2025\/06\/sheets-4553035_1280-1024x682.jpg 1024w, https:\/\/collegearboresens.fr\/wp-content\/uploads\/2025\/06\/sheets-4553035_1280-300x200.jpg 300w, https:\/\/collegearboresens.fr\/wp-content\/uploads\/2025\/06\/sheets-4553035_1280-768x512.jpg 768w, https:\/\/collegearboresens.fr\/wp-content\/uploads\/2025\/06\/sheets-4553035_1280.jpg 1280w\" sizes=\"(max-width: 1024px) 100vw, 1024px\" \/><span aria-hidden=\"true\" class=\"wp-block-cover__background has-background-dim-20 has-background-dim\" style=\"background-color:#000405\"><\/span><div class=\"wp-block-cover__inner-container has-global-padding is-layout-constrained wp-container-core-cover-is-layout-b1bebcb3 wp-block-cover-is-layout-constrained\">\n<div class=\"wp-block-group has-text-color is-layout-flow wp-block-group-is-layout-flow\" style=\"color:#fffffd;margin-top:0px;padding-top:0rem;padding-right:1rem;padding-bottom:0rem;padding-left:1rem;font-size:clamp(0.875rem, 0.875rem + ((1vw - 0.2rem) * 0.464), 1.13rem);font-style:normal;font-weight:400;line-height:1.4\">\n<div class=\"wp-block-group has-global-padding is-layout-constrained wp-container-core-group-is-layout-bdbfdc43 wp-block-group-is-layout-constrained\">\n<p class=\"has-text-align-center has-text-color\" style=\"color:#fffffd;margin-bottom:0rem;font-size:clamp(1.25rem, 1.25rem + ((1vw - 0.2rem) * 1.364), 2rem);font-style:normal;font-weight:400;line-height:1.2\"><strong>Creativity is intelligence having fun<\/strong>.<\/p>\n\n\n\n<p class=\"has-text-align-center\" style=\"font-size:clamp(1.25rem, 1.25rem + ((1vw - 0.2rem) * 1.364), 2rem);\"><strong>La cr\u00e9ativit\u00e9, c&#8217;est l&#8217;intelligence qui s&#8217;amuse.<\/strong><\/p>\n\n\n\n<p class=\"has-text-align-right\" style=\"font-size:clamp(1.25rem, 1.25rem + ((1vw - 0.2rem) * 1.364), 2rem);\"><strong>Albert Einstein<\/strong><\/p>\n<\/div>\n<\/div>\n<\/div><\/section>\n\n\n\n<p><\/p>\n","protected":false},"excerpt":{"rendered":"<p>Le Coll\u00e8ge ArboR\u00e9Sens, c\u2019est Nos principes directeurs Au Coll\u00e8ge ArboR\u00e9Sens, nous nous appuyons sur des principes qui fa\u00e7onnent l\u2019exp\u00e9rience. Nous croyons au respect de la nature, au d\u00e9veloppement de la curiosit\u00e9 et au renforcement du travail en \u00e9quipe. Chaque enfant est encourag\u00e9 \u00e0 explorer sa cr\u00e9ativit\u00e9 et son individualit\u00e9, ce qui favorise un sentiment d&#8217;appartenance. [&hellip;]<\/p>\n","protected":false},"author":1,"featured_media":0,"parent":0,"menu_order":0,"comment_status":"closed","ping_status":"closed","template":"","meta":{"footnotes":""},"class_list":["post-155","page","type-page","status-publish","hentry"],"yoast_head":"<!-- This site is optimized with the Yoast SEO plugin v25.4 - https:\/\/yoast.com\/wordpress\/plugins\/seo\/ -->\n<title>Le coll\u00e8ge - Coll\u00e8ge ArboR\u00e9Sens<\/title>\n<meta name=\"description\" content=\"Fonctionnement et principes du coll\u00e8ge alternatif\" \/>\n<meta name=\"robots\" content=\"index, follow, max-snippet:-1, max-image-preview:large, max-video-preview:-1\" \/>\n<link rel=\"canonical\" href=\"https:\/\/collegearboresens.fr\/index.php\/a-propos\/\" \/>\n<meta property=\"og:locale\" content=\"en_US\" \/>\n<meta property=\"og:type\" content=\"article\" \/>\n<meta property=\"og:title\" content=\"Le coll\u00e8ge - Coll\u00e8ge ArboR\u00e9Sens\" \/>\n<meta property=\"og:description\" content=\"Fonctionnement et principes du coll\u00e8ge alternatif\" \/>\n<meta property=\"og:url\" content=\"https:\/\/collegearboresens.fr\/index.php\/a-propos\/\" \/>\n<meta property=\"og:site_name\" content=\"Coll\u00e8ge ArboR\u00e9Sens\" \/>\n<meta property=\"article:modified_time\" content=\"2025-07-06T13:04:03+00:00\" \/>\n<meta property=\"og:image\" content=\"https:\/\/collegearboresens.fr\/wp-content\/uploads\/2025\/06\/tree-4610745_1280.jpg\" \/>\n\t<meta property=\"og:image:width\" content=\"1280\" \/>\n\t<meta property=\"og:image:height\" content=\"853\" \/>\n\t<meta property=\"og:image:type\" content=\"image\/jpeg\" \/>\n<meta name=\"twitter:card\" content=\"summary_large_image\" \/>\n<meta name=\"twitter:label1\" content=\"Est. reading time\" \/>\n\t<meta name=\"twitter:data1\" content=\"3 minutes\" \/>\n<script type=\"application\/ld+json\" class=\"yoast-schema-graph\">{\"@context\":\"https:\/\/schema.org\",\"@graph\":[{\"@type\":\"WebPage\",\"@id\":\"https:\/\/collegearboresens.fr\/index.php\/a-propos\/\",\"url\":\"https:\/\/collegearboresens.fr\/index.php\/a-propos\/\",\"name\":\"Le coll\u00e8ge - Coll\u00e8ge ArboR\u00e9Sens\",\"isPartOf\":{\"@id\":\"https:\/\/collegearboresens.fr\/#website\"},\"primaryImageOfPage\":{\"@id\":\"https:\/\/collegearboresens.fr\/index.php\/a-propos\/#primaryimage\"},\"image\":{\"@id\":\"https:\/\/collegearboresens.fr\/index.php\/a-propos\/#primaryimage\"},\"thumbnailUrl\":\"http:\/\/collegearboresens.fr\/wp-content\/uploads\/2025\/06\/tree-4610745_1280-1024x682.jpg\",\"datePublished\":\"2025-06-16T11:56:14+00:00\",\"dateModified\":\"2025-07-06T13:04:03+00:00\",\"description\":\"Fonctionnement et principes du coll\u00e8ge alternatif\",\"breadcrumb\":{\"@id\":\"https:\/\/collegearboresens.fr\/index.php\/a-propos\/#breadcrumb\"},\"inLanguage\":\"en-US\",\"potentialAction\":[{\"@type\":\"ReadAction\",\"target\":[\"https:\/\/collegearboresens.fr\/index.php\/a-propos\/\"]}]},{\"@type\":\"ImageObject\",\"inLanguage\":\"en-US\",\"@id\":\"https:\/\/collegearboresens.fr\/index.php\/a-propos\/#primaryimage\",\"url\":\"https:\/\/collegearboresens.fr\/wp-content\/uploads\/2025\/06\/tree-4610745_1280.jpg\",\"contentUrl\":\"https:\/\/collegearboresens.fr\/wp-content\/uploads\/2025\/06\/tree-4610745_1280.jpg\",\"width\":1280,\"height\":853},{\"@type\":\"BreadcrumbList\",\"@id\":\"https:\/\/collegearboresens.fr\/index.php\/a-propos\/#breadcrumb\",\"itemListElement\":[{\"@type\":\"ListItem\",\"position\":1,\"name\":\"Accueil\",\"item\":\"https:\/\/collegearboresens.fr\/\"},{\"@type\":\"ListItem\",\"position\":2,\"name\":\"Le coll\u00e8ge\"}]},{\"@type\":\"WebSite\",\"@id\":\"https:\/\/collegearboresens.fr\/#website\",\"url\":\"https:\/\/collegearboresens.fr\/\",\"name\":\"Coll\u00e8ge ArboR\u00e9Sens\",\"description\":\"Nature, arts et culture\",\"publisher\":{\"@id\":\"https:\/\/collegearboresens.fr\/#organization\"},\"potentialAction\":[{\"@type\":\"SearchAction\",\"target\":{\"@type\":\"EntryPoint\",\"urlTemplate\":\"https:\/\/collegearboresens.fr\/?s={search_term_string}\"},\"query-input\":{\"@type\":\"PropertyValueSpecification\",\"valueRequired\":true,\"valueName\":\"search_term_string\"}}],\"inLanguage\":\"en-US\"},{\"@type\":\"Organization\",\"@id\":\"https:\/\/collegearboresens.fr\/#organization\",\"name\":\"Coll\u00e8ge ArboR\u00e9Sens\",\"url\":\"https:\/\/collegearboresens.fr\/\",\"logo\":{\"@type\":\"ImageObject\",\"inLanguage\":\"en-US\",\"@id\":\"https:\/\/collegearboresens.fr\/#\/schema\/logo\/image\/\",\"url\":\"https:\/\/collegearboresens.fr\/wp-content\/uploads\/2025\/06\/logo-ArboReSens-College-large-2025.jpg\",\"contentUrl\":\"https:\/\/collegearboresens.fr\/wp-content\/uploads\/2025\/06\/logo-ArboReSens-College-large-2025.jpg\",\"width\":1228,\"height\":1346,\"caption\":\"Coll\u00e8ge ArboR\u00e9Sens\"},\"image\":{\"@id\":\"https:\/\/collegearboresens.fr\/#\/schema\/logo\/image\/\"},\"sameAs\":[\"https:\/\/www.instagram.com\/college_arboresens\/?igsh=cmZ4bGx1bGljMGc5\"]}]}<\/script>\n<!-- \/ Yoast SEO plugin. -->","yoast_head_json":{"title":"Le coll\u00e8ge - Coll\u00e8ge ArboR\u00e9Sens","description":"Fonctionnement et principes du coll\u00e8ge alternatif","robots":{"index":"index","follow":"follow","max-snippet":"max-snippet:-1","max-image-preview":"max-image-preview:large","max-video-preview":"max-video-preview:-1"},"canonical":"https:\/\/collegearboresens.fr\/index.php\/a-propos\/","og_locale":"en_US","og_type":"article","og_title":"Le coll\u00e8ge - Coll\u00e8ge ArboR\u00e9Sens","og_description":"Fonctionnement et principes du coll\u00e8ge alternatif","og_url":"https:\/\/collegearboresens.fr\/index.php\/a-propos\/","og_site_name":"Coll\u00e8ge ArboR\u00e9Sens","article_modified_time":"2025-07-06T13:04:03+00:00","og_image":[{"width":1280,"height":853,"url":"https:\/\/collegearboresens.fr\/wp-content\/uploads\/2025\/06\/tree-4610745_1280.jpg","type":"image\/jpeg"}],"twitter_card":"summary_large_image","twitter_misc":{"Est. reading time":"3 minutes"},"schema":{"@context":"https:\/\/schema.org","@graph":[{"@type":"WebPage","@id":"https:\/\/collegearboresens.fr\/index.php\/a-propos\/","url":"https:\/\/collegearboresens.fr\/index.php\/a-propos\/","name":"Le coll\u00e8ge - Coll\u00e8ge ArboR\u00e9Sens","isPartOf":{"@id":"https:\/\/collegearboresens.fr\/#website"},"primaryImageOfPage":{"@id":"https:\/\/collegearboresens.fr\/index.php\/a-propos\/#primaryimage"},"image":{"@id":"https:\/\/collegearboresens.fr\/index.php\/a-propos\/#primaryimage"},"thumbnailUrl":"http:\/\/collegearboresens.fr\/wp-content\/uploads\/2025\/06\/tree-4610745_1280-1024x682.jpg","datePublished":"2025-06-16T11:56:14+00:00","dateModified":"2025-07-06T13:04:03+00:00","description":"Fonctionnement et principes du coll\u00e8ge alternatif","breadcrumb":{"@id":"https:\/\/collegearboresens.fr\/index.php\/a-propos\/#breadcrumb"},"inLanguage":"en-US","potentialAction":[{"@type":"ReadAction","target":["https:\/\/collegearboresens.fr\/index.php\/a-propos\/"]}]},{"@type":"ImageObject","inLanguage":"en-US","@id":"https:\/\/collegearboresens.fr\/index.php\/a-propos\/#primaryimage","url":"https:\/\/collegearboresens.fr\/wp-content\/uploads\/2025\/06\/tree-4610745_1280.jpg","contentUrl":"https:\/\/collegearboresens.fr\/wp-content\/uploads\/2025\/06\/tree-4610745_1280.jpg","width":1280,"height":853},{"@type":"BreadcrumbList","@id":"https:\/\/collegearboresens.fr\/index.php\/a-propos\/#breadcrumb","itemListElement":[{"@type":"ListItem","position":1,"name":"Accueil","item":"https:\/\/collegearboresens.fr\/"},{"@type":"ListItem","position":2,"name":"Le coll\u00e8ge"}]},{"@type":"WebSite","@id":"https:\/\/collegearboresens.fr\/#website","url":"https:\/\/collegearboresens.fr\/","name":"Coll\u00e8ge ArboR\u00e9Sens","description":"Nature, arts et culture","publisher":{"@id":"https:\/\/collegearboresens.fr\/#organization"},"potentialAction":[{"@type":"SearchAction","target":{"@type":"EntryPoint","urlTemplate":"https:\/\/collegearboresens.fr\/?s={search_term_string}"},"query-input":{"@type":"PropertyValueSpecification","valueRequired":true,"valueName":"search_term_string"}}],"inLanguage":"en-US"},{"@type":"Organization","@id":"https:\/\/collegearboresens.fr\/#organization","name":"Coll\u00e8ge ArboR\u00e9Sens","url":"https:\/\/collegearboresens.fr\/","logo":{"@type":"ImageObject","inLanguage":"en-US","@id":"https:\/\/collegearboresens.fr\/#\/schema\/logo\/image\/","url":"https:\/\/collegearboresens.fr\/wp-content\/uploads\/2025\/06\/logo-ArboReSens-College-large-2025.jpg","contentUrl":"https:\/\/collegearboresens.fr\/wp-content\/uploads\/2025\/06\/logo-ArboReSens-College-large-2025.jpg","width":1228,"height":1346,"caption":"Coll\u00e8ge ArboR\u00e9Sens"},"image":{"@id":"https:\/\/collegearboresens.fr\/#\/schema\/logo\/image\/"},"sameAs":["https:\/\/www.instagram.com\/college_arboresens\/?igsh=cmZ4bGx1bGljMGc5"]}]}},"_links":{"self":[{"href":"https:\/\/collegearboresens.fr\/index.php\/wp-json\/wp\/v2\/pages\/155","targetHints":{"allow":["GET"]}}],"collection":[{"href":"https:\/\/collegearboresens.fr\/index.php\/wp-json\/wp\/v2\/pages"}],"about":[{"href":"https:\/\/collegearboresens.fr\/index.php\/wp-json\/wp\/v2\/types\/page"}],"author":[{"embeddable":true,"href":"https:\/\/collegearboresens.fr\/index.php\/wp-json\/wp\/v2\/users\/1"}],"replies":[{"embeddable":true,"href":"https:\/\/collegearboresens.fr\/index.php\/wp-json\/wp\/v2\/comments?post=155"}],"version-history":[{"count":56,"href":"https:\/\/collegearboresens.fr\/index.php\/wp-json\/wp\/v2\/pages\/155\/revisions"}],"predecessor-version":[{"id":1194,"href":"https:\/\/collegearboresens.fr\/index.php\/wp-json\/wp\/v2\/pages\/155\/revisions\/1194"}],"wp:attachment":[{"href":"https:\/\/collegearboresens.fr\/index.php\/wp-json\/wp\/v2\/media?parent=155"}],"curies":[{"name":"wp","href":"https:\/\/api.w.org\/{rel}","templated":true}]}}