{"id":158,"date":"2025-06-16T13:58:47","date_gmt":"2025-06-16T11:58:47","guid":{"rendered":"http:\/\/collegearboresens.fr\/?page_id=158"},"modified":"2025-07-04T15:48:41","modified_gmt":"2025-07-04T13:48:41","slug":"lassociation","status":"publish","type":"page","link":"https:\/\/collegearboresens.fr\/index.php\/lassociation\/","title":{"rendered":"L&#8217;association"},"content":{"rendered":"\n<div class=\"wp-block-cover alignfull\" style=\"margin-top:0;margin-bottom:0;padding-top:0px;padding-bottom:80px;min-height:300px;aspect-ratio:unset;\"><img fetchpriority=\"high\" decoding=\"async\" width=\"1024\" height=\"768\" class=\"wp-block-cover__image-background wp-image-335 size-large\" alt=\"\" src=\"http:\/\/collegearboresens.fr\/wp-content\/uploads\/2025\/06\/aldo-houtkamp-6PK2XslIhj0-unsplash-1024x768.jpg\" style=\"object-position:55% 58%\" data-object-fit=\"cover\" data-object-position=\"55% 58%\" srcset=\"https:\/\/collegearboresens.fr\/wp-content\/uploads\/2025\/06\/aldo-houtkamp-6PK2XslIhj0-unsplash-1024x768.jpg 1024w, https:\/\/collegearboresens.fr\/wp-content\/uploads\/2025\/06\/aldo-houtkamp-6PK2XslIhj0-unsplash-300x225.jpg 300w, https:\/\/collegearboresens.fr\/wp-content\/uploads\/2025\/06\/aldo-houtkamp-6PK2XslIhj0-unsplash-768x576.jpg 768w, https:\/\/collegearboresens.fr\/wp-content\/uploads\/2025\/06\/aldo-houtkamp-6PK2XslIhj0-unsplash-1536x1152.jpg 1536w, https:\/\/collegearboresens.fr\/wp-content\/uploads\/2025\/06\/aldo-houtkamp-6PK2XslIhj0-unsplash.jpg 1920w\" sizes=\"(max-width: 1024px) 100vw, 1024px\" \/><span aria-hidden=\"true\" class=\"wp-block-cover__background has-background-dim-10 has-background-dim\" style=\"background-color:#331e07\"><\/span><div class=\"wp-block-cover__inner-container has-global-padding is-layout-constrained wp-container-core-cover-is-layout-d4c6b484 wp-block-cover-is-layout-constrained\">\n<div style=\"height:150px\" aria-hidden=\"true\" class=\"wp-block-spacer\"><\/div>\n\n\n\n<h1 class=\"wp-block-heading has-text-align-center has-text-color has-link-color has-suranna-font-family wp-elements-8c41136219870690056231578c75f648\" style=\"color:#ffffff;font-size:clamp(38.682px, 2.418rem + ((1vw - 3.2px) * 3.786), 72px);font-style:normal;font-weight:500\">L&#8217;association<\/h1>\n<\/div><\/div>\n\n\n\n<div class=\"wp-block-group alignfull has-global-padding is-layout-constrained wp-container-core-group-is-layout-4383d167 wp-block-group-is-layout-constrained\">\n<div class=\"wp-block-group alignwide is-vertical is-layout-flex wp-container-core-group-is-layout-13f5e039 wp-block-group-is-layout-flex\" style=\"margin-top:0;margin-bottom:0;padding-top:100px;padding-bottom:100px\">\n<div class=\"wp-block-columns is-layout-flex wp-container-core-columns-is-layout-92515837 wp-block-columns-is-layout-flex\">\n<div class=\"wp-block-column is-layout-flow wp-block-column-is-layout-flow\">\n<figure class=\"wp-block-image aligncenter size-full is-resized\"><img decoding=\"async\" width=\"1228\" height=\"1311\" src=\"http:\/\/collegearboresens.fr\/wp-content\/uploads\/2025\/06\/logo-ArboReSens-Association1-20252.jpg\" alt=\"\" class=\"wp-image-237\" style=\"width:407px;height:auto\" srcset=\"https:\/\/collegearboresens.fr\/wp-content\/uploads\/2025\/06\/logo-ArboReSens-Association1-20252.jpg 1228w, https:\/\/collegearboresens.fr\/wp-content\/uploads\/2025\/06\/logo-ArboReSens-Association1-20252-281x300.jpg 281w, https:\/\/collegearboresens.fr\/wp-content\/uploads\/2025\/06\/logo-ArboReSens-Association1-20252-959x1024.jpg 959w, https:\/\/collegearboresens.fr\/wp-content\/uploads\/2025\/06\/logo-ArboReSens-Association1-20252-768x820.jpg 768w\" sizes=\"(max-width: 1228px) 100vw, 1228px\" \/><\/figure>\n\n\n\n<p><\/p>\n\n\n\n<p><\/p>\n\n\n\n<p><\/p>\n\n\n\n<p><\/p>\n\n\n\n<p><\/p>\n\n\n\n<p><\/p>\n<\/div>\n\n\n\n<div class=\"wp-block-column is-vertically-aligned-center has-global-padding is-content-justification-left is-layout-constrained wp-container-core-column-is-layout-12dd3699 wp-block-column-is-layout-constrained\" style=\"font-size:clamp(14px, 0.875rem + ((1vw - 3.2px) * 0.455), 18px);\">\n<h3 class=\"wp-block-heading has-text-align-left has-text-color has-suranna-font-family\" style=\"color:#000000;margin-top:0.5rem;margin-bottom:0rem;font-size:clamp(24.034px, 1.502rem + ((1vw - 3.2px) * 1.814), 40px);font-style:normal;font-weight:500;letter-spacing:0px;line-height:1.3\">Le projet et les membres fondateurs<\/h3>\n\n\n\n<hr class=\"wp-block-separator has-alpha-channel-opacity\"\/>\n\n\n\n<p class=\"has-text-color has-link-color has-pontano-sans-font-family wp-elements-273143047727436f5d32239d753468cb\" style=\"color:#000000;font-size:clamp(14px, 0.875rem + ((1vw - 3.2px) * 0.455), 18px);\"><strong>L\u2019Association ArboR\u00e9Sens<\/strong><\/p>\n\n\n\n<p>En septembre 2019, l\u2019\u00e9cole primaire Les DEux MAINS a ouvert ses portes sur la commune de la Douze aux Versannes. Cr\u00e9\u00e9e \u00e0 l\u2019initiative de l\u2019association Expression Libre, dont les membres fondateurs sont des parents et des personnes impliqu\u00e9es dans le tissu associatif local, il paraissait naturel de poursuivre le projet au niveau du coll\u00e8ge. Ainsi est n\u00e9e l\u2019association ArboR\u00e9Sens en f\u00e9vrier 2025, qui porte le projet du Coll\u00e8ge ArboR\u00e9Sens, \u00e9tablissement secondaire associatif et alternatif.&nbsp;<\/p>\n\n\n\n<p>Cette association a notamment pour objet de :<\/p>\n\n\n\n<ul class=\"wp-block-list\">\n<li class=\"has-prata-regular-font-family\">g\u00e9n\u00e9rer des projets li\u00e9s \u00e0 une r\u00e9flexion autour de l&#8217;\u00e9ducation populaire et la\u00efque ;<\/li>\n\n\n\n<li class=\"has-prata-regular-font-family\" style=\"font-size:clamp(14px, 0.875rem + ((1vw - 3.2px) * 0.455), 18px);\">cr\u00e9er, porter, d\u00e9velopper et p\u00e9renniser une structure de coll\u00e8ge \u00e0 p\u00e9dagogies plurielles multiples et ouvert \u00e0 son environnement naturel et humain ;<\/li>\n\n\n\n<li class=\"has-prata-regular-font-family\">d\u00e9velopper ou int\u00e9grer tout projet favorisant les \u00e9changes interg\u00e9n\u00e9rationnels et la relation avec le vivant.<\/li>\n<\/ul>\n\n\n\n<p class=\"has-prata-regular-font-family\">Les fondateurs, Sophie Mondher, Leslie Queyrol et R\u00e9my Geneste, ont b\u00e9n\u00e9fici\u00e9 d\u2019un soutien constant et pr\u00e9cieux du maire de la commune de Journiac, Jean-Louis Teulet, et de l\u2019ensemble du conseil municipal pour mener \u00e0 bien cette aventure et faire revivre l\u2019\u00e9cole primaire ferm\u00e9e depuis quatre ans. Les locaux de l\u2019ancienne \u00e9cole ont \u00e9t\u00e9 r\u00e9nov\u00e9s et mis aux normes par la municipalit\u00e9 et avec la participation active de parents d\u2019\u00e9l\u00e8ves, afin d\u2019accueillir les \u00e9l\u00e8ves en septembre 2025.&nbsp;<\/p>\n\n\n\n<p>Outre la gestion du coll\u00e8ge,&nbsp; le conseil d&#8217;administration de l\u2019association, nomm\u00e9 en Assembl\u00e9e G\u00e9n\u00e9rale, sera charg\u00e9 d&#8217;identifier&nbsp; et mettre en oeuvre, avec l\u2019aide de b\u00e9n\u00e9voles (parents d\u2019\u00e9l\u00e8ves, habitants de la commune)&nbsp; toutes les activit\u00e9s qui permettront de cr\u00e9er du lien entre le coll\u00e8ge et le territoire , de dynamiser la vie associative et p\u00e9renniser la situation \u00e9conomique de celle-ci.&nbsp;<\/p>\n\n\n\n<p>Il pourra s\u2019agir de :&nbsp;<\/p>\n\n\n\n<ul class=\"wp-block-list\">\n<li class=\"has-prata-regular-font-family\" style=\"font-size:clamp(14px, 0.875rem + ((1vw - 3.2px) * 0.455), 18px);\">&nbsp;la cr\u00e9ation d\u2019ateliers d\u2019apprentissage ou de d\u00e9veloppement de connaissances dans des domaines divers , ouverts \u00e0 tous<\/li>\n\n\n\n<li class=\"has-prata-regular-font-family\" style=\"font-size:clamp(14px, 0.875rem + ((1vw - 3.2px) * 0.455), 18px);\">l\u2019organisation d&#8217;\u00e9v\u00e8nements musicaux ou culturels&nbsp;<\/li>\n\n\n\n<li class=\"has-prata-regular-font-family\" style=\"font-size:clamp(14px, 0.875rem + ((1vw - 3.2px) * 0.455), 18px);\">la mise en place d\u2019activit\u00e9s en lien avec la nature&nbsp;<\/li>\n\n\n\n<li class=\"has-prata-regular-font-family\" style=\"font-size:clamp(14px, 0.875rem + ((1vw - 3.2px) * 0.455), 18px);\">&nbsp;La mise en place d\u2019\u00e9v\u00e8nements locaux&nbsp;<\/li>\n\n\n\n<li class=\"has-prata-regular-font-family\" style=\"font-size:clamp(14px, 0.875rem + ((1vw - 3.2px) * 0.455), 18px);\">Communication et diffusion de la vie associative<\/li>\n\n\n\n<li class=\"has-prata-regular-font-family\" style=\"font-size:clamp(14px, 0.875rem + ((1vw - 3.2px) * 0.455), 18px);\">Rechercher des financements et du m\u00e9c\u00e9nat&nbsp;<\/li>\n<\/ul>\n\n\n\n<p><\/p>\n\n\n\n<div class=\"wp-block-buttons is-horizontal is-content-justification-left is-layout-flex wp-container-core-buttons-is-layout-324fa30b wp-block-buttons-is-layout-flex\" style=\"margin-top:20px\">\n<div class=\"wp-block-button has-custom-width wp-block-button__width-50 is-style-fill\"><a class=\"wp-block-button__link has-text-color has-background has-pontano-sans-font-family has-custom-font-size wp-element-button\" href=\"https:\/\/www.helloasso.com\/associations\/college-arboresens\" style=\"border-style:none;border-width:0px;border-radius:0rem;color:#fffffd;background-color:#a8661f;padding-top:0.71rem;padding-right:0.31rem;padding-bottom:0.71rem;padding-left:0.31rem;font-size:clamp(0.875rem, 0.875rem + ((1vw - 0.2rem) * 0.245), 1.01rem);font-style:normal;font-weight:600;letter-spacing:1px;line-height:1.5;text-transform:uppercase\" target=\"_blank\" rel=\"noreferrer noopener\">Adh\u00e9rer \u00e0 l&#8217;association<\/a><\/div>\n<\/div>\n<\/div>\n<\/div>\n<\/div>\n<\/div>\n\n\n\n<p><\/p>\n\n\n\n<p><\/p>\n\n\n\n<div class=\"wp-block-group alignfull has-global-padding is-layout-constrained wp-container-core-group-is-layout-4383d167 wp-block-group-is-layout-constrained\">\n<div class=\"wp-block-group alignwide has-global-padding is-layout-constrained wp-container-core-group-is-layout-1be1424c wp-block-group-is-layout-constrained\" style=\"margin-top:0;margin-bottom:0;padding-bottom:100px\">\n<p><\/p>\n\n\n\n<div class=\"wp-block-columns is-layout-flex wp-container-core-columns-is-layout-92515837 wp-block-columns-is-layout-flex\">\n<div class=\"wp-block-column is-vertically-aligned-center has-global-padding is-content-justification-left is-layout-constrained wp-container-core-column-is-layout-12dd3699 wp-block-column-is-layout-constrained\">\n<h3 class=\"wp-block-heading alignfull has-text-align-center has-text-color has-suranna-font-family\" style=\"color:#000000;margin-top:0.5rem;margin-bottom:0rem;font-size:clamp(24.034px, 1.502rem + ((1vw - 3.2px) * 1.814), 40px);font-style:normal;font-weight:500;letter-spacing:0px;line-height:1.3\">Les membres de l&#8217;association<\/h3>\n\n\n\n<hr class=\"wp-block-separator aligncenter has-alpha-channel-opacity\"\/>\n<\/div>\n<\/div>\n<\/div>\n<\/div>\n\n\n\n<figure class=\"wp-block-image alignwide size-large\"><img decoding=\"async\" width=\"1024\" height=\"576\" src=\"http:\/\/collegearboresens.fr\/wp-content\/uploads\/2025\/06\/Membres-de-lassociation.png-1024x576.png\" alt=\"\" class=\"wp-image-947\" srcset=\"https:\/\/collegearboresens.fr\/wp-content\/uploads\/2025\/06\/Membres-de-lassociation.png-1024x576.png 1024w, https:\/\/collegearboresens.fr\/wp-content\/uploads\/2025\/06\/Membres-de-lassociation.png-300x169.png 300w, https:\/\/collegearboresens.fr\/wp-content\/uploads\/2025\/06\/Membres-de-lassociation.png-768x432.png 768w, https:\/\/collegearboresens.fr\/wp-content\/uploads\/2025\/06\/Membres-de-lassociation.png.png 1366w\" sizes=\"(max-width: 1024px) 100vw, 1024px\" \/><\/figure>\n\n\n\n<p class=\"has-text-align-right has-text-color has-link-color has-prata-regular-font-family wp-elements-7333fbd5620126e669e8dce23d14b59f\" style=\"color:#14620d\"><strong>L&#8217; association ArboR\u00e9Sens<\/strong><\/p>\n\n\n\n<p><\/p>\n\n\n\n<p><\/p>\n\n\n\n<p><\/p>\n\n\n\n<section class=\"wp-block-cover alignfull\" style=\"margin-top:0px;padding-top:1.01rem;padding-bottom:1.01rem;min-height:430px;aspect-ratio:unset;\"><img loading=\"lazy\" decoding=\"async\" width=\"1024\" height=\"682\" class=\"wp-block-cover__image-background wp-image-199 size-large\" alt=\"\" src=\"http:\/\/collegearboresens.fr\/wp-content\/uploads\/2025\/06\/cotoneaster-9246059_1280-1024x682.jpg\" data-object-fit=\"cover\" srcset=\"https:\/\/collegearboresens.fr\/wp-content\/uploads\/2025\/06\/cotoneaster-9246059_1280-1024x682.jpg 1024w, https:\/\/collegearboresens.fr\/wp-content\/uploads\/2025\/06\/cotoneaster-9246059_1280-300x200.jpg 300w, https:\/\/collegearboresens.fr\/wp-content\/uploads\/2025\/06\/cotoneaster-9246059_1280-768x512.jpg 768w, https:\/\/collegearboresens.fr\/wp-content\/uploads\/2025\/06\/cotoneaster-9246059_1280.jpg 1280w\" sizes=\"(max-width: 1024px) 100vw, 1024px\" \/><span aria-hidden=\"true\" class=\"wp-block-cover__background has-background-dim-30 has-background-dim\" style=\"background-color:#021a20\"><\/span><div class=\"wp-block-cover__inner-container has-global-padding is-layout-constrained wp-container-core-cover-is-layout-b1bebcb3 wp-block-cover-is-layout-constrained\">\n<div class=\"wp-block-group has-text-color is-layout-flow wp-block-group-is-layout-flow\" style=\"color:#fffffd;margin-top:0px;padding-top:0rem;padding-right:1rem;padding-bottom:0rem;padding-left:1rem;font-size:clamp(0.875rem, 0.875rem + ((1vw - 0.2rem) * 0.464), 1.13rem);font-style:normal;font-weight:400;line-height:1.4\">\n<div class=\"wp-block-group has-global-padding is-layout-constrained wp-container-core-group-is-layout-bdbfdc43 wp-block-group-is-layout-constrained\">\n<p class=\"has-text-align-left has-text-color\" style=\"color:#fffffd;margin-bottom:0rem;font-size:clamp(1.146rem, 1.146rem + ((1vw - 0.2rem) * 1.189), 1.8rem);font-style:normal;font-weight:400;line-height:1.2\"><strong>The function of education is to teach one to think intensively and to think critically. Intelligence plus character &#8211; that is the goal of true education.<\/strong><\/p>\n\n\n\n<p style=\"font-size:clamp(1.146rem, 1.146rem + ((1vw - 0.2rem) * 1.189), 1.8rem);\"><strong>La fonction de l\u2019\u00e9ducation est d\u2019apprendre \u00e0 penser intens\u00e9ment et \u00e0 penser de mani\u00e8re critique. L\u2019intelligence plus le caract\u00e8re &#8211; c\u2019est le but de la v\u00e9ritable \u00e9ducation.<\/strong><\/p>\n\n\n\n<p class=\"has-text-align-right has-text-color\" style=\"color:#fffffd;margin-bottom:0rem;font-size:clamp(1.146rem, 1.146rem + ((1vw - 0.2rem) * 1.189), 1.8rem);font-style:normal;font-weight:400;line-height:1.2\"><strong>Martin Luther King, Jr.<\/strong><\/p>\n<\/div>\n<\/div>\n<\/div><\/section>\n\n\n\n<p><\/p>\n","protected":false},"excerpt":{"rendered":"<p>Le projet et les membres fondateurs L\u2019Association ArboR\u00e9Sens En septembre 2019, l\u2019\u00e9cole primaire Les DEux MAINS a ouvert ses portes sur la commune de la Douze aux Versannes. Cr\u00e9\u00e9e \u00e0 l\u2019initiative de l\u2019association Expression Libre, dont les membres fondateurs sont des parents et des personnes impliqu\u00e9es dans le tissu associatif local, il paraissait naturel de [&hellip;]<\/p>\n","protected":false},"author":1,"featured_media":0,"parent":0,"menu_order":0,"comment_status":"closed","ping_status":"closed","template":"","meta":{"footnotes":""},"class_list":["post-158","page","type-page","status-publish","hentry"],"yoast_head":"<!-- This site is optimized with the Yoast SEO plugin v25.4 - https:\/\/yoast.com\/wordpress\/plugins\/seo\/ -->\n<title>L&#039;association - Coll\u00e8ge ArboR\u00e9Sens<\/title>\n<meta name=\"description\" content=\"L&#039;Association Arboresens porte le projet du coll\u00e8ge alternatif Arboresens.\" \/>\n<meta name=\"robots\" content=\"index, follow, max-snippet:-1, max-image-preview:large, max-video-preview:-1\" \/>\n<link rel=\"canonical\" href=\"https:\/\/collegearboresens.fr\/index.php\/lassociation\/\" \/>\n<meta property=\"og:locale\" content=\"en_US\" \/>\n<meta property=\"og:type\" content=\"article\" \/>\n<meta property=\"og:title\" content=\"L&#039;association - Coll\u00e8ge ArboR\u00e9Sens\" \/>\n<meta property=\"og:description\" content=\"L&#039;Association Arboresens porte le projet du coll\u00e8ge alternatif Arboresens.\" \/>\n<meta property=\"og:url\" content=\"https:\/\/collegearboresens.fr\/index.php\/lassociation\/\" \/>\n<meta property=\"og:site_name\" content=\"Coll\u00e8ge ArboR\u00e9Sens\" \/>\n<meta property=\"article:modified_time\" content=\"2025-07-04T13:48:41+00:00\" \/>\n<meta property=\"og:image\" content=\"http:\/\/collegearboresens.fr\/wp-content\/uploads\/2025\/06\/aldo-houtkamp-6PK2XslIhj0-unsplash-1024x768.jpg\" \/>\n<meta name=\"twitter:card\" content=\"summary_large_image\" \/>\n<meta name=\"twitter:label1\" content=\"Est. reading time\" \/>\n\t<meta name=\"twitter:data1\" content=\"3 minutes\" \/>\n<script type=\"application\/ld+json\" class=\"yoast-schema-graph\">{\"@context\":\"https:\/\/schema.org\",\"@graph\":[{\"@type\":\"WebPage\",\"@id\":\"https:\/\/collegearboresens.fr\/index.php\/lassociation\/\",\"url\":\"https:\/\/collegearboresens.fr\/index.php\/lassociation\/\",\"name\":\"L'association - Coll\u00e8ge ArboR\u00e9Sens\",\"isPartOf\":{\"@id\":\"https:\/\/collegearboresens.fr\/#website\"},\"primaryImageOfPage\":{\"@id\":\"https:\/\/collegearboresens.fr\/index.php\/lassociation\/#primaryimage\"},\"image\":{\"@id\":\"https:\/\/collegearboresens.fr\/index.php\/lassociation\/#primaryimage\"},\"thumbnailUrl\":\"http:\/\/collegearboresens.fr\/wp-content\/uploads\/2025\/06\/aldo-houtkamp-6PK2XslIhj0-unsplash-1024x768.jpg\",\"datePublished\":\"2025-06-16T11:58:47+00:00\",\"dateModified\":\"2025-07-04T13:48:41+00:00\",\"description\":\"L'Association Arboresens porte le projet du coll\u00e8ge alternatif Arboresens.\",\"breadcrumb\":{\"@id\":\"https:\/\/collegearboresens.fr\/index.php\/lassociation\/#breadcrumb\"},\"inLanguage\":\"en-US\",\"potentialAction\":[{\"@type\":\"ReadAction\",\"target\":[\"https:\/\/collegearboresens.fr\/index.php\/lassociation\/\"]}]},{\"@type\":\"ImageObject\",\"inLanguage\":\"en-US\",\"@id\":\"https:\/\/collegearboresens.fr\/index.php\/lassociation\/#primaryimage\",\"url\":\"https:\/\/collegearboresens.fr\/wp-content\/uploads\/2025\/06\/aldo-houtkamp-6PK2XslIhj0-unsplash.jpg\",\"contentUrl\":\"https:\/\/collegearboresens.fr\/wp-content\/uploads\/2025\/06\/aldo-houtkamp-6PK2XslIhj0-unsplash.jpg\",\"width\":1920,\"height\":1440},{\"@type\":\"BreadcrumbList\",\"@id\":\"https:\/\/collegearboresens.fr\/index.php\/lassociation\/#breadcrumb\",\"itemListElement\":[{\"@type\":\"ListItem\",\"position\":1,\"name\":\"Accueil\",\"item\":\"https:\/\/collegearboresens.fr\/\"},{\"@type\":\"ListItem\",\"position\":2,\"name\":\"L&rsquo;association\"}]},{\"@type\":\"WebSite\",\"@id\":\"https:\/\/collegearboresens.fr\/#website\",\"url\":\"https:\/\/collegearboresens.fr\/\",\"name\":\"Coll\u00e8ge ArboR\u00e9Sens\",\"description\":\"Nature, arts et culture\",\"publisher\":{\"@id\":\"https:\/\/collegearboresens.fr\/#organization\"},\"potentialAction\":[{\"@type\":\"SearchAction\",\"target\":{\"@type\":\"EntryPoint\",\"urlTemplate\":\"https:\/\/collegearboresens.fr\/?s={search_term_string}\"},\"query-input\":{\"@type\":\"PropertyValueSpecification\",\"valueRequired\":true,\"valueName\":\"search_term_string\"}}],\"inLanguage\":\"en-US\"},{\"@type\":\"Organization\",\"@id\":\"https:\/\/collegearboresens.fr\/#organization\",\"name\":\"Coll\u00e8ge ArboR\u00e9Sens\",\"url\":\"https:\/\/collegearboresens.fr\/\",\"logo\":{\"@type\":\"ImageObject\",\"inLanguage\":\"en-US\",\"@id\":\"https:\/\/collegearboresens.fr\/#\/schema\/logo\/image\/\",\"url\":\"https:\/\/collegearboresens.fr\/wp-content\/uploads\/2025\/06\/logo-ArboReSens-College-large-2025.jpg\",\"contentUrl\":\"https:\/\/collegearboresens.fr\/wp-content\/uploads\/2025\/06\/logo-ArboReSens-College-large-2025.jpg\",\"width\":1228,\"height\":1346,\"caption\":\"Coll\u00e8ge ArboR\u00e9Sens\"},\"image\":{\"@id\":\"https:\/\/collegearboresens.fr\/#\/schema\/logo\/image\/\"},\"sameAs\":[\"https:\/\/www.instagram.com\/college_arboresens\/?igsh=cmZ4bGx1bGljMGc5\"]}]}<\/script>\n<!-- \/ Yoast SEO plugin. -->","yoast_head_json":{"title":"L'association - Coll\u00e8ge ArboR\u00e9Sens","description":"L'Association Arboresens porte le projet du coll\u00e8ge alternatif Arboresens.","robots":{"index":"index","follow":"follow","max-snippet":"max-snippet:-1","max-image-preview":"max-image-preview:large","max-video-preview":"max-video-preview:-1"},"canonical":"https:\/\/collegearboresens.fr\/index.php\/lassociation\/","og_locale":"en_US","og_type":"article","og_title":"L'association - Coll\u00e8ge ArboR\u00e9Sens","og_description":"L'Association Arboresens porte le projet du coll\u00e8ge alternatif Arboresens.","og_url":"https:\/\/collegearboresens.fr\/index.php\/lassociation\/","og_site_name":"Coll\u00e8ge ArboR\u00e9Sens","article_modified_time":"2025-07-04T13:48:41+00:00","og_image":[{"url":"http:\/\/collegearboresens.fr\/wp-content\/uploads\/2025\/06\/aldo-houtkamp-6PK2XslIhj0-unsplash-1024x768.jpg","type":"","width":"","height":""}],"twitter_card":"summary_large_image","twitter_misc":{"Est. reading time":"3 minutes"},"schema":{"@context":"https:\/\/schema.org","@graph":[{"@type":"WebPage","@id":"https:\/\/collegearboresens.fr\/index.php\/lassociation\/","url":"https:\/\/collegearboresens.fr\/index.php\/lassociation\/","name":"L'association - Coll\u00e8ge ArboR\u00e9Sens","isPartOf":{"@id":"https:\/\/collegearboresens.fr\/#website"},"primaryImageOfPage":{"@id":"https:\/\/collegearboresens.fr\/index.php\/lassociation\/#primaryimage"},"image":{"@id":"https:\/\/collegearboresens.fr\/index.php\/lassociation\/#primaryimage"},"thumbnailUrl":"http:\/\/collegearboresens.fr\/wp-content\/uploads\/2025\/06\/aldo-houtkamp-6PK2XslIhj0-unsplash-1024x768.jpg","datePublished":"2025-06-16T11:58:47+00:00","dateModified":"2025-07-04T13:48:41+00:00","description":"L'Association Arboresens porte le projet du coll\u00e8ge alternatif Arboresens.","breadcrumb":{"@id":"https:\/\/collegearboresens.fr\/index.php\/lassociation\/#breadcrumb"},"inLanguage":"en-US","potentialAction":[{"@type":"ReadAction","target":["https:\/\/collegearboresens.fr\/index.php\/lassociation\/"]}]},{"@type":"ImageObject","inLanguage":"en-US","@id":"https:\/\/collegearboresens.fr\/index.php\/lassociation\/#primaryimage","url":"https:\/\/collegearboresens.fr\/wp-content\/uploads\/2025\/06\/aldo-houtkamp-6PK2XslIhj0-unsplash.jpg","contentUrl":"https:\/\/collegearboresens.fr\/wp-content\/uploads\/2025\/06\/aldo-houtkamp-6PK2XslIhj0-unsplash.jpg","width":1920,"height":1440},{"@type":"BreadcrumbList","@id":"https:\/\/collegearboresens.fr\/index.php\/lassociation\/#breadcrumb","itemListElement":[{"@type":"ListItem","position":1,"name":"Accueil","item":"https:\/\/collegearboresens.fr\/"},{"@type":"ListItem","position":2,"name":"L&rsquo;association"}]},{"@type":"WebSite","@id":"https:\/\/collegearboresens.fr\/#website","url":"https:\/\/collegearboresens.fr\/","name":"Coll\u00e8ge ArboR\u00e9Sens","description":"Nature, arts et culture","publisher":{"@id":"https:\/\/collegearboresens.fr\/#organization"},"potentialAction":[{"@type":"SearchAction","target":{"@type":"EntryPoint","urlTemplate":"https:\/\/collegearboresens.fr\/?s={search_term_string}"},"query-input":{"@type":"PropertyValueSpecification","valueRequired":true,"valueName":"search_term_string"}}],"inLanguage":"en-US"},{"@type":"Organization","@id":"https:\/\/collegearboresens.fr\/#organization","name":"Coll\u00e8ge ArboR\u00e9Sens","url":"https:\/\/collegearboresens.fr\/","logo":{"@type":"ImageObject","inLanguage":"en-US","@id":"https:\/\/collegearboresens.fr\/#\/schema\/logo\/image\/","url":"https:\/\/collegearboresens.fr\/wp-content\/uploads\/2025\/06\/logo-ArboReSens-College-large-2025.jpg","contentUrl":"https:\/\/collegearboresens.fr\/wp-content\/uploads\/2025\/06\/logo-ArboReSens-College-large-2025.jpg","width":1228,"height":1346,"caption":"Coll\u00e8ge ArboR\u00e9Sens"},"image":{"@id":"https:\/\/collegearboresens.fr\/#\/schema\/logo\/image\/"},"sameAs":["https:\/\/www.instagram.com\/college_arboresens\/?igsh=cmZ4bGx1bGljMGc5"]}]}},"_links":{"self":[{"href":"https:\/\/collegearboresens.fr\/index.php\/wp-json\/wp\/v2\/pages\/158","targetHints":{"allow":["GET"]}}],"collection":[{"href":"https:\/\/collegearboresens.fr\/index.php\/wp-json\/wp\/v2\/pages"}],"about":[{"href":"https:\/\/collegearboresens.fr\/index.php\/wp-json\/wp\/v2\/types\/page"}],"author":[{"embeddable":true,"href":"https:\/\/collegearboresens.fr\/index.php\/wp-json\/wp\/v2\/users\/1"}],"replies":[{"embeddable":true,"href":"https:\/\/collegearboresens.fr\/index.php\/wp-json\/wp\/v2\/comments?post=158"}],"version-history":[{"count":48,"href":"https:\/\/collegearboresens.fr\/index.php\/wp-json\/wp\/v2\/pages\/158\/revisions"}],"predecessor-version":[{"id":1130,"href":"https:\/\/collegearboresens.fr\/index.php\/wp-json\/wp\/v2\/pages\/158\/revisions\/1130"}],"wp:attachment":[{"href":"https:\/\/collegearboresens.fr\/index.php\/wp-json\/wp\/v2\/media?parent=158"}],"curies":[{"name":"wp","href":"https:\/\/api.w.org\/{rel}","templated":true}]}}