{"id":164,"date":"2025-06-16T13:59:29","date_gmt":"2025-06-16T11:59:29","guid":{"rendered":"http:\/\/collegearboresens.fr\/?page_id=164"},"modified":"2025-07-10T17:04:08","modified_gmt":"2025-07-10T15:04:08","slug":"nous-soutenir","status":"publish","type":"page","link":"https:\/\/collegearboresens.fr\/index.php\/nous-soutenir\/","title":{"rendered":"Nous soutenir"},"content":{"rendered":"\n<div class=\"wp-block-cover alignfull is-light\" style=\"margin-top:0;margin-bottom:0;padding-top:0px;padding-bottom:80px;min-height:300px;aspect-ratio:unset;\"><img fetchpriority=\"high\" decoding=\"async\" width=\"1024\" height=\"1015\" class=\"wp-block-cover__image-background wp-image-562 size-large\" alt=\"\" src=\"http:\/\/collegearboresens.fr\/wp-content\/uploads\/2025\/06\/pexels-alex-andrews-271121-894318-1024x1015.jpg\" style=\"object-position:52% 42%\" data-object-fit=\"cover\" data-object-position=\"52% 42%\" srcset=\"https:\/\/collegearboresens.fr\/wp-content\/uploads\/2025\/06\/pexels-alex-andrews-271121-894318-1024x1015.jpg 1024w, https:\/\/collegearboresens.fr\/wp-content\/uploads\/2025\/06\/pexels-alex-andrews-271121-894318-300x297.jpg 300w, https:\/\/collegearboresens.fr\/wp-content\/uploads\/2025\/06\/pexels-alex-andrews-271121-894318-150x150.jpg 150w, https:\/\/collegearboresens.fr\/wp-content\/uploads\/2025\/06\/pexels-alex-andrews-271121-894318-768x761.jpg 768w, https:\/\/collegearboresens.fr\/wp-content\/uploads\/2025\/06\/pexels-alex-andrews-271121-894318-1536x1522.jpg 1536w, https:\/\/collegearboresens.fr\/wp-content\/uploads\/2025\/06\/pexels-alex-andrews-271121-894318.jpg 1920w\" sizes=\"(max-width: 1024px) 100vw, 1024px\" \/><span aria-hidden=\"true\" class=\"wp-block-cover__background has-background-dim-10 has-background-dim\" style=\"background-color:#c2a07a\"><\/span><div class=\"wp-block-cover__inner-container has-global-padding is-layout-constrained wp-container-core-cover-is-layout-d4c6b484 wp-block-cover-is-layout-constrained\">\n<div style=\"height:150px\" aria-hidden=\"true\" class=\"wp-block-spacer\"><\/div>\n\n\n\n<h1 class=\"wp-block-heading has-text-align-center has-text-color has-link-color has-suranna-font-family wp-elements-f610e6b9f103d20bd59e14b9c6f38739\" style=\"color:#ffffff;font-size:clamp(38.682px, 2.418rem + ((1vw - 3.2px) * 3.786), 72px);font-style:normal;font-weight:500\">Nous soutenir<\/h1>\n<\/div><\/div>\n\n\n\n<div class=\"wp-block-group alignfull has-global-padding is-layout-constrained wp-container-core-group-is-layout-4383d167 wp-block-group-is-layout-constrained\">\n<div class=\"wp-block-group alignwide has-global-padding is-layout-constrained wp-container-core-group-is-layout-5ff8a92b wp-block-group-is-layout-constrained\" style=\"margin-top:0;margin-bottom:0;padding-top:100px;padding-bottom:100px\">\n<div class=\"wp-block-columns is-layout-flex wp-container-core-columns-is-layout-92515837 wp-block-columns-is-layout-flex\">\n<div class=\"wp-block-column is-layout-flow wp-block-column-is-layout-flow\">\n<figure class=\"wp-block-image alignleft size-full has-custom-border\"><img decoding=\"async\" width=\"1707\" height=\"2560\" src=\"http:\/\/collegearboresens.fr\/wp-content\/uploads\/2025\/06\/isaac-mehegan-sVRSQNPJMq4-unsplash-scaled.jpg\" alt=\"\" class=\"wp-image-540\" style=\"border-style:none;border-width:0px;border-radius:47px;aspect-ratio:4\/3;object-fit:cover\" srcset=\"https:\/\/collegearboresens.fr\/wp-content\/uploads\/2025\/06\/isaac-mehegan-sVRSQNPJMq4-unsplash-scaled.jpg 1707w, https:\/\/collegearboresens.fr\/wp-content\/uploads\/2025\/06\/isaac-mehegan-sVRSQNPJMq4-unsplash-200x300.jpg 200w, https:\/\/collegearboresens.fr\/wp-content\/uploads\/2025\/06\/isaac-mehegan-sVRSQNPJMq4-unsplash-683x1024.jpg 683w, https:\/\/collegearboresens.fr\/wp-content\/uploads\/2025\/06\/isaac-mehegan-sVRSQNPJMq4-unsplash-768x1152.jpg 768w, https:\/\/collegearboresens.fr\/wp-content\/uploads\/2025\/06\/isaac-mehegan-sVRSQNPJMq4-unsplash-1024x1536.jpg 1024w, https:\/\/collegearboresens.fr\/wp-content\/uploads\/2025\/06\/isaac-mehegan-sVRSQNPJMq4-unsplash-1365x2048.jpg 1365w\" sizes=\"(max-width: 1707px) 100vw, 1707px\" \/><\/figure>\n<\/div>\n\n\n\n<div class=\"wp-block-column is-vertically-aligned-center has-global-padding is-content-justification-left is-layout-constrained wp-container-core-column-is-layout-12dd3699 wp-block-column-is-layout-constrained\">\n<h3 class=\"wp-block-heading has-text-align-left has-text-color has-suranna-font-family\" style=\"color:#000000;margin-top:0.5rem;margin-bottom:0rem;font-size:clamp(24.034px, 1.502rem + ((1vw - 3.2px) * 1.814), 40px);font-style:normal;font-weight:500;letter-spacing:0px;line-height:1.3\"><strong>Donner, c\u2019est semer l\u2019avenir<\/strong><\/h3>\n\n\n\n<hr class=\"wp-block-separator has-alpha-channel-opacity\"\/>\n\n\n\n<p class=\"has-text-color has-link-color has-pontano-sans-font-family wp-elements-45e30c4fd82e4a5e49dec2a435d345ba\" style=\"color:#000000;font-size:clamp(14px, 0.875rem + ((1vw - 3.2px) * 0.455), 18px);\">Les parents adorent nos sessions d&#8217;apprentissage en plein air parce qu&#8217;ils voient leurs enfants s&#8217;\u00e9panouir ! \u00c0 chaque aventure, les enfants deviennent plus curieux et plus engag\u00e9s. C\u02bcest le moyen id\u00e9al de les aider \u00e0 grandir physiquement, mentalement et socialement. Les cours seront remplis de rires, d&#8217;explorations et de souvenirs inoubliables. <\/p>\n\n\n\n<div class=\"wp-block-buttons is-horizontal is-content-justification-left is-layout-flex wp-container-core-buttons-is-layout-324fa30b wp-block-buttons-is-layout-flex\" style=\"margin-top:20px\">\n<div class=\"wp-block-button has-custom-width wp-block-button__width-50 is-style-fill\"><a class=\"wp-block-button__link has-text-color has-background has-pontano-sans-font-family has-custom-font-size wp-element-button\" href=\"https:\/\/www.helloasso.com\/associations\/association-arboresens\/collectes\/ouverture-d-un-nouveau-college-a-journiac\" style=\"border-style:none;border-width:0px;border-radius:0rem;color:#fffffd;background-color:#9dc7d4;padding-top:0.71rem;padding-right:0.31rem;padding-bottom:0.71rem;padding-left:0.31rem;font-size:clamp(0.875rem, 0.875rem + ((1vw - 0.2rem) * 0.245), 1.01rem);font-style:normal;font-weight:600;letter-spacing:1px;line-height:1.5;text-transform:uppercase\" target=\"_blank\" rel=\"noreferrer noopener\">Faites un don<\/a><\/div>\n<\/div>\n<\/div>\n<\/div>\n<\/div>\n<\/div>\n\n\n\n<section class=\"wp-block-cover alignfull\" style=\"margin-top:0px;padding-top:1.01rem;padding-bottom:1.01rem;min-height:430px;aspect-ratio:unset;\"><img decoding=\"async\" width=\"1024\" height=\"683\" class=\"wp-block-cover__image-background wp-image-553 size-large\" alt=\"\" src=\"http:\/\/collegearboresens.fr\/wp-content\/uploads\/2025\/06\/naeem-ad-BjqEExaBGWU-unsplash-1024x683.jpg\" style=\"object-position:49% 49%\" data-object-fit=\"cover\" data-object-position=\"49% 49%\" srcset=\"https:\/\/collegearboresens.fr\/wp-content\/uploads\/2025\/06\/naeem-ad-BjqEExaBGWU-unsplash-1024x683.jpg 1024w, https:\/\/collegearboresens.fr\/wp-content\/uploads\/2025\/06\/naeem-ad-BjqEExaBGWU-unsplash-300x200.jpg 300w, https:\/\/collegearboresens.fr\/wp-content\/uploads\/2025\/06\/naeem-ad-BjqEExaBGWU-unsplash-768x512.jpg 768w, https:\/\/collegearboresens.fr\/wp-content\/uploads\/2025\/06\/naeem-ad-BjqEExaBGWU-unsplash-1536x1024.jpg 1536w, https:\/\/collegearboresens.fr\/wp-content\/uploads\/2025\/06\/naeem-ad-BjqEExaBGWU-unsplash.jpg 1920w\" sizes=\"(max-width: 1024px) 100vw, 1024px\" \/><span aria-hidden=\"true\" class=\"wp-block-cover__background has-black-background-color has-background-dim-20 has-background-dim\"><\/span><div class=\"wp-block-cover__inner-container has-global-padding is-layout-constrained wp-container-core-cover-is-layout-b1bebcb3 wp-block-cover-is-layout-constrained\">\n<div class=\"wp-block-group has-text-color is-layout-flow wp-block-group-is-layout-flow\" style=\"color:#fffffd;margin-top:0px;padding-top:0rem;padding-right:1rem;padding-bottom:0rem;padding-left:1rem;font-size:clamp(0.875rem, 0.875rem + ((1vw - 0.2rem) * 0.464), 1.13rem);font-style:normal;font-weight:400;line-height:1.4\">\n<div class=\"wp-block-group has-global-padding is-layout-constrained wp-container-core-group-is-layout-bdbfdc43 wp-block-group-is-layout-constrained\">\n<p class=\"has-text-align-left has-text-color\" style=\"color:#fffffd;margin-bottom:0rem;font-size:clamp(1.507rem, 1.507rem + ((1vw - 0.2rem) * 1.824), 2.51rem);font-style:normal;font-weight:400;line-height:1.2\"><strong>Your greatness is measured by your gifts, not your possessions.<\/strong><\/p>\n\n\n\n<p class=\"has-text-align-left\" style=\"font-size:clamp(1.507rem, 1.507rem + ((1vw - 0.2rem) * 1.824), 2.51rem);\"><strong>Votre grandeur est mesur\u00e9e par vos cadeaux, pas vos possessions.<\/strong><\/p>\n\n\n\n<p class=\"has-text-align-right has-text-color\" style=\"color:#fffffd;margin-bottom:0rem;font-size:clamp(1.507rem, 1.507rem + ((1vw - 0.2rem) * 1.824), 2.51rem);font-style:normal;font-weight:400;line-height:1.2\">Yogi Bhajan<\/p>\n<\/div>\n\n\n\n<div class=\"wp-block-group is-vertical is-content-justification-stretch is-layout-flex wp-container-core-group-is-layout-bfdebe91 wp-block-group-is-layout-flex\" style=\"margin-top:1.81rem;padding-right:0px;padding-left:0px\">\n<div class=\"wp-block-group has-global-padding is-content-justification-center is-layout-constrained wp-container-core-group-is-layout-2f0bcb29 wp-block-group-is-layout-constrained\" style=\"margin-top:0px\"><\/div>\n<\/div>\n<\/div>\n<\/div><\/section>\n\n\n\n\n\n<p><\/p>\n","protected":false},"excerpt":{"rendered":"<p>Donner, c\u2019est semer l\u2019avenir Les parents adorent nos sessions d&#8217;apprentissage en plein air parce qu&#8217;ils voient leurs enfants s&#8217;\u00e9panouir ! \u00c0 chaque aventure, les enfants deviennent plus curieux et plus engag\u00e9s. C\u02bcest le moyen id\u00e9al de les aider \u00e0 grandir physiquement, mentalement et socialement. Les cours seront remplis de rires, d&#8217;explorations et de souvenirs inoubliables.<\/p>\n","protected":false},"author":1,"featured_media":0,"parent":0,"menu_order":0,"comment_status":"closed","ping_status":"closed","template":"","meta":{"footnotes":""},"class_list":["post-164","page","type-page","status-publish","hentry"],"yoast_head":"<!-- This site is optimized with the Yoast SEO plugin v25.4 - https:\/\/yoast.com\/wordpress\/plugins\/seo\/ -->\n<title>Nous soutenir - Coll\u00e8ge ArboR\u00e9Sens<\/title>\n<meta name=\"description\" content=\"Soutenir le Coll\u00e8ge Arboresens et l&#039;association Arboresens.\" \/>\n<meta name=\"robots\" content=\"index, follow, max-snippet:-1, max-image-preview:large, max-video-preview:-1\" \/>\n<link rel=\"canonical\" href=\"https:\/\/collegearboresens.fr\/index.php\/nous-soutenir\/\" \/>\n<meta property=\"og:locale\" content=\"en_US\" \/>\n<meta property=\"og:type\" content=\"article\" \/>\n<meta property=\"og:title\" content=\"Nous soutenir - Coll\u00e8ge ArboR\u00e9Sens\" \/>\n<meta property=\"og:description\" content=\"Soutenir le Coll\u00e8ge Arboresens et l&#039;association Arboresens.\" \/>\n<meta property=\"og:url\" content=\"https:\/\/collegearboresens.fr\/index.php\/nous-soutenir\/\" \/>\n<meta property=\"og:site_name\" content=\"Coll\u00e8ge ArboR\u00e9Sens\" \/>\n<meta property=\"article:modified_time\" content=\"2025-07-10T15:04:08+00:00\" \/>\n<meta property=\"og:image\" content=\"https:\/\/collegearboresens.fr\/wp-content\/uploads\/2025\/06\/pexels-alex-andrews-271121-894318.jpg\" \/>\n\t<meta property=\"og:image:width\" content=\"1920\" \/>\n\t<meta property=\"og:image:height\" content=\"1903\" \/>\n\t<meta property=\"og:image:type\" content=\"image\/jpeg\" \/>\n<meta name=\"twitter:card\" content=\"summary_large_image\" \/>\n<meta name=\"twitter:label1\" content=\"Est. reading time\" \/>\n\t<meta name=\"twitter:data1\" content=\"2 minutes\" \/>\n<script type=\"application\/ld+json\" class=\"yoast-schema-graph\">{\"@context\":\"https:\/\/schema.org\",\"@graph\":[{\"@type\":\"WebPage\",\"@id\":\"https:\/\/collegearboresens.fr\/index.php\/nous-soutenir\/\",\"url\":\"https:\/\/collegearboresens.fr\/index.php\/nous-soutenir\/\",\"name\":\"Nous soutenir - Coll\u00e8ge ArboR\u00e9Sens\",\"isPartOf\":{\"@id\":\"https:\/\/collegearboresens.fr\/#website\"},\"primaryImageOfPage\":{\"@id\":\"https:\/\/collegearboresens.fr\/index.php\/nous-soutenir\/#primaryimage\"},\"image\":{\"@id\":\"https:\/\/collegearboresens.fr\/index.php\/nous-soutenir\/#primaryimage\"},\"thumbnailUrl\":\"http:\/\/collegearboresens.fr\/wp-content\/uploads\/2025\/06\/pexels-alex-andrews-271121-894318-1024x1015.jpg\",\"datePublished\":\"2025-06-16T11:59:29+00:00\",\"dateModified\":\"2025-07-10T15:04:08+00:00\",\"description\":\"Soutenir le Coll\u00e8ge Arboresens et l'association Arboresens.\",\"breadcrumb\":{\"@id\":\"https:\/\/collegearboresens.fr\/index.php\/nous-soutenir\/#breadcrumb\"},\"inLanguage\":\"en-US\",\"potentialAction\":[{\"@type\":\"ReadAction\",\"target\":[\"https:\/\/collegearboresens.fr\/index.php\/nous-soutenir\/\"]}]},{\"@type\":\"ImageObject\",\"inLanguage\":\"en-US\",\"@id\":\"https:\/\/collegearboresens.fr\/index.php\/nous-soutenir\/#primaryimage\",\"url\":\"https:\/\/collegearboresens.fr\/wp-content\/uploads\/2025\/06\/pexels-alex-andrews-271121-894318.jpg\",\"contentUrl\":\"https:\/\/collegearboresens.fr\/wp-content\/uploads\/2025\/06\/pexels-alex-andrews-271121-894318.jpg\",\"width\":1920,\"height\":1903},{\"@type\":\"BreadcrumbList\",\"@id\":\"https:\/\/collegearboresens.fr\/index.php\/nous-soutenir\/#breadcrumb\",\"itemListElement\":[{\"@type\":\"ListItem\",\"position\":1,\"name\":\"Accueil\",\"item\":\"https:\/\/collegearboresens.fr\/\"},{\"@type\":\"ListItem\",\"position\":2,\"name\":\"Nous soutenir\"}]},{\"@type\":\"WebSite\",\"@id\":\"https:\/\/collegearboresens.fr\/#website\",\"url\":\"https:\/\/collegearboresens.fr\/\",\"name\":\"Coll\u00e8ge ArboR\u00e9Sens\",\"description\":\"Nature, arts et culture\",\"publisher\":{\"@id\":\"https:\/\/collegearboresens.fr\/#organization\"},\"potentialAction\":[{\"@type\":\"SearchAction\",\"target\":{\"@type\":\"EntryPoint\",\"urlTemplate\":\"https:\/\/collegearboresens.fr\/?s={search_term_string}\"},\"query-input\":{\"@type\":\"PropertyValueSpecification\",\"valueRequired\":true,\"valueName\":\"search_term_string\"}}],\"inLanguage\":\"en-US\"},{\"@type\":\"Organization\",\"@id\":\"https:\/\/collegearboresens.fr\/#organization\",\"name\":\"Coll\u00e8ge ArboR\u00e9Sens\",\"url\":\"https:\/\/collegearboresens.fr\/\",\"logo\":{\"@type\":\"ImageObject\",\"inLanguage\":\"en-US\",\"@id\":\"https:\/\/collegearboresens.fr\/#\/schema\/logo\/image\/\",\"url\":\"https:\/\/collegearboresens.fr\/wp-content\/uploads\/2025\/06\/logo-ArboReSens-College-large-2025.jpg\",\"contentUrl\":\"https:\/\/collegearboresens.fr\/wp-content\/uploads\/2025\/06\/logo-ArboReSens-College-large-2025.jpg\",\"width\":1228,\"height\":1346,\"caption\":\"Coll\u00e8ge ArboR\u00e9Sens\"},\"image\":{\"@id\":\"https:\/\/collegearboresens.fr\/#\/schema\/logo\/image\/\"},\"sameAs\":[\"https:\/\/www.instagram.com\/college_arboresens\/?igsh=cmZ4bGx1bGljMGc5\"]}]}<\/script>\n<!-- \/ Yoast SEO plugin. -->","yoast_head_json":{"title":"Nous soutenir - Coll\u00e8ge ArboR\u00e9Sens","description":"Soutenir le Coll\u00e8ge Arboresens et l'association Arboresens.","robots":{"index":"index","follow":"follow","max-snippet":"max-snippet:-1","max-image-preview":"max-image-preview:large","max-video-preview":"max-video-preview:-1"},"canonical":"https:\/\/collegearboresens.fr\/index.php\/nous-soutenir\/","og_locale":"en_US","og_type":"article","og_title":"Nous soutenir - Coll\u00e8ge ArboR\u00e9Sens","og_description":"Soutenir le Coll\u00e8ge Arboresens et l'association Arboresens.","og_url":"https:\/\/collegearboresens.fr\/index.php\/nous-soutenir\/","og_site_name":"Coll\u00e8ge ArboR\u00e9Sens","article_modified_time":"2025-07-10T15:04:08+00:00","og_image":[{"width":1920,"height":1903,"url":"https:\/\/collegearboresens.fr\/wp-content\/uploads\/2025\/06\/pexels-alex-andrews-271121-894318.jpg","type":"image\/jpeg"}],"twitter_card":"summary_large_image","twitter_misc":{"Est. reading time":"2 minutes"},"schema":{"@context":"https:\/\/schema.org","@graph":[{"@type":"WebPage","@id":"https:\/\/collegearboresens.fr\/index.php\/nous-soutenir\/","url":"https:\/\/collegearboresens.fr\/index.php\/nous-soutenir\/","name":"Nous soutenir - Coll\u00e8ge ArboR\u00e9Sens","isPartOf":{"@id":"https:\/\/collegearboresens.fr\/#website"},"primaryImageOfPage":{"@id":"https:\/\/collegearboresens.fr\/index.php\/nous-soutenir\/#primaryimage"},"image":{"@id":"https:\/\/collegearboresens.fr\/index.php\/nous-soutenir\/#primaryimage"},"thumbnailUrl":"http:\/\/collegearboresens.fr\/wp-content\/uploads\/2025\/06\/pexels-alex-andrews-271121-894318-1024x1015.jpg","datePublished":"2025-06-16T11:59:29+00:00","dateModified":"2025-07-10T15:04:08+00:00","description":"Soutenir le Coll\u00e8ge Arboresens et l'association Arboresens.","breadcrumb":{"@id":"https:\/\/collegearboresens.fr\/index.php\/nous-soutenir\/#breadcrumb"},"inLanguage":"en-US","potentialAction":[{"@type":"ReadAction","target":["https:\/\/collegearboresens.fr\/index.php\/nous-soutenir\/"]}]},{"@type":"ImageObject","inLanguage":"en-US","@id":"https:\/\/collegearboresens.fr\/index.php\/nous-soutenir\/#primaryimage","url":"https:\/\/collegearboresens.fr\/wp-content\/uploads\/2025\/06\/pexels-alex-andrews-271121-894318.jpg","contentUrl":"https:\/\/collegearboresens.fr\/wp-content\/uploads\/2025\/06\/pexels-alex-andrews-271121-894318.jpg","width":1920,"height":1903},{"@type":"BreadcrumbList","@id":"https:\/\/collegearboresens.fr\/index.php\/nous-soutenir\/#breadcrumb","itemListElement":[{"@type":"ListItem","position":1,"name":"Accueil","item":"https:\/\/collegearboresens.fr\/"},{"@type":"ListItem","position":2,"name":"Nous soutenir"}]},{"@type":"WebSite","@id":"https:\/\/collegearboresens.fr\/#website","url":"https:\/\/collegearboresens.fr\/","name":"Coll\u00e8ge ArboR\u00e9Sens","description":"Nature, arts et culture","publisher":{"@id":"https:\/\/collegearboresens.fr\/#organization"},"potentialAction":[{"@type":"SearchAction","target":{"@type":"EntryPoint","urlTemplate":"https:\/\/collegearboresens.fr\/?s={search_term_string}"},"query-input":{"@type":"PropertyValueSpecification","valueRequired":true,"valueName":"search_term_string"}}],"inLanguage":"en-US"},{"@type":"Organization","@id":"https:\/\/collegearboresens.fr\/#organization","name":"Coll\u00e8ge ArboR\u00e9Sens","url":"https:\/\/collegearboresens.fr\/","logo":{"@type":"ImageObject","inLanguage":"en-US","@id":"https:\/\/collegearboresens.fr\/#\/schema\/logo\/image\/","url":"https:\/\/collegearboresens.fr\/wp-content\/uploads\/2025\/06\/logo-ArboReSens-College-large-2025.jpg","contentUrl":"https:\/\/collegearboresens.fr\/wp-content\/uploads\/2025\/06\/logo-ArboReSens-College-large-2025.jpg","width":1228,"height":1346,"caption":"Coll\u00e8ge ArboR\u00e9Sens"},"image":{"@id":"https:\/\/collegearboresens.fr\/#\/schema\/logo\/image\/"},"sameAs":["https:\/\/www.instagram.com\/college_arboresens\/?igsh=cmZ4bGx1bGljMGc5"]}]}},"_links":{"self":[{"href":"https:\/\/collegearboresens.fr\/index.php\/wp-json\/wp\/v2\/pages\/164","targetHints":{"allow":["GET"]}}],"collection":[{"href":"https:\/\/collegearboresens.fr\/index.php\/wp-json\/wp\/v2\/pages"}],"about":[{"href":"https:\/\/collegearboresens.fr\/index.php\/wp-json\/wp\/v2\/types\/page"}],"author":[{"embeddable":true,"href":"https:\/\/collegearboresens.fr\/index.php\/wp-json\/wp\/v2\/users\/1"}],"replies":[{"embeddable":true,"href":"https:\/\/collegearboresens.fr\/index.php\/wp-json\/wp\/v2\/comments?post=164"}],"version-history":[{"count":24,"href":"https:\/\/collegearboresens.fr\/index.php\/wp-json\/wp\/v2\/pages\/164\/revisions"}],"predecessor-version":[{"id":1225,"href":"https:\/\/collegearboresens.fr\/index.php\/wp-json\/wp\/v2\/pages\/164\/revisions\/1225"}],"wp:attachment":[{"href":"https:\/\/collegearboresens.fr\/index.php\/wp-json\/wp\/v2\/media?parent=164"}],"curies":[{"name":"wp","href":"https:\/\/api.w.org\/{rel}","templated":true}]}}