{"id":171,"date":"2025-06-16T14:03:00","date_gmt":"2025-06-16T12:03:00","guid":{"rendered":"http:\/\/collegearboresens.fr\/?page_id=171"},"modified":"2025-07-06T15:24:12","modified_gmt":"2025-07-06T13:24:12","slug":"situation-geographique","status":"publish","type":"page","link":"https:\/\/collegearboresens.fr\/index.php\/situation-geographique\/","title":{"rendered":"Situation g\u00e9ographique"},"content":{"rendered":"\n<div class=\"wp-block-cover alignfull\" style=\"margin-top:0;margin-bottom:0;padding-top:0px;padding-bottom:80px;min-height:300px;aspect-ratio:unset;\"><img fetchpriority=\"high\" decoding=\"async\" width=\"1024\" height=\"576\" class=\"wp-block-cover__image-background wp-image-336 size-large\" alt=\"\" src=\"http:\/\/collegearboresens.fr\/wp-content\/uploads\/2025\/06\/daniel-roberts-_QLgj8OJonQ-unsplash-1024x576.jpg\" data-object-fit=\"cover\" srcset=\"https:\/\/collegearboresens.fr\/wp-content\/uploads\/2025\/06\/daniel-roberts-_QLgj8OJonQ-unsplash-1024x576.jpg 1024w, https:\/\/collegearboresens.fr\/wp-content\/uploads\/2025\/06\/daniel-roberts-_QLgj8OJonQ-unsplash-300x169.jpg 300w, https:\/\/collegearboresens.fr\/wp-content\/uploads\/2025\/06\/daniel-roberts-_QLgj8OJonQ-unsplash-768x432.jpg 768w, https:\/\/collegearboresens.fr\/wp-content\/uploads\/2025\/06\/daniel-roberts-_QLgj8OJonQ-unsplash-1536x864.jpg 1536w, https:\/\/collegearboresens.fr\/wp-content\/uploads\/2025\/06\/daniel-roberts-_QLgj8OJonQ-unsplash.jpg 1920w\" sizes=\"(max-width: 1024px) 100vw, 1024px\" \/><span aria-hidden=\"true\" class=\"wp-block-cover__background has-background-dim-30 has-background-dim\" style=\"background-color:#563713\"><\/span><div class=\"wp-block-cover__inner-container has-global-padding is-layout-constrained wp-container-core-cover-is-layout-d4c6b484 wp-block-cover-is-layout-constrained\">\n<div style=\"height:150px\" aria-hidden=\"true\" class=\"wp-block-spacer\"><\/div>\n\n\n\n<h1 class=\"wp-block-heading has-text-align-center has-text-color has-link-color has-suranna-font-family wp-elements-e72ff5812d60c37ef5e9a5adbc60b21a\" style=\"color:#ffffff;font-size:clamp(38.682px, 2.418rem + ((1vw - 3.2px) * 3.786), 72px);font-style:normal;font-weight:500\">Situation g\u00e9ographique<\/h1>\n<\/div><\/div>\n\n\n\n<div class=\"wp-block-group alignwide has-global-padding is-layout-constrained wp-container-core-group-is-layout-81fb2944 wp-block-group-is-layout-constrained\" style=\"margin-top:0px;margin-bottom:0px;padding-top:80px;padding-bottom:80px\">\n<h1 class=\"wp-block-heading has-text-align-center has-large-font-size\"><strong>En Dordogne, au coeur d&#8217;un r\u00e9seau d&#8217;\u00e9coles primaires alternatives et associatives<\/strong><\/h1>\n\n\n\n<figure class=\"wp-block-image aligncenter size-large\"><img decoding=\"async\" width=\"1024\" height=\"670\" src=\"http:\/\/collegearboresens.fr\/wp-content\/uploads\/2025\/06\/7-2-1024x670.png\" alt=\"\" class=\"wp-image-220\" srcset=\"https:\/\/collegearboresens.fr\/wp-content\/uploads\/2025\/06\/7-2-1024x670.png 1024w, https:\/\/collegearboresens.fr\/wp-content\/uploads\/2025\/06\/7-2-300x196.png 300w, https:\/\/collegearboresens.fr\/wp-content\/uploads\/2025\/06\/7-2-768x503.png 768w, https:\/\/collegearboresens.fr\/wp-content\/uploads\/2025\/06\/7-2-1536x1005.png 1536w, https:\/\/collegearboresens.fr\/wp-content\/uploads\/2025\/06\/7-2.png 1626w\" sizes=\"(max-width: 1024px) 100vw, 1024px\" \/><\/figure>\n\n\n\n<div class=\"wp-block-group has-global-padding is-layout-constrained wp-block-group-is-layout-constrained\">\n<div class=\"wp-block-columns alignwide is-layout-flex wp-container-core-columns-is-layout-9cf8123d wp-block-columns-is-layout-flex\">\n<div class=\"wp-block-column is-vertically-aligned-center is-layout-flow wp-block-column-is-layout-flow\">\n<p><\/p>\n\n\n\n<p><\/p>\n\n\n\n<h2 class=\"wp-block-heading has-text-align-left has-prata-regular-font-family\" style=\"margin-bottom:20px;font-size:clamp(20.515px, 1.282rem + ((1vw - 3.2px) * 1.419), 33px);\"><strong>Le lieu<\/strong><\/h2>\n\n\n\n<iframe src=\"https:\/\/www.google.com\/maps\/embed?pb=!1m18!1m12!1m3!1d2822.9078389623182!2d0.8809218766080184!3d44.96586597107017!2m3!1f0!2f0!3f0!3m2!1i1024!2i768!4f13.1!3m3!1m2!1s0x12ab350c4e3ca8d3%3A0x126aa5d8eb485787!2s109%20Pl.%20St%20Saturnin%2C%2024260%20Journiac!5e0!3m2!1sfr!2sfr!4v1750341077307!5m2!1sfr!2sfr\" width=\"600\" height=\"450\" style=\"border:0;\" allowfullscreen=\"\" loading=\"lazy\" referrerpolicy=\"no-referrer-when-downgrade\">\n\n <!DOCTYPE html>\n\n<html>\n\n<head>\n#content {\n  text-align: center;\n}\n<\/head>\n<\/html>\n\n<\/iframe>\n<\/div>\n<\/div>\n<\/div>\n<\/div>\n\n\n\n<figure class=\"wp-block-image alignright size-large is-resized has-custom-border\"><img decoding=\"async\" width=\"1024\" height=\"576\" src=\"http:\/\/collegearboresens.fr\/wp-content\/uploads\/2025\/07\/IMG_6116-1024x576.jpeg\" alt=\"\" class=\"wp-image-1177\" style=\"border-radius:30px;aspect-ratio:1.3333333333333333;object-fit:cover;width:615px;height:auto\" srcset=\"https:\/\/collegearboresens.fr\/wp-content\/uploads\/2025\/07\/IMG_6116-1024x576.jpeg 1024w, https:\/\/collegearboresens.fr\/wp-content\/uploads\/2025\/07\/IMG_6116-300x169.jpeg 300w, https:\/\/collegearboresens.fr\/wp-content\/uploads\/2025\/07\/IMG_6116-768x432.jpeg 768w, https:\/\/collegearboresens.fr\/wp-content\/uploads\/2025\/07\/IMG_6116-1536x864.jpeg 1536w, https:\/\/collegearboresens.fr\/wp-content\/uploads\/2025\/07\/IMG_6116-2048x1152.jpeg 2048w\" sizes=\"(max-width: 1024px) 100vw, 1024px\" \/><\/figure>\n\n\n\n<figure class=\"wp-block-image alignleft size-large is-resized has-custom-border\"><img loading=\"lazy\" decoding=\"async\" width=\"1024\" height=\"576\" src=\"http:\/\/collegearboresens.fr\/wp-content\/uploads\/2025\/07\/IMG_6117-1024x576.jpeg\" alt=\"\" class=\"wp-image-1178\" style=\"border-radius:30px;aspect-ratio:1.3333333333333333;object-fit:cover;width:621px;height:auto\" srcset=\"https:\/\/collegearboresens.fr\/wp-content\/uploads\/2025\/07\/IMG_6117-1024x576.jpeg 1024w, https:\/\/collegearboresens.fr\/wp-content\/uploads\/2025\/07\/IMG_6117-300x169.jpeg 300w, https:\/\/collegearboresens.fr\/wp-content\/uploads\/2025\/07\/IMG_6117-768x432.jpeg 768w, https:\/\/collegearboresens.fr\/wp-content\/uploads\/2025\/07\/IMG_6117-1536x864.jpeg 1536w, https:\/\/collegearboresens.fr\/wp-content\/uploads\/2025\/07\/IMG_6117-2048x1152.jpeg 2048w\" sizes=\"(max-width: 1024px) 100vw, 1024px\" \/><\/figure>\n","protected":false},"excerpt":{"rendered":"<p>En Dordogne, au coeur d&#8217;un r\u00e9seau d&#8217;\u00e9coles primaires alternatives et associatives Le lieu #content { text-align: center; }<\/p>\n","protected":false},"author":1,"featured_media":0,"parent":0,"menu_order":0,"comment_status":"closed","ping_status":"closed","template":"","meta":{"footnotes":""},"class_list":["post-171","page","type-page","status-publish","hentry"],"yoast_head":"<!-- This site is optimized with the Yoast SEO plugin v25.4 - https:\/\/yoast.com\/wordpress\/plugins\/seo\/ -->\n<title>Situation g\u00e9ographique - Coll\u00e8ge ArboR\u00e9Sens<\/title>\n<meta name=\"description\" content=\"Le Coll\u00e8ge Arboresens de situe \u00e0 Journiac pr\u00e8s du Bugue, en Dordogne.\" \/>\n<meta name=\"robots\" content=\"index, follow, max-snippet:-1, max-image-preview:large, max-video-preview:-1\" \/>\n<link rel=\"canonical\" href=\"https:\/\/collegearboresens.fr\/index.php\/situation-geographique\/\" \/>\n<meta property=\"og:locale\" content=\"en_US\" \/>\n<meta property=\"og:type\" content=\"article\" \/>\n<meta property=\"og:title\" content=\"Situation g\u00e9ographique - Coll\u00e8ge ArboR\u00e9Sens\" \/>\n<meta property=\"og:description\" content=\"Le Coll\u00e8ge Arboresens de situe \u00e0 Journiac pr\u00e8s du Bugue, en Dordogne.\" \/>\n<meta property=\"og:url\" content=\"https:\/\/collegearboresens.fr\/index.php\/situation-geographique\/\" \/>\n<meta property=\"og:site_name\" content=\"Coll\u00e8ge ArboR\u00e9Sens\" \/>\n<meta property=\"article:modified_time\" content=\"2025-07-06T13:24:12+00:00\" \/>\n<meta property=\"og:image\" content=\"https:\/\/collegearboresens.fr\/wp-content\/uploads\/2025\/06\/daniel-roberts-_QLgj8OJonQ-unsplash.jpg\" \/>\n\t<meta property=\"og:image:width\" content=\"1920\" \/>\n\t<meta property=\"og:image:height\" content=\"1080\" \/>\n\t<meta property=\"og:image:type\" content=\"image\/jpeg\" \/>\n<meta name=\"twitter:card\" content=\"summary_large_image\" \/>\n<meta name=\"twitter:label1\" content=\"Est. reading time\" \/>\n\t<meta name=\"twitter:data1\" content=\"1 minute\" \/>\n<script type=\"application\/ld+json\" class=\"yoast-schema-graph\">{\"@context\":\"https:\/\/schema.org\",\"@graph\":[{\"@type\":\"WebPage\",\"@id\":\"https:\/\/collegearboresens.fr\/index.php\/situation-geographique\/\",\"url\":\"https:\/\/collegearboresens.fr\/index.php\/situation-geographique\/\",\"name\":\"Situation g\u00e9ographique - Coll\u00e8ge ArboR\u00e9Sens\",\"isPartOf\":{\"@id\":\"https:\/\/collegearboresens.fr\/#website\"},\"primaryImageOfPage\":{\"@id\":\"https:\/\/collegearboresens.fr\/index.php\/situation-geographique\/#primaryimage\"},\"image\":{\"@id\":\"https:\/\/collegearboresens.fr\/index.php\/situation-geographique\/#primaryimage\"},\"thumbnailUrl\":\"http:\/\/collegearboresens.fr\/wp-content\/uploads\/2025\/06\/daniel-roberts-_QLgj8OJonQ-unsplash-1024x576.jpg\",\"datePublished\":\"2025-06-16T12:03:00+00:00\",\"dateModified\":\"2025-07-06T13:24:12+00:00\",\"description\":\"Le Coll\u00e8ge Arboresens de situe \u00e0 Journiac pr\u00e8s du Bugue, en Dordogne.\",\"breadcrumb\":{\"@id\":\"https:\/\/collegearboresens.fr\/index.php\/situation-geographique\/#breadcrumb\"},\"inLanguage\":\"en-US\",\"potentialAction\":[{\"@type\":\"ReadAction\",\"target\":[\"https:\/\/collegearboresens.fr\/index.php\/situation-geographique\/\"]}]},{\"@type\":\"ImageObject\",\"inLanguage\":\"en-US\",\"@id\":\"https:\/\/collegearboresens.fr\/index.php\/situation-geographique\/#primaryimage\",\"url\":\"https:\/\/collegearboresens.fr\/wp-content\/uploads\/2025\/06\/daniel-roberts-_QLgj8OJonQ-unsplash.jpg\",\"contentUrl\":\"https:\/\/collegearboresens.fr\/wp-content\/uploads\/2025\/06\/daniel-roberts-_QLgj8OJonQ-unsplash.jpg\",\"width\":1920,\"height\":1080},{\"@type\":\"BreadcrumbList\",\"@id\":\"https:\/\/collegearboresens.fr\/index.php\/situation-geographique\/#breadcrumb\",\"itemListElement\":[{\"@type\":\"ListItem\",\"position\":1,\"name\":\"Accueil\",\"item\":\"https:\/\/collegearboresens.fr\/\"},{\"@type\":\"ListItem\",\"position\":2,\"name\":\"Situation g\u00e9ographique\"}]},{\"@type\":\"WebSite\",\"@id\":\"https:\/\/collegearboresens.fr\/#website\",\"url\":\"https:\/\/collegearboresens.fr\/\",\"name\":\"Coll\u00e8ge ArboR\u00e9Sens\",\"description\":\"Nature, arts et culture\",\"publisher\":{\"@id\":\"https:\/\/collegearboresens.fr\/#organization\"},\"potentialAction\":[{\"@type\":\"SearchAction\",\"target\":{\"@type\":\"EntryPoint\",\"urlTemplate\":\"https:\/\/collegearboresens.fr\/?s={search_term_string}\"},\"query-input\":{\"@type\":\"PropertyValueSpecification\",\"valueRequired\":true,\"valueName\":\"search_term_string\"}}],\"inLanguage\":\"en-US\"},{\"@type\":\"Organization\",\"@id\":\"https:\/\/collegearboresens.fr\/#organization\",\"name\":\"Coll\u00e8ge ArboR\u00e9Sens\",\"url\":\"https:\/\/collegearboresens.fr\/\",\"logo\":{\"@type\":\"ImageObject\",\"inLanguage\":\"en-US\",\"@id\":\"https:\/\/collegearboresens.fr\/#\/schema\/logo\/image\/\",\"url\":\"https:\/\/collegearboresens.fr\/wp-content\/uploads\/2025\/06\/logo-ArboReSens-College-large-2025.jpg\",\"contentUrl\":\"https:\/\/collegearboresens.fr\/wp-content\/uploads\/2025\/06\/logo-ArboReSens-College-large-2025.jpg\",\"width\":1228,\"height\":1346,\"caption\":\"Coll\u00e8ge ArboR\u00e9Sens\"},\"image\":{\"@id\":\"https:\/\/collegearboresens.fr\/#\/schema\/logo\/image\/\"},\"sameAs\":[\"https:\/\/www.instagram.com\/college_arboresens\/?igsh=cmZ4bGx1bGljMGc5\"]}]}<\/script>\n<!-- \/ Yoast SEO plugin. -->","yoast_head_json":{"title":"Situation g\u00e9ographique - Coll\u00e8ge ArboR\u00e9Sens","description":"Le Coll\u00e8ge Arboresens de situe \u00e0 Journiac pr\u00e8s du Bugue, en Dordogne.","robots":{"index":"index","follow":"follow","max-snippet":"max-snippet:-1","max-image-preview":"max-image-preview:large","max-video-preview":"max-video-preview:-1"},"canonical":"https:\/\/collegearboresens.fr\/index.php\/situation-geographique\/","og_locale":"en_US","og_type":"article","og_title":"Situation g\u00e9ographique - Coll\u00e8ge ArboR\u00e9Sens","og_description":"Le Coll\u00e8ge Arboresens de situe \u00e0 Journiac pr\u00e8s du Bugue, en Dordogne.","og_url":"https:\/\/collegearboresens.fr\/index.php\/situation-geographique\/","og_site_name":"Coll\u00e8ge ArboR\u00e9Sens","article_modified_time":"2025-07-06T13:24:12+00:00","og_image":[{"width":1920,"height":1080,"url":"https:\/\/collegearboresens.fr\/wp-content\/uploads\/2025\/06\/daniel-roberts-_QLgj8OJonQ-unsplash.jpg","type":"image\/jpeg"}],"twitter_card":"summary_large_image","twitter_misc":{"Est. reading time":"1 minute"},"schema":{"@context":"https:\/\/schema.org","@graph":[{"@type":"WebPage","@id":"https:\/\/collegearboresens.fr\/index.php\/situation-geographique\/","url":"https:\/\/collegearboresens.fr\/index.php\/situation-geographique\/","name":"Situation g\u00e9ographique - Coll\u00e8ge ArboR\u00e9Sens","isPartOf":{"@id":"https:\/\/collegearboresens.fr\/#website"},"primaryImageOfPage":{"@id":"https:\/\/collegearboresens.fr\/index.php\/situation-geographique\/#primaryimage"},"image":{"@id":"https:\/\/collegearboresens.fr\/index.php\/situation-geographique\/#primaryimage"},"thumbnailUrl":"http:\/\/collegearboresens.fr\/wp-content\/uploads\/2025\/06\/daniel-roberts-_QLgj8OJonQ-unsplash-1024x576.jpg","datePublished":"2025-06-16T12:03:00+00:00","dateModified":"2025-07-06T13:24:12+00:00","description":"Le Coll\u00e8ge Arboresens de situe \u00e0 Journiac pr\u00e8s du Bugue, en Dordogne.","breadcrumb":{"@id":"https:\/\/collegearboresens.fr\/index.php\/situation-geographique\/#breadcrumb"},"inLanguage":"en-US","potentialAction":[{"@type":"ReadAction","target":["https:\/\/collegearboresens.fr\/index.php\/situation-geographique\/"]}]},{"@type":"ImageObject","inLanguage":"en-US","@id":"https:\/\/collegearboresens.fr\/index.php\/situation-geographique\/#primaryimage","url":"https:\/\/collegearboresens.fr\/wp-content\/uploads\/2025\/06\/daniel-roberts-_QLgj8OJonQ-unsplash.jpg","contentUrl":"https:\/\/collegearboresens.fr\/wp-content\/uploads\/2025\/06\/daniel-roberts-_QLgj8OJonQ-unsplash.jpg","width":1920,"height":1080},{"@type":"BreadcrumbList","@id":"https:\/\/collegearboresens.fr\/index.php\/situation-geographique\/#breadcrumb","itemListElement":[{"@type":"ListItem","position":1,"name":"Accueil","item":"https:\/\/collegearboresens.fr\/"},{"@type":"ListItem","position":2,"name":"Situation g\u00e9ographique"}]},{"@type":"WebSite","@id":"https:\/\/collegearboresens.fr\/#website","url":"https:\/\/collegearboresens.fr\/","name":"Coll\u00e8ge ArboR\u00e9Sens","description":"Nature, arts et culture","publisher":{"@id":"https:\/\/collegearboresens.fr\/#organization"},"potentialAction":[{"@type":"SearchAction","target":{"@type":"EntryPoint","urlTemplate":"https:\/\/collegearboresens.fr\/?s={search_term_string}"},"query-input":{"@type":"PropertyValueSpecification","valueRequired":true,"valueName":"search_term_string"}}],"inLanguage":"en-US"},{"@type":"Organization","@id":"https:\/\/collegearboresens.fr\/#organization","name":"Coll\u00e8ge ArboR\u00e9Sens","url":"https:\/\/collegearboresens.fr\/","logo":{"@type":"ImageObject","inLanguage":"en-US","@id":"https:\/\/collegearboresens.fr\/#\/schema\/logo\/image\/","url":"https:\/\/collegearboresens.fr\/wp-content\/uploads\/2025\/06\/logo-ArboReSens-College-large-2025.jpg","contentUrl":"https:\/\/collegearboresens.fr\/wp-content\/uploads\/2025\/06\/logo-ArboReSens-College-large-2025.jpg","width":1228,"height":1346,"caption":"Coll\u00e8ge ArboR\u00e9Sens"},"image":{"@id":"https:\/\/collegearboresens.fr\/#\/schema\/logo\/image\/"},"sameAs":["https:\/\/www.instagram.com\/college_arboresens\/?igsh=cmZ4bGx1bGljMGc5"]}]}},"_links":{"self":[{"href":"https:\/\/collegearboresens.fr\/index.php\/wp-json\/wp\/v2\/pages\/171","targetHints":{"allow":["GET"]}}],"collection":[{"href":"https:\/\/collegearboresens.fr\/index.php\/wp-json\/wp\/v2\/pages"}],"about":[{"href":"https:\/\/collegearboresens.fr\/index.php\/wp-json\/wp\/v2\/types\/page"}],"author":[{"embeddable":true,"href":"https:\/\/collegearboresens.fr\/index.php\/wp-json\/wp\/v2\/users\/1"}],"replies":[{"embeddable":true,"href":"https:\/\/collegearboresens.fr\/index.php\/wp-json\/wp\/v2\/comments?post=171"}],"version-history":[{"count":29,"href":"https:\/\/collegearboresens.fr\/index.php\/wp-json\/wp\/v2\/pages\/171\/revisions"}],"predecessor-version":[{"id":1211,"href":"https:\/\/collegearboresens.fr\/index.php\/wp-json\/wp\/v2\/pages\/171\/revisions\/1211"}],"wp:attachment":[{"href":"https:\/\/collegearboresens.fr\/index.php\/wp-json\/wp\/v2\/media?parent=171"}],"curies":[{"name":"wp","href":"https:\/\/api.w.org\/{rel}","templated":true}]}}