{"id":283,"date":"2025-06-16T17:33:12","date_gmt":"2025-06-16T15:33:12","guid":{"rendered":"http:\/\/collegearboresens.fr\/?page_id=283"},"modified":"2025-07-02T19:50:07","modified_gmt":"2025-07-02T17:50:07","slug":"pre-inscription","status":"publish","type":"page","link":"https:\/\/collegearboresens.fr\/index.php\/pre-inscription\/","title":{"rendered":"Pr\u00e9-inscription"},"content":{"rendered":"\n<div class=\"wp-block-cover alignfull\" style=\"margin-top:0;margin-bottom:0;padding-top:0px;padding-bottom:80px;min-height:300px;aspect-ratio:unset;\"><img fetchpriority=\"high\" decoding=\"async\" width=\"1024\" height=\"683\" class=\"wp-block-cover__image-background wp-image-383 size-large\" alt=\"\" src=\"http:\/\/collegearboresens.fr\/wp-content\/uploads\/2025\/06\/lucas-van-oort-K-5f1GX0E30-unsplash-1024x683.jpg\" data-object-fit=\"cover\" srcset=\"https:\/\/collegearboresens.fr\/wp-content\/uploads\/2025\/06\/lucas-van-oort-K-5f1GX0E30-unsplash-1024x683.jpg 1024w, https:\/\/collegearboresens.fr\/wp-content\/uploads\/2025\/06\/lucas-van-oort-K-5f1GX0E30-unsplash-300x200.jpg 300w, https:\/\/collegearboresens.fr\/wp-content\/uploads\/2025\/06\/lucas-van-oort-K-5f1GX0E30-unsplash-768x512.jpg 768w, https:\/\/collegearboresens.fr\/wp-content\/uploads\/2025\/06\/lucas-van-oort-K-5f1GX0E30-unsplash-1536x1025.jpg 1536w, https:\/\/collegearboresens.fr\/wp-content\/uploads\/2025\/06\/lucas-van-oort-K-5f1GX0E30-unsplash.jpg 1920w\" sizes=\"(max-width: 1024px) 100vw, 1024px\" \/><span aria-hidden=\"true\" class=\"wp-block-cover__background has-background-dim-10 has-background-dim\" style=\"background-color:#6e4c25\"><\/span><div class=\"wp-block-cover__inner-container has-global-padding is-layout-constrained wp-container-core-cover-is-layout-d4c6b484 wp-block-cover-is-layout-constrained\">\n<div style=\"height:150px\" aria-hidden=\"true\" class=\"wp-block-spacer\"><\/div>\n\n\n\n<h1 class=\"wp-block-heading has-text-align-center has-text-color has-link-color has-suranna-font-family wp-elements-ab710e1fe7d318855ef62929b9ab5c03\" style=\"color:#ffffff;font-size:clamp(38.682px, 2.418rem + ((1vw - 3.2px) * 3.786), 72px);font-style:normal;font-weight:500\">Pr\u00e9-incription<\/h1>\n<\/div><\/div>\n\n\n\n<figure class=\"wp-block-image size-large\"><img decoding=\"async\" width=\"724\" height=\"1024\" src=\"http:\/\/collegearboresens.fr\/wp-content\/uploads\/2025\/06\/bulletin-pre-inscription-2-724x1024.png\" alt=\"\" class=\"wp-image-425\" srcset=\"https:\/\/collegearboresens.fr\/wp-content\/uploads\/2025\/06\/bulletin-pre-inscription-2-724x1024.png 724w, https:\/\/collegearboresens.fr\/wp-content\/uploads\/2025\/06\/bulletin-pre-inscription-2-212x300.png 212w, https:\/\/collegearboresens.fr\/wp-content\/uploads\/2025\/06\/bulletin-pre-inscription-2-768x1086.png 768w, https:\/\/collegearboresens.fr\/wp-content\/uploads\/2025\/06\/bulletin-pre-inscription-2-1086x1536.png 1086w, https:\/\/collegearboresens.fr\/wp-content\/uploads\/2025\/06\/bulletin-pre-inscription-2.png 1414w\" sizes=\"(max-width: 724px) 100vw, 724px\" \/><\/figure>\n\n\n\n<div class=\"wp-block-file aligncenter\" style=\"border-radius:0px;margin-top:var(--wp--preset--spacing--60);margin-bottom:var(--wp--preset--spacing--60);padding-top:0;padding-bottom:0\"><a id=\"wp-block-file--media-1523734e-cfe9-4b21-b7b1-197dd42f1412\" href=\"http:\/\/collegearboresens.fr\/wp-content\/uploads\/2025\/06\/bulletin-pre-inscription-2.png\"><strong><span style=\"font-family: -webkit-standard; font-size: medium; white-space: normal; text-decoration: none;\">Pour toute pr\u00e9-inscription, t\u00e9l\u00e9chargez le formulaire<\/span>&nbsp;<\/strong><\/a><a href=\"http:\/\/collegearboresens.fr\/wp-content\/uploads\/2025\/06\/bulletin-pre-inscription-2.png\" class=\"wp-block-file__button wp-element-button\" download aria-describedby=\"wp-block-file--media-1523734e-cfe9-4b21-b7b1-197dd42f1412\">ici<\/a><\/div>\n\n\n\n<section class=\"wp-block-cover alignfull\" style=\"margin-top:0px;padding-top:1.01rem;padding-bottom:1.01rem;min-height:430px;aspect-ratio:unset;\"><img decoding=\"async\" width=\"1280\" height=\"1920\" class=\"wp-block-cover__image-background wp-image-450 size-full\" alt=\"\" src=\"http:\/\/collegearboresens.fr\/wp-content\/uploads\/2025\/06\/pexels-n-voitkevich-4691372.jpg\" style=\"object-position:52% 42%\" data-object-fit=\"cover\" data-object-position=\"52% 42%\" srcset=\"https:\/\/collegearboresens.fr\/wp-content\/uploads\/2025\/06\/pexels-n-voitkevich-4691372.jpg 1280w, https:\/\/collegearboresens.fr\/wp-content\/uploads\/2025\/06\/pexels-n-voitkevich-4691372-200x300.jpg 200w, https:\/\/collegearboresens.fr\/wp-content\/uploads\/2025\/06\/pexels-n-voitkevich-4691372-683x1024.jpg 683w, https:\/\/collegearboresens.fr\/wp-content\/uploads\/2025\/06\/pexels-n-voitkevich-4691372-768x1152.jpg 768w, https:\/\/collegearboresens.fr\/wp-content\/uploads\/2025\/06\/pexels-n-voitkevich-4691372-1024x1536.jpg 1024w\" sizes=\"(max-width: 1280px) 100vw, 1280px\" \/><span aria-hidden=\"true\" class=\"wp-block-cover__background has-background-dim-30 has-background-dim\" style=\"background-color:#845e36\"><\/span><div class=\"wp-block-cover__inner-container has-global-padding is-layout-constrained wp-container-core-cover-is-layout-b1bebcb3 wp-block-cover-is-layout-constrained\">\n<div class=\"wp-block-group has-text-color is-layout-flow wp-block-group-is-layout-flow\" style=\"color:#fffffd;margin-top:0px;padding-top:0rem;padding-right:1rem;padding-bottom:0rem;padding-left:1rem;font-size:clamp(0.875rem, 0.875rem + ((1vw - 0.2rem) * 0.464), 1.13rem);font-style:normal;font-weight:400;line-height:1.4\">\n<p class=\"has-large-font-size\">We know what we are, but know not what we may be.<\/p>\n\n\n\n<p style=\"font-size:clamp(1.25rem, 1.25rem + ((1vw - 0.2rem) * 1.364), 2rem);\"><strong>On sait ce que l&#8217;on est, mais on ne sait pas ce que l&#8217;on pourrait \u00eatre.<\/strong><\/p>\n\n\n\n<p class=\"has-text-align-right has-large-font-size\" style=\"font-style:normal;font-weight:300\">William Shakespeare<\/p>\n<\/div>\n<\/div><\/section>\n","protected":false},"excerpt":{"rendered":"","protected":false},"author":1,"featured_media":0,"parent":0,"menu_order":0,"comment_status":"closed","ping_status":"closed","template":"","meta":{"footnotes":""},"class_list":["post-283","page","type-page","status-publish","hentry"],"yoast_head":"<!-- This site is optimized with the Yoast SEO plugin v25.4 - https:\/\/yoast.com\/wordpress\/plugins\/seo\/ -->\n<title>Pr\u00e9-inscription - Coll\u00e8ge ArboR\u00e9Sens<\/title>\n<meta name=\"description\" content=\"Les inscriptions sont ouvertes pour la rentr\u00e9e 2025.\" \/>\n<meta name=\"robots\" content=\"index, follow, max-snippet:-1, max-image-preview:large, max-video-preview:-1\" \/>\n<link rel=\"canonical\" href=\"https:\/\/collegearboresens.fr\/index.php\/pre-inscription\/\" \/>\n<meta property=\"og:locale\" content=\"en_US\" \/>\n<meta property=\"og:type\" content=\"article\" \/>\n<meta property=\"og:title\" content=\"Pr\u00e9-inscription - Coll\u00e8ge ArboR\u00e9Sens\" \/>\n<meta property=\"og:description\" content=\"Les inscriptions sont ouvertes pour la rentr\u00e9e 2025.\" \/>\n<meta property=\"og:url\" content=\"https:\/\/collegearboresens.fr\/index.php\/pre-inscription\/\" \/>\n<meta property=\"og:site_name\" content=\"Coll\u00e8ge ArboR\u00e9Sens\" \/>\n<meta property=\"article:modified_time\" content=\"2025-07-02T17:50:07+00:00\" \/>\n<meta property=\"og:image\" content=\"http:\/\/collegearboresens.fr\/wp-content\/uploads\/2025\/06\/lucas-van-oort-K-5f1GX0E30-unsplash-1024x683.jpg\" \/>\n<meta name=\"twitter:card\" content=\"summary_large_image\" \/>\n<meta name=\"twitter:label1\" content=\"Est. reading time\" \/>\n\t<meta name=\"twitter:data1\" content=\"1 minute\" \/>\n<script type=\"application\/ld+json\" class=\"yoast-schema-graph\">{\"@context\":\"https:\/\/schema.org\",\"@graph\":[{\"@type\":\"WebPage\",\"@id\":\"https:\/\/collegearboresens.fr\/index.php\/pre-inscription\/\",\"url\":\"https:\/\/collegearboresens.fr\/index.php\/pre-inscription\/\",\"name\":\"Pr\u00e9-inscription - Coll\u00e8ge ArboR\u00e9Sens\",\"isPartOf\":{\"@id\":\"https:\/\/collegearboresens.fr\/#website\"},\"primaryImageOfPage\":{\"@id\":\"https:\/\/collegearboresens.fr\/index.php\/pre-inscription\/#primaryimage\"},\"image\":{\"@id\":\"https:\/\/collegearboresens.fr\/index.php\/pre-inscription\/#primaryimage\"},\"thumbnailUrl\":\"http:\/\/collegearboresens.fr\/wp-content\/uploads\/2025\/06\/lucas-van-oort-K-5f1GX0E30-unsplash-1024x683.jpg\",\"datePublished\":\"2025-06-16T15:33:12+00:00\",\"dateModified\":\"2025-07-02T17:50:07+00:00\",\"description\":\"Les inscriptions sont ouvertes pour la rentr\u00e9e 2025.\",\"breadcrumb\":{\"@id\":\"https:\/\/collegearboresens.fr\/index.php\/pre-inscription\/#breadcrumb\"},\"inLanguage\":\"en-US\",\"potentialAction\":[{\"@type\":\"ReadAction\",\"target\":[\"https:\/\/collegearboresens.fr\/index.php\/pre-inscription\/\"]}]},{\"@type\":\"ImageObject\",\"inLanguage\":\"en-US\",\"@id\":\"https:\/\/collegearboresens.fr\/index.php\/pre-inscription\/#primaryimage\",\"url\":\"https:\/\/collegearboresens.fr\/wp-content\/uploads\/2025\/06\/lucas-van-oort-K-5f1GX0E30-unsplash.jpg\",\"contentUrl\":\"https:\/\/collegearboresens.fr\/wp-content\/uploads\/2025\/06\/lucas-van-oort-K-5f1GX0E30-unsplash.jpg\",\"width\":1920,\"height\":1281},{\"@type\":\"BreadcrumbList\",\"@id\":\"https:\/\/collegearboresens.fr\/index.php\/pre-inscription\/#breadcrumb\",\"itemListElement\":[{\"@type\":\"ListItem\",\"position\":1,\"name\":\"Accueil\",\"item\":\"https:\/\/collegearboresens.fr\/\"},{\"@type\":\"ListItem\",\"position\":2,\"name\":\"Pr\u00e9-inscription\"}]},{\"@type\":\"WebSite\",\"@id\":\"https:\/\/collegearboresens.fr\/#website\",\"url\":\"https:\/\/collegearboresens.fr\/\",\"name\":\"Coll\u00e8ge ArboR\u00e9Sens\",\"description\":\"Nature, arts et culture\",\"publisher\":{\"@id\":\"https:\/\/collegearboresens.fr\/#organization\"},\"potentialAction\":[{\"@type\":\"SearchAction\",\"target\":{\"@type\":\"EntryPoint\",\"urlTemplate\":\"https:\/\/collegearboresens.fr\/?s={search_term_string}\"},\"query-input\":{\"@type\":\"PropertyValueSpecification\",\"valueRequired\":true,\"valueName\":\"search_term_string\"}}],\"inLanguage\":\"en-US\"},{\"@type\":\"Organization\",\"@id\":\"https:\/\/collegearboresens.fr\/#organization\",\"name\":\"Coll\u00e8ge ArboR\u00e9Sens\",\"url\":\"https:\/\/collegearboresens.fr\/\",\"logo\":{\"@type\":\"ImageObject\",\"inLanguage\":\"en-US\",\"@id\":\"https:\/\/collegearboresens.fr\/#\/schema\/logo\/image\/\",\"url\":\"https:\/\/collegearboresens.fr\/wp-content\/uploads\/2025\/06\/logo-ArboReSens-College-large-2025.jpg\",\"contentUrl\":\"https:\/\/collegearboresens.fr\/wp-content\/uploads\/2025\/06\/logo-ArboReSens-College-large-2025.jpg\",\"width\":1228,\"height\":1346,\"caption\":\"Coll\u00e8ge ArboR\u00e9Sens\"},\"image\":{\"@id\":\"https:\/\/collegearboresens.fr\/#\/schema\/logo\/image\/\"},\"sameAs\":[\"https:\/\/www.instagram.com\/college_arboresens\/?igsh=cmZ4bGx1bGljMGc5\"]}]}<\/script>\n<!-- \/ Yoast SEO plugin. -->","yoast_head_json":{"title":"Pr\u00e9-inscription - Coll\u00e8ge ArboR\u00e9Sens","description":"Les inscriptions sont ouvertes pour la rentr\u00e9e 2025.","robots":{"index":"index","follow":"follow","max-snippet":"max-snippet:-1","max-image-preview":"max-image-preview:large","max-video-preview":"max-video-preview:-1"},"canonical":"https:\/\/collegearboresens.fr\/index.php\/pre-inscription\/","og_locale":"en_US","og_type":"article","og_title":"Pr\u00e9-inscription - Coll\u00e8ge ArboR\u00e9Sens","og_description":"Les inscriptions sont ouvertes pour la rentr\u00e9e 2025.","og_url":"https:\/\/collegearboresens.fr\/index.php\/pre-inscription\/","og_site_name":"Coll\u00e8ge ArboR\u00e9Sens","article_modified_time":"2025-07-02T17:50:07+00:00","og_image":[{"url":"http:\/\/collegearboresens.fr\/wp-content\/uploads\/2025\/06\/lucas-van-oort-K-5f1GX0E30-unsplash-1024x683.jpg","type":"","width":"","height":""}],"twitter_card":"summary_large_image","twitter_misc":{"Est. reading time":"1 minute"},"schema":{"@context":"https:\/\/schema.org","@graph":[{"@type":"WebPage","@id":"https:\/\/collegearboresens.fr\/index.php\/pre-inscription\/","url":"https:\/\/collegearboresens.fr\/index.php\/pre-inscription\/","name":"Pr\u00e9-inscription - Coll\u00e8ge ArboR\u00e9Sens","isPartOf":{"@id":"https:\/\/collegearboresens.fr\/#website"},"primaryImageOfPage":{"@id":"https:\/\/collegearboresens.fr\/index.php\/pre-inscription\/#primaryimage"},"image":{"@id":"https:\/\/collegearboresens.fr\/index.php\/pre-inscription\/#primaryimage"},"thumbnailUrl":"http:\/\/collegearboresens.fr\/wp-content\/uploads\/2025\/06\/lucas-van-oort-K-5f1GX0E30-unsplash-1024x683.jpg","datePublished":"2025-06-16T15:33:12+00:00","dateModified":"2025-07-02T17:50:07+00:00","description":"Les inscriptions sont ouvertes pour la rentr\u00e9e 2025.","breadcrumb":{"@id":"https:\/\/collegearboresens.fr\/index.php\/pre-inscription\/#breadcrumb"},"inLanguage":"en-US","potentialAction":[{"@type":"ReadAction","target":["https:\/\/collegearboresens.fr\/index.php\/pre-inscription\/"]}]},{"@type":"ImageObject","inLanguage":"en-US","@id":"https:\/\/collegearboresens.fr\/index.php\/pre-inscription\/#primaryimage","url":"https:\/\/collegearboresens.fr\/wp-content\/uploads\/2025\/06\/lucas-van-oort-K-5f1GX0E30-unsplash.jpg","contentUrl":"https:\/\/collegearboresens.fr\/wp-content\/uploads\/2025\/06\/lucas-van-oort-K-5f1GX0E30-unsplash.jpg","width":1920,"height":1281},{"@type":"BreadcrumbList","@id":"https:\/\/collegearboresens.fr\/index.php\/pre-inscription\/#breadcrumb","itemListElement":[{"@type":"ListItem","position":1,"name":"Accueil","item":"https:\/\/collegearboresens.fr\/"},{"@type":"ListItem","position":2,"name":"Pr\u00e9-inscription"}]},{"@type":"WebSite","@id":"https:\/\/collegearboresens.fr\/#website","url":"https:\/\/collegearboresens.fr\/","name":"Coll\u00e8ge ArboR\u00e9Sens","description":"Nature, arts et culture","publisher":{"@id":"https:\/\/collegearboresens.fr\/#organization"},"potentialAction":[{"@type":"SearchAction","target":{"@type":"EntryPoint","urlTemplate":"https:\/\/collegearboresens.fr\/?s={search_term_string}"},"query-input":{"@type":"PropertyValueSpecification","valueRequired":true,"valueName":"search_term_string"}}],"inLanguage":"en-US"},{"@type":"Organization","@id":"https:\/\/collegearboresens.fr\/#organization","name":"Coll\u00e8ge ArboR\u00e9Sens","url":"https:\/\/collegearboresens.fr\/","logo":{"@type":"ImageObject","inLanguage":"en-US","@id":"https:\/\/collegearboresens.fr\/#\/schema\/logo\/image\/","url":"https:\/\/collegearboresens.fr\/wp-content\/uploads\/2025\/06\/logo-ArboReSens-College-large-2025.jpg","contentUrl":"https:\/\/collegearboresens.fr\/wp-content\/uploads\/2025\/06\/logo-ArboReSens-College-large-2025.jpg","width":1228,"height":1346,"caption":"Coll\u00e8ge ArboR\u00e9Sens"},"image":{"@id":"https:\/\/collegearboresens.fr\/#\/schema\/logo\/image\/"},"sameAs":["https:\/\/www.instagram.com\/college_arboresens\/?igsh=cmZ4bGx1bGljMGc5"]}]}},"_links":{"self":[{"href":"https:\/\/collegearboresens.fr\/index.php\/wp-json\/wp\/v2\/pages\/283","targetHints":{"allow":["GET"]}}],"collection":[{"href":"https:\/\/collegearboresens.fr\/index.php\/wp-json\/wp\/v2\/pages"}],"about":[{"href":"https:\/\/collegearboresens.fr\/index.php\/wp-json\/wp\/v2\/types\/page"}],"author":[{"embeddable":true,"href":"https:\/\/collegearboresens.fr\/index.php\/wp-json\/wp\/v2\/users\/1"}],"replies":[{"embeddable":true,"href":"https:\/\/collegearboresens.fr\/index.php\/wp-json\/wp\/v2\/comments?post=283"}],"version-history":[{"count":23,"href":"https:\/\/collegearboresens.fr\/index.php\/wp-json\/wp\/v2\/pages\/283\/revisions"}],"predecessor-version":[{"id":975,"href":"https:\/\/collegearboresens.fr\/index.php\/wp-json\/wp\/v2\/pages\/283\/revisions\/975"}],"wp:attachment":[{"href":"https:\/\/collegearboresens.fr\/index.php\/wp-json\/wp\/v2\/media?parent=283"}],"curies":[{"name":"wp","href":"https:\/\/api.w.org\/{rel}","templated":true}]}}