{"id":289,"date":"2025-06-16T17:34:02","date_gmt":"2025-06-16T15:34:02","guid":{"rendered":"http:\/\/collegearboresens.fr\/?page_id=289"},"modified":"2025-07-10T16:59:48","modified_gmt":"2025-07-10T14:59:48","slug":"devenez-mecene","status":"publish","type":"page","link":"https:\/\/collegearboresens.fr\/index.php\/devenez-mecene\/","title":{"rendered":"Devenez m\u00e9c\u00e8ne"},"content":{"rendered":"\n<div class=\"wp-block-cover alignfull\" style=\"margin-top:0;margin-bottom:0;padding-top:0px;padding-bottom:80px;min-height:300px;aspect-ratio:unset;\"><img fetchpriority=\"high\" decoding=\"async\" width=\"1920\" height=\"1440\" class=\"wp-block-cover__image-background wp-image-451 size-full\" alt=\"\" src=\"http:\/\/collegearboresens.fr\/wp-content\/uploads\/2025\/06\/pexels-pixabay-68507.jpg\" data-object-fit=\"cover\" srcset=\"https:\/\/collegearboresens.fr\/wp-content\/uploads\/2025\/06\/pexels-pixabay-68507.jpg 1920w, https:\/\/collegearboresens.fr\/wp-content\/uploads\/2025\/06\/pexels-pixabay-68507-300x225.jpg 300w, https:\/\/collegearboresens.fr\/wp-content\/uploads\/2025\/06\/pexels-pixabay-68507-1024x768.jpg 1024w, https:\/\/collegearboresens.fr\/wp-content\/uploads\/2025\/06\/pexels-pixabay-68507-768x576.jpg 768w, https:\/\/collegearboresens.fr\/wp-content\/uploads\/2025\/06\/pexels-pixabay-68507-1536x1152.jpg 1536w\" sizes=\"(max-width: 1920px) 100vw, 1920px\" \/><span aria-hidden=\"true\" class=\"wp-block-cover__background has-background-dim-40 has-background-dim\" style=\"background-color:#603c12\"><\/span><div class=\"wp-block-cover__inner-container has-global-padding is-layout-constrained wp-container-core-cover-is-layout-d4c6b484 wp-block-cover-is-layout-constrained\">\n<div style=\"height:150px\" aria-hidden=\"true\" class=\"wp-block-spacer\"><\/div>\n\n\n\n<h1 class=\"wp-block-heading has-text-align-center has-text-color has-link-color has-suranna-font-family wp-elements-0afb1a9c693abde5f33aa7e945311361\" style=\"color:#ffffff;font-size:clamp(38.682px, 2.418rem + ((1vw - 3.2px) * 3.786), 72px);font-style:normal;font-weight:500\">Devenez m\u00e9c\u00e8ne<\/h1>\n<\/div><\/div>\n\n\n\n<div class=\"wp-block-group alignfull has-global-padding is-layout-constrained wp-container-core-group-is-layout-4383d167 wp-block-group-is-layout-constrained\">\n<div class=\"wp-block-group alignwide has-global-padding is-layout-constrained wp-container-core-group-is-layout-5ff8a92b wp-block-group-is-layout-constrained\" style=\"margin-top:0;margin-bottom:0;padding-top:100px;padding-bottom:100px\">\n<div class=\"wp-block-columns is-layout-flex wp-container-core-columns-is-layout-92515837 wp-block-columns-is-layout-flex\">\n<div class=\"wp-block-column is-vertically-aligned-center is-layout-flow wp-block-column-is-layout-flow\">\n<figure class=\"wp-block-image aligncenter size-full is-resized has-custom-border\"><img decoding=\"async\" width=\"1920\" height=\"1920\" src=\"http:\/\/collegearboresens.fr\/wp-content\/uploads\/2025\/06\/shawn-rain-rGUmQWFhWKo-unsplash.jpg\" alt=\"\" class=\"wp-image-545\" style=\"border-radius:63px;width:313px;height:auto\" srcset=\"https:\/\/collegearboresens.fr\/wp-content\/uploads\/2025\/06\/shawn-rain-rGUmQWFhWKo-unsplash.jpg 1920w, https:\/\/collegearboresens.fr\/wp-content\/uploads\/2025\/06\/shawn-rain-rGUmQWFhWKo-unsplash-300x300.jpg 300w, https:\/\/collegearboresens.fr\/wp-content\/uploads\/2025\/06\/shawn-rain-rGUmQWFhWKo-unsplash-1024x1024.jpg 1024w, https:\/\/collegearboresens.fr\/wp-content\/uploads\/2025\/06\/shawn-rain-rGUmQWFhWKo-unsplash-150x150.jpg 150w, https:\/\/collegearboresens.fr\/wp-content\/uploads\/2025\/06\/shawn-rain-rGUmQWFhWKo-unsplash-768x768.jpg 768w, https:\/\/collegearboresens.fr\/wp-content\/uploads\/2025\/06\/shawn-rain-rGUmQWFhWKo-unsplash-1536x1536.jpg 1536w\" sizes=\"(max-width: 1920px) 100vw, 1920px\" \/><\/figure>\n<\/div>\n\n\n\n<div class=\"wp-block-column is-vertically-aligned-center has-global-padding is-content-justification-left is-layout-constrained wp-container-core-column-is-layout-12dd3699 wp-block-column-is-layout-constrained\">\n<h3 class=\"wp-block-heading has-text-align-left has-text-color has-suranna-font-family\" style=\"color:#000000;margin-top:0.5rem;margin-bottom:0rem;font-size:clamp(24.034px, 1.502rem + ((1vw - 3.2px) * 1.814), 40px);font-style:normal;font-weight:500;letter-spacing:0px;line-height:1.3\">Soutenir le coll\u00e8ge<\/h3>\n\n\n\n<hr class=\"wp-block-separator has-alpha-channel-opacity\"\/>\n\n\n\n<p class=\"has-text-color has-link-color has-pontano-sans-font-family wp-elements-7c123c2899a86383a68a887ef1f3ab88\" style=\"color:#000000;font-size:clamp(14px, 0.875rem + ((1vw - 3.2px) * 0.682), 20px);\">En soutenant notre association locale, vous contribuez directement au renforcement du tissu social. Ces dons ont un impact visible et tangible dans l&#8217;environnement o\u00f9 nous \u00e9voluons, particuli\u00e8rement en aidant \u00e0 r\u00e9pondre aux besoins de financement d&#8217;activit\u00e9s p\u00e9dagogiques.<\/p>\n\n\n\n<p>Les dons permettront de financer nos projets pluridisciplinaires, sorties, mat\u00e9riels de sciences et activit\u00e9s de plein air.<\/p>\n\n\n\n<p><\/p>\n\n\n\n<div class=\"wp-block-buttons is-horizontal is-content-justification-left is-layout-flex wp-container-core-buttons-is-layout-324fa30b wp-block-buttons-is-layout-flex\" style=\"margin-top:20px\">\n<div class=\"wp-block-button has-custom-width wp-block-button__width-50 is-style-fill\"><a class=\"wp-block-button__link has-text-color has-background has-pontano-sans-font-family has-custom-font-size wp-element-button\" href=\"https:\/\/www.helloasso.com\/associations\/association-arboresens\/collectes\/ouverture-d-un-nouveau-college-a-journiac\" style=\"border-style:none;border-width:0px;border-radius:0rem;color:#fffffd;background-color:#a8661f;padding-top:0.71rem;padding-right:0.31rem;padding-bottom:0.71rem;padding-left:0.31rem;font-size:clamp(0.875rem, 0.875rem + ((1vw - 0.2rem) * 0.245), 1.01rem);font-style:normal;font-weight:600;letter-spacing:1px;line-height:1.5;text-transform:uppercase\" target=\"_blank\" rel=\"noreferrer noopener\">faire un don<\/a><\/div>\n<\/div>\n<\/div>\n<\/div>\n<\/div>\n<\/div>\n\n\n\n<div class=\"wp-block-group alignfull has-global-padding is-layout-constrained wp-container-core-group-is-layout-4383d167 wp-block-group-is-layout-constrained\"><\/div>\n\n\n\n<section class=\"wp-block-cover alignfull is-light\" style=\"margin-top:0px;padding-top:1.01rem;padding-bottom:1.01rem;min-height:430px;aspect-ratio:unset;\"><img decoding=\"async\" width=\"1024\" height=\"683\" class=\"wp-block-cover__image-background wp-image-565 size-large\" alt=\"\" src=\"http:\/\/collegearboresens.fr\/wp-content\/uploads\/2025\/06\/pexels-freestocks-449751-1024x683.jpg\" data-object-fit=\"cover\" srcset=\"https:\/\/collegearboresens.fr\/wp-content\/uploads\/2025\/06\/pexels-freestocks-449751-1024x683.jpg 1024w, https:\/\/collegearboresens.fr\/wp-content\/uploads\/2025\/06\/pexels-freestocks-449751-300x200.jpg 300w, https:\/\/collegearboresens.fr\/wp-content\/uploads\/2025\/06\/pexels-freestocks-449751-768x512.jpg 768w, https:\/\/collegearboresens.fr\/wp-content\/uploads\/2025\/06\/pexels-freestocks-449751-1536x1024.jpg 1536w, https:\/\/collegearboresens.fr\/wp-content\/uploads\/2025\/06\/pexels-freestocks-449751.jpg 1920w\" sizes=\"(max-width: 1024px) 100vw, 1024px\" \/><span aria-hidden=\"true\" class=\"wp-block-cover__background has-background-dim-0 has-background-dim\" style=\"background-color:#edf1f2\"><\/span><div class=\"wp-block-cover__inner-container has-global-padding is-layout-constrained wp-container-core-cover-is-layout-b1bebcb3 wp-block-cover-is-layout-constrained\">\n<div class=\"wp-block-group has-text-color is-layout-flow wp-block-group-is-layout-flow\" style=\"color:#fffffd;margin-top:0px;padding-top:0rem;padding-right:1rem;padding-bottom:0rem;padding-left:1rem;font-size:clamp(0.875rem, 0.875rem + ((1vw - 0.2rem) * 0.464), 1.13rem);font-style:normal;font-weight:400;line-height:1.4\">\n<div class=\"wp-block-group has-global-padding is-layout-constrained wp-container-core-group-is-layout-bdbfdc43 wp-block-group-is-layout-constrained\">\n<p class=\"has-text-align-left has-text-color\" style=\"color:#161678;margin-bottom:0rem;font-size:clamp(1.507rem, 1.507rem + ((1vw - 0.2rem) * 1.824), 2.51rem);font-style:normal;font-weight:400;line-height:1.2\"><strong>Once we accept our limits, we go beyond them.<\/strong><\/p>\n\n\n\n<p class=\"has-text-color has-link-color wp-elements-7b1a837c7c6e84dbc78f0408ffbfa077\" style=\"color:#161678;font-size:clamp(1.507rem, 1.507rem + ((1vw - 0.2rem) * 1.824), 2.51rem);\"><strong>Une fois que nous acceptons nos limites, nous les d\u00e9passons.<\/strong><\/p>\n\n\n\n<p class=\"has-text-align-right has-text-color has-link-color wp-elements-bf46793cf87bfcdbd4aeffca3cf9c185\" style=\"color:#161678;font-size:clamp(1.507rem, 1.507rem + ((1vw - 0.2rem) * 1.824), 2.51rem);\"><strong>Albert Einstein<\/strong><\/p>\n<\/div>\n<\/div>\n<\/div><\/section>\n","protected":false},"excerpt":{"rendered":"<p>Soutenir le coll\u00e8ge En soutenant notre association locale, vous contribuez directement au renforcement du tissu social. Ces dons ont un impact visible et tangible dans l&#8217;environnement o\u00f9 nous \u00e9voluons, particuli\u00e8rement en aidant \u00e0 r\u00e9pondre aux besoins de financement d&#8217;activit\u00e9s p\u00e9dagogiques. Les dons permettront de financer nos projets pluridisciplinaires, sorties, mat\u00e9riels de sciences et activit\u00e9s de [&hellip;]<\/p>\n","protected":false},"author":1,"featured_media":0,"parent":0,"menu_order":0,"comment_status":"closed","ping_status":"closed","template":"","meta":{"footnotes":""},"class_list":["post-289","page","type-page","status-publish","hentry"],"yoast_head":"<!-- This site is optimized with the Yoast SEO plugin v25.4 - https:\/\/yoast.com\/wordpress\/plugins\/seo\/ -->\n<title>Devenez m\u00e9c\u00e8ne - Coll\u00e8ge ArboR\u00e9Sens<\/title>\n<meta name=\"description\" content=\"Pour nous soutenir devenez m\u00e9c\u00e8ne, faites un don l&#039;Association Arboresens.\" \/>\n<meta name=\"robots\" content=\"index, follow, max-snippet:-1, max-image-preview:large, max-video-preview:-1\" \/>\n<link rel=\"canonical\" href=\"https:\/\/collegearboresens.fr\/index.php\/devenez-mecene\/\" \/>\n<meta property=\"og:locale\" content=\"en_US\" \/>\n<meta property=\"og:type\" content=\"article\" \/>\n<meta property=\"og:title\" content=\"Devenez m\u00e9c\u00e8ne - Coll\u00e8ge ArboR\u00e9Sens\" \/>\n<meta property=\"og:description\" content=\"Pour nous soutenir devenez m\u00e9c\u00e8ne, faites un don l&#039;Association Arboresens.\" \/>\n<meta property=\"og:url\" content=\"https:\/\/collegearboresens.fr\/index.php\/devenez-mecene\/\" \/>\n<meta property=\"og:site_name\" content=\"Coll\u00e8ge ArboR\u00e9Sens\" \/>\n<meta property=\"article:modified_time\" content=\"2025-07-10T14:59:48+00:00\" \/>\n<meta property=\"og:image\" content=\"https:\/\/collegearboresens.fr\/wp-content\/uploads\/2025\/06\/pexels-pixabay-68507.jpg\" \/>\n\t<meta property=\"og:image:width\" content=\"1920\" \/>\n\t<meta property=\"og:image:height\" content=\"1440\" \/>\n\t<meta property=\"og:image:type\" content=\"image\/jpeg\" \/>\n<meta name=\"twitter:card\" content=\"summary_large_image\" \/>\n<meta name=\"twitter:label1\" content=\"Est. reading time\" \/>\n\t<meta name=\"twitter:data1\" content=\"2 minutes\" \/>\n<script type=\"application\/ld+json\" class=\"yoast-schema-graph\">{\"@context\":\"https:\/\/schema.org\",\"@graph\":[{\"@type\":\"WebPage\",\"@id\":\"https:\/\/collegearboresens.fr\/index.php\/devenez-mecene\/\",\"url\":\"https:\/\/collegearboresens.fr\/index.php\/devenez-mecene\/\",\"name\":\"Devenez m\u00e9c\u00e8ne - Coll\u00e8ge ArboR\u00e9Sens\",\"isPartOf\":{\"@id\":\"https:\/\/collegearboresens.fr\/#website\"},\"primaryImageOfPage\":{\"@id\":\"https:\/\/collegearboresens.fr\/index.php\/devenez-mecene\/#primaryimage\"},\"image\":{\"@id\":\"https:\/\/collegearboresens.fr\/index.php\/devenez-mecene\/#primaryimage\"},\"thumbnailUrl\":\"http:\/\/collegearboresens.fr\/wp-content\/uploads\/2025\/06\/pexels-pixabay-68507.jpg\",\"datePublished\":\"2025-06-16T15:34:02+00:00\",\"dateModified\":\"2025-07-10T14:59:48+00:00\",\"description\":\"Pour nous soutenir devenez m\u00e9c\u00e8ne, faites un don l'Association Arboresens.\",\"breadcrumb\":{\"@id\":\"https:\/\/collegearboresens.fr\/index.php\/devenez-mecene\/#breadcrumb\"},\"inLanguage\":\"en-US\",\"potentialAction\":[{\"@type\":\"ReadAction\",\"target\":[\"https:\/\/collegearboresens.fr\/index.php\/devenez-mecene\/\"]}]},{\"@type\":\"ImageObject\",\"inLanguage\":\"en-US\",\"@id\":\"https:\/\/collegearboresens.fr\/index.php\/devenez-mecene\/#primaryimage\",\"url\":\"https:\/\/collegearboresens.fr\/wp-content\/uploads\/2025\/06\/pexels-pixabay-68507.jpg\",\"contentUrl\":\"https:\/\/collegearboresens.fr\/wp-content\/uploads\/2025\/06\/pexels-pixabay-68507.jpg\",\"width\":1920,\"height\":1440},{\"@type\":\"BreadcrumbList\",\"@id\":\"https:\/\/collegearboresens.fr\/index.php\/devenez-mecene\/#breadcrumb\",\"itemListElement\":[{\"@type\":\"ListItem\",\"position\":1,\"name\":\"Accueil\",\"item\":\"https:\/\/collegearboresens.fr\/\"},{\"@type\":\"ListItem\",\"position\":2,\"name\":\"Devenez m\u00e9c\u00e8ne\"}]},{\"@type\":\"WebSite\",\"@id\":\"https:\/\/collegearboresens.fr\/#website\",\"url\":\"https:\/\/collegearboresens.fr\/\",\"name\":\"Coll\u00e8ge ArboR\u00e9Sens\",\"description\":\"Nature, arts et culture\",\"publisher\":{\"@id\":\"https:\/\/collegearboresens.fr\/#organization\"},\"potentialAction\":[{\"@type\":\"SearchAction\",\"target\":{\"@type\":\"EntryPoint\",\"urlTemplate\":\"https:\/\/collegearboresens.fr\/?s={search_term_string}\"},\"query-input\":{\"@type\":\"PropertyValueSpecification\",\"valueRequired\":true,\"valueName\":\"search_term_string\"}}],\"inLanguage\":\"en-US\"},{\"@type\":\"Organization\",\"@id\":\"https:\/\/collegearboresens.fr\/#organization\",\"name\":\"Coll\u00e8ge ArboR\u00e9Sens\",\"url\":\"https:\/\/collegearboresens.fr\/\",\"logo\":{\"@type\":\"ImageObject\",\"inLanguage\":\"en-US\",\"@id\":\"https:\/\/collegearboresens.fr\/#\/schema\/logo\/image\/\",\"url\":\"https:\/\/collegearboresens.fr\/wp-content\/uploads\/2025\/06\/logo-ArboReSens-College-large-2025.jpg\",\"contentUrl\":\"https:\/\/collegearboresens.fr\/wp-content\/uploads\/2025\/06\/logo-ArboReSens-College-large-2025.jpg\",\"width\":1228,\"height\":1346,\"caption\":\"Coll\u00e8ge ArboR\u00e9Sens\"},\"image\":{\"@id\":\"https:\/\/collegearboresens.fr\/#\/schema\/logo\/image\/\"},\"sameAs\":[\"https:\/\/www.instagram.com\/college_arboresens\/?igsh=cmZ4bGx1bGljMGc5\"]}]}<\/script>\n<!-- \/ Yoast SEO plugin. -->","yoast_head_json":{"title":"Devenez m\u00e9c\u00e8ne - Coll\u00e8ge ArboR\u00e9Sens","description":"Pour nous soutenir devenez m\u00e9c\u00e8ne, faites un don l'Association Arboresens.","robots":{"index":"index","follow":"follow","max-snippet":"max-snippet:-1","max-image-preview":"max-image-preview:large","max-video-preview":"max-video-preview:-1"},"canonical":"https:\/\/collegearboresens.fr\/index.php\/devenez-mecene\/","og_locale":"en_US","og_type":"article","og_title":"Devenez m\u00e9c\u00e8ne - Coll\u00e8ge ArboR\u00e9Sens","og_description":"Pour nous soutenir devenez m\u00e9c\u00e8ne, faites un don l'Association Arboresens.","og_url":"https:\/\/collegearboresens.fr\/index.php\/devenez-mecene\/","og_site_name":"Coll\u00e8ge ArboR\u00e9Sens","article_modified_time":"2025-07-10T14:59:48+00:00","og_image":[{"width":1920,"height":1440,"url":"https:\/\/collegearboresens.fr\/wp-content\/uploads\/2025\/06\/pexels-pixabay-68507.jpg","type":"image\/jpeg"}],"twitter_card":"summary_large_image","twitter_misc":{"Est. reading time":"2 minutes"},"schema":{"@context":"https:\/\/schema.org","@graph":[{"@type":"WebPage","@id":"https:\/\/collegearboresens.fr\/index.php\/devenez-mecene\/","url":"https:\/\/collegearboresens.fr\/index.php\/devenez-mecene\/","name":"Devenez m\u00e9c\u00e8ne - Coll\u00e8ge ArboR\u00e9Sens","isPartOf":{"@id":"https:\/\/collegearboresens.fr\/#website"},"primaryImageOfPage":{"@id":"https:\/\/collegearboresens.fr\/index.php\/devenez-mecene\/#primaryimage"},"image":{"@id":"https:\/\/collegearboresens.fr\/index.php\/devenez-mecene\/#primaryimage"},"thumbnailUrl":"http:\/\/collegearboresens.fr\/wp-content\/uploads\/2025\/06\/pexels-pixabay-68507.jpg","datePublished":"2025-06-16T15:34:02+00:00","dateModified":"2025-07-10T14:59:48+00:00","description":"Pour nous soutenir devenez m\u00e9c\u00e8ne, faites un don l'Association Arboresens.","breadcrumb":{"@id":"https:\/\/collegearboresens.fr\/index.php\/devenez-mecene\/#breadcrumb"},"inLanguage":"en-US","potentialAction":[{"@type":"ReadAction","target":["https:\/\/collegearboresens.fr\/index.php\/devenez-mecene\/"]}]},{"@type":"ImageObject","inLanguage":"en-US","@id":"https:\/\/collegearboresens.fr\/index.php\/devenez-mecene\/#primaryimage","url":"https:\/\/collegearboresens.fr\/wp-content\/uploads\/2025\/06\/pexels-pixabay-68507.jpg","contentUrl":"https:\/\/collegearboresens.fr\/wp-content\/uploads\/2025\/06\/pexels-pixabay-68507.jpg","width":1920,"height":1440},{"@type":"BreadcrumbList","@id":"https:\/\/collegearboresens.fr\/index.php\/devenez-mecene\/#breadcrumb","itemListElement":[{"@type":"ListItem","position":1,"name":"Accueil","item":"https:\/\/collegearboresens.fr\/"},{"@type":"ListItem","position":2,"name":"Devenez m\u00e9c\u00e8ne"}]},{"@type":"WebSite","@id":"https:\/\/collegearboresens.fr\/#website","url":"https:\/\/collegearboresens.fr\/","name":"Coll\u00e8ge ArboR\u00e9Sens","description":"Nature, arts et culture","publisher":{"@id":"https:\/\/collegearboresens.fr\/#organization"},"potentialAction":[{"@type":"SearchAction","target":{"@type":"EntryPoint","urlTemplate":"https:\/\/collegearboresens.fr\/?s={search_term_string}"},"query-input":{"@type":"PropertyValueSpecification","valueRequired":true,"valueName":"search_term_string"}}],"inLanguage":"en-US"},{"@type":"Organization","@id":"https:\/\/collegearboresens.fr\/#organization","name":"Coll\u00e8ge ArboR\u00e9Sens","url":"https:\/\/collegearboresens.fr\/","logo":{"@type":"ImageObject","inLanguage":"en-US","@id":"https:\/\/collegearboresens.fr\/#\/schema\/logo\/image\/","url":"https:\/\/collegearboresens.fr\/wp-content\/uploads\/2025\/06\/logo-ArboReSens-College-large-2025.jpg","contentUrl":"https:\/\/collegearboresens.fr\/wp-content\/uploads\/2025\/06\/logo-ArboReSens-College-large-2025.jpg","width":1228,"height":1346,"caption":"Coll\u00e8ge ArboR\u00e9Sens"},"image":{"@id":"https:\/\/collegearboresens.fr\/#\/schema\/logo\/image\/"},"sameAs":["https:\/\/www.instagram.com\/college_arboresens\/?igsh=cmZ4bGx1bGljMGc5"]}]}},"_links":{"self":[{"href":"https:\/\/collegearboresens.fr\/index.php\/wp-json\/wp\/v2\/pages\/289","targetHints":{"allow":["GET"]}}],"collection":[{"href":"https:\/\/collegearboresens.fr\/index.php\/wp-json\/wp\/v2\/pages"}],"about":[{"href":"https:\/\/collegearboresens.fr\/index.php\/wp-json\/wp\/v2\/types\/page"}],"author":[{"embeddable":true,"href":"https:\/\/collegearboresens.fr\/index.php\/wp-json\/wp\/v2\/users\/1"}],"replies":[{"embeddable":true,"href":"https:\/\/collegearboresens.fr\/index.php\/wp-json\/wp\/v2\/comments?post=289"}],"version-history":[{"count":23,"href":"https:\/\/collegearboresens.fr\/index.php\/wp-json\/wp\/v2\/pages\/289\/revisions"}],"predecessor-version":[{"id":1224,"href":"https:\/\/collegearboresens.fr\/index.php\/wp-json\/wp\/v2\/pages\/289\/revisions\/1224"}],"wp:attachment":[{"href":"https:\/\/collegearboresens.fr\/index.php\/wp-json\/wp\/v2\/media?parent=289"}],"curies":[{"name":"wp","href":"https:\/\/api.w.org\/{rel}","templated":true}]}}