{"id":291,"date":"2025-06-16T17:34:13","date_gmt":"2025-06-16T15:34:13","guid":{"rendered":"http:\/\/collegearboresens.fr\/?page_id=291"},"modified":"2025-07-04T18:02:58","modified_gmt":"2025-07-04T16:02:58","slug":"don-de-materiel","status":"publish","type":"page","link":"https:\/\/collegearboresens.fr\/index.php\/don-de-materiel\/","title":{"rendered":"Don de mat\u00e9riel"},"content":{"rendered":"\n<div class=\"wp-block-cover alignfull is-light\" style=\"margin-top:0;margin-bottom:0;padding-top:0px;padding-bottom:80px;min-height:300px;aspect-ratio:unset;\"><img fetchpriority=\"high\" decoding=\"async\" width=\"640\" height=\"960\" class=\"wp-block-cover__image-background wp-image-444 size-full\" alt=\"\" src=\"http:\/\/collegearboresens.fr\/wp-content\/uploads\/2025\/06\/logan-weaver-lgnwvr-9ZOvxGl_9bc-unsplash.jpg\" style=\"object-position:48% 49%\" data-object-fit=\"cover\" data-object-position=\"48% 49%\" srcset=\"https:\/\/collegearboresens.fr\/wp-content\/uploads\/2025\/06\/logan-weaver-lgnwvr-9ZOvxGl_9bc-unsplash.jpg 640w, https:\/\/collegearboresens.fr\/wp-content\/uploads\/2025\/06\/logan-weaver-lgnwvr-9ZOvxGl_9bc-unsplash-200x300.jpg 200w\" sizes=\"(max-width: 640px) 100vw, 640px\" \/><span aria-hidden=\"true\" class=\"wp-block-cover__background has-background-dim-20 has-background-dim\" style=\"background-color:#613c13\"><\/span><div class=\"wp-block-cover__inner-container has-global-padding is-layout-constrained wp-container-core-cover-is-layout-d4c6b484 wp-block-cover-is-layout-constrained\">\n<div style=\"height:150px\" aria-hidden=\"true\" class=\"wp-block-spacer\"><\/div>\n\n\n\n<h1 class=\"wp-block-heading has-text-align-center has-text-color has-link-color has-suranna-font-family wp-elements-de2b415176b875196432f943dd8b33d4\" style=\"color:#ffffff;font-size:clamp(38.682px, 2.418rem + ((1vw - 3.2px) * 3.786), 72px);font-style:normal;font-weight:500\">Don de mat\u00e9riel<\/h1>\n<\/div><\/div>\n\n\n\n<div class=\"wp-block-group alignfull has-global-padding is-layout-constrained wp-container-core-group-is-layout-4383d167 wp-block-group-is-layout-constrained\">\n<div class=\"wp-block-group alignwide has-global-padding is-layout-constrained wp-container-core-group-is-layout-1be1424c wp-block-group-is-layout-constrained\" style=\"margin-top:0;margin-bottom:0;padding-bottom:100px\">\n<div class=\"wp-block-columns is-layout-flex wp-container-core-columns-is-layout-92515837 wp-block-columns-is-layout-flex\">\n<div class=\"wp-block-column is-vertically-aligned-center has-global-padding is-content-justification-left is-layout-constrained wp-container-core-column-is-layout-12dd3699 wp-block-column-is-layout-constrained\">\n<h3 class=\"wp-block-heading has-text-align-left has-text-color has-suranna-font-family\" style=\"color:#000000;margin-top:0.5rem;margin-bottom:0rem;font-size:clamp(24.034px, 1.502rem + ((1vw - 3.2px) * 1.814), 40px);font-style:normal;font-weight:500;letter-spacing:0px;line-height:1.3\">Nous recherchons  <\/h3>\n\n\n\n<hr class=\"wp-block-separator has-alpha-channel-opacity\"\/>\n\n\n\n<p class=\"has-text-color has-link-color has-pontano-sans-font-family wp-elements-4db0ff0a7c076821a865a25a012d996e\" style=\"color:#000000;font-size:clamp(15.197px, 0.95rem + ((1vw - 3.2px) * 0.887), 23px);\">Du mat\u00e9riel et \u00e9quipements vari\u00e9s<\/p>\n\n\n\n<p class=\"has-text-color has-link-color has-medium-font-size wp-elements-83697ad92c8d62a14882b4ccab5fc602\" style=\"color:#9e570a\"><strong>Nature et sciences<\/strong><\/p>\n\n\n\n<ul class=\"wp-block-list\">\n<li>Jumelles<\/li>\n\n\n\n<li>Loupes<\/li>\n<\/ul>\n\n\n\n<p class=\"has-text-color has-link-color has-medium-font-size wp-elements-7dc287e83f09348fb4d1190b5534344b\" style=\"color:#9e570a\"><strong>Informatique et \u00e9lectronique<\/strong><\/p>\n\n\n\n<ul class=\"wp-block-list\">\n<li>Ordinateurs<\/li>\n\n\n\n<li>Tablettes<\/li>\n\n\n\n<li>Casques audio<\/li>\n<\/ul>\n\n\n\n<p class=\"has-text-color has-link-color has-medium-font-size wp-elements-bce94bd2b621e26f4545d117580ca4b0\" style=\"color:#9e570a\"><strong>Mat\u00e9riel de musique<\/strong><\/p>\n\n\n\n<ul class=\"wp-block-list\">\n<li>Bols chantants<\/li>\n\n\n\n<li>Petites percussions<\/li>\n<\/ul>\n\n\n\n<p class=\"has-text-color has-link-color has-medium-font-size wp-elements-24b6d794c54260961e79c2ce8ccab0a9\" style=\"color:#9e570a\"><strong>Livres et magazines<\/strong><\/p>\n\n\n\n<ul class=\"wp-block-list\">\n<li>Livres d&#8217;aventures, de litt\u00e9rature jeunesse<\/li>\n\n\n\n<li>Classiques de la litt\u00e9rature fran\u00e7aise<\/li>\n\n\n\n<li>Livres de po\u00e9sie<\/li>\n\n\n\n<li>La Salamandre<\/li>\n\n\n\n<li>Magazines scientifiques<\/li>\n\n\n\n<li>G\u00e9o<\/li>\n\n\n\n<li>Vocable anglais, espagnol<\/li>\n\n\n\n<li>Guides Salamandre<br>\u2013 En for\u00eat<br>\u2013 Les oiseaux<br>\u2013 Traces et indices<br>\u2013 Les petites b\u00eates<\/li>\n<\/ul>\n\n\n\n<p class=\"has-text-color has-link-color has-medium-font-size wp-elements-6457fc191c799184bfed63e6cdb2bdf7\" style=\"color:#9e570a\"><strong>Mat\u00e9riel de jardinage<\/strong><\/p>\n\n\n\n<ul class=\"wp-block-list\">\n<li>Petites pelles<\/li>\n\n\n\n<li>Arrosoirs<\/li>\n<\/ul>\n\n\n\n<p class=\"has-text-color has-link-color has-medium-font-size wp-elements-17cc7e2e16923744f86a4a00ab4514c8\" style=\"color:#9e570a\"><strong>Jeux \u00e9ducatifs<\/strong><\/p>\n\n\n\n<ul class=\"wp-block-list\">\n<li>Echecs, dames, jeu de go<\/li>\n\n\n\n<li>Splitz<\/li>\n\n\n\n<li>Quarto<\/li>\n\n\n\n<li>Casses-t\u00eate chinois<\/li>\n\n\n\n<li>Master Mind<\/li>\n\n\n\n<li>Jeux de coop\u00e9ration<\/li>\n<\/ul>\n\n\n\n<p><\/p>\n\n\n\n<div class=\"wp-block-buttons is-horizontal is-content-justification-left is-layout-flex wp-container-core-buttons-is-layout-324fa30b wp-block-buttons-is-layout-flex\" style=\"margin-top:20px\">\n<div class=\"wp-block-button has-custom-width wp-block-button__width-50 is-style-fill\"><a class=\"wp-block-button__link has-text-color has-background has-pontano-sans-font-family has-custom-font-size wp-element-button\" href=\"http:\/\/collegearboresens.fr\/index.php\/contact\/\" style=\"border-style:none;border-width:0px;border-radius:0rem;color:#fffffd;background-color:#9e570a;padding-top:0.71rem;padding-right:0.31rem;padding-bottom:0.71rem;padding-left:0.31rem;font-size:clamp(0.875rem, 0.875rem + ((1vw - 0.2rem) * 0.245), 1.01rem);font-style:normal;font-weight:600;letter-spacing:1px;line-height:1.5;text-transform:uppercase\">Nous contacter<\/a><\/div>\n<\/div>\n<\/div>\n\n\n\n<div class=\"wp-block-column is-vertically-aligned-center is-layout-flow wp-block-column-is-layout-flow\">\n<figure class=\"wp-block-image alignright size-full has-custom-border\"><img decoding=\"async\" width=\"1920\" height=\"1280\" src=\"http:\/\/collegearboresens.fr\/wp-content\/uploads\/2025\/06\/mohamad-khakpour-ubNnW8l4V_o-unsplash.jpg\" alt=\"\" class=\"wp-image-446\" style=\"border-radius:50px;aspect-ratio:4\/3;object-fit:cover\" srcset=\"https:\/\/collegearboresens.fr\/wp-content\/uploads\/2025\/06\/mohamad-khakpour-ubNnW8l4V_o-unsplash.jpg 1920w, https:\/\/collegearboresens.fr\/wp-content\/uploads\/2025\/06\/mohamad-khakpour-ubNnW8l4V_o-unsplash-300x200.jpg 300w, https:\/\/collegearboresens.fr\/wp-content\/uploads\/2025\/06\/mohamad-khakpour-ubNnW8l4V_o-unsplash-1024x683.jpg 1024w, https:\/\/collegearboresens.fr\/wp-content\/uploads\/2025\/06\/mohamad-khakpour-ubNnW8l4V_o-unsplash-768x512.jpg 768w, https:\/\/collegearboresens.fr\/wp-content\/uploads\/2025\/06\/mohamad-khakpour-ubNnW8l4V_o-unsplash-1536x1024.jpg 1536w\" sizes=\"(max-width: 1920px) 100vw, 1920px\" \/><\/figure>\n<\/div>\n<\/div>\n<\/div>\n<\/div>\n\n\n\n<p><\/p>\n\n\n\n<p><\/p>\n\n\n\n<div class=\"wp-block-group alignfull is-layout-grid wp-container-core-group-is-layout-478b6e6b wp-block-group-is-layout-grid\"><\/div>\n\n\n\n<section class=\"wp-block-cover alignfull\" style=\"margin-top:0px;padding-top:1.01rem;padding-bottom:1.01rem;min-height:430px;aspect-ratio:unset;\"><img decoding=\"async\" width=\"683\" height=\"1024\" class=\"wp-block-cover__image-background wp-image-546 size-large\" alt=\"\" src=\"http:\/\/collegearboresens.fr\/wp-content\/uploads\/2025\/06\/adi-goldstein-ziHS-bMqSdU-unsplash-683x1024.jpg\" style=\"object-position:80% 40%\" data-object-fit=\"cover\" data-object-position=\"80% 40%\" srcset=\"https:\/\/collegearboresens.fr\/wp-content\/uploads\/2025\/06\/adi-goldstein-ziHS-bMqSdU-unsplash-683x1024.jpg 683w, https:\/\/collegearboresens.fr\/wp-content\/uploads\/2025\/06\/adi-goldstein-ziHS-bMqSdU-unsplash-200x300.jpg 200w, https:\/\/collegearboresens.fr\/wp-content\/uploads\/2025\/06\/adi-goldstein-ziHS-bMqSdU-unsplash-768x1151.jpg 768w, https:\/\/collegearboresens.fr\/wp-content\/uploads\/2025\/06\/adi-goldstein-ziHS-bMqSdU-unsplash-1025x1536.jpg 1025w, https:\/\/collegearboresens.fr\/wp-content\/uploads\/2025\/06\/adi-goldstein-ziHS-bMqSdU-unsplash-1366x2048.jpg 1366w, https:\/\/collegearboresens.fr\/wp-content\/uploads\/2025\/06\/adi-goldstein-ziHS-bMqSdU-unsplash-scaled.jpg 1708w\" sizes=\"(max-width: 683px) 100vw, 683px\" \/><span aria-hidden=\"true\" class=\"wp-block-cover__background has-background-dim-20 has-background-dim\" style=\"background-color:#513811\"><\/span><div class=\"wp-block-cover__inner-container has-global-padding is-layout-constrained wp-container-core-cover-is-layout-b1bebcb3 wp-block-cover-is-layout-constrained\">\n<div class=\"wp-block-group has-text-color is-layout-flow wp-block-group-is-layout-flow\" style=\"color:#fffffd;margin-top:0px;padding-top:0rem;padding-right:1rem;padding-bottom:0rem;padding-left:1rem;font-size:clamp(0.875rem, 0.875rem + ((1vw - 0.2rem) * 0.464), 1.13rem);font-style:normal;font-weight:400;line-height:1.4\">\n<div class=\"wp-block-group has-global-padding is-layout-constrained wp-container-core-group-is-layout-bdbfdc43 wp-block-group-is-layout-constrained\">\n<p class=\"has-text-align-left has-text-color\" style=\"color:#fffffd;margin-bottom:0rem;font-size:clamp(1.25rem, 1.25rem + ((1vw - 0.2rem) * 1.364), 2rem);font-style:normal;font-weight:400;line-height:1.2\"><strong>Strength does not come from physical capacity. It comes from an indomitable will.<\/strong><\/p>\n\n\n\n<p style=\"font-size:clamp(1.25rem, 1.25rem + ((1vw - 0.2rem) * 1.364), 2rem);\"><strong>La force ne vient pas de la capacit\u00e9 physique. Elle provient d\u2019une volont\u00e9 indomptable.<\/strong><\/p>\n\n\n\n<p class=\"has-text-align-right\" style=\"font-size:clamp(1.25rem, 1.25rem + ((1vw - 0.2rem) * 1.364), 2rem);\"><strong>Gandhi<\/strong><\/p>\n<\/div>\n<\/div>\n<\/div><\/section>\n","protected":false},"excerpt":{"rendered":"<p>Nous recherchons Du mat\u00e9riel et \u00e9quipements vari\u00e9s Nature et sciences Informatique et \u00e9lectronique Mat\u00e9riel de musique Livres et magazines Mat\u00e9riel de jardinage Jeux \u00e9ducatifs<\/p>\n","protected":false},"author":1,"featured_media":0,"parent":0,"menu_order":0,"comment_status":"closed","ping_status":"closed","template":"","meta":{"footnotes":""},"class_list":["post-291","page","type-page","status-publish","hentry"],"yoast_head":"<!-- This site is optimized with the Yoast SEO plugin v25.4 - https:\/\/yoast.com\/wordpress\/plugins\/seo\/ -->\n<title>Don de mat\u00e9riel - Coll\u00e8ge ArboR\u00e9Sens<\/title>\n<meta name=\"description\" content=\"Si vous souhaiter faire un don de mat\u00e9riel scolaire et \u00e9ducatif, de livres, de jeux...\" \/>\n<meta name=\"robots\" content=\"index, follow, max-snippet:-1, max-image-preview:large, max-video-preview:-1\" \/>\n<link rel=\"canonical\" href=\"https:\/\/collegearboresens.fr\/index.php\/don-de-materiel\/\" \/>\n<meta property=\"og:locale\" content=\"en_US\" \/>\n<meta property=\"og:type\" content=\"article\" \/>\n<meta property=\"og:title\" content=\"Don de mat\u00e9riel - Coll\u00e8ge ArboR\u00e9Sens\" \/>\n<meta property=\"og:description\" content=\"Si vous souhaiter faire un don de mat\u00e9riel scolaire et \u00e9ducatif, de livres, de jeux...\" \/>\n<meta property=\"og:url\" content=\"https:\/\/collegearboresens.fr\/index.php\/don-de-materiel\/\" \/>\n<meta property=\"og:site_name\" content=\"Coll\u00e8ge ArboR\u00e9Sens\" \/>\n<meta property=\"article:modified_time\" content=\"2025-07-04T16:02:58+00:00\" \/>\n<meta property=\"og:image\" content=\"https:\/\/collegearboresens.fr\/wp-content\/uploads\/2025\/06\/logan-weaver-lgnwvr-9ZOvxGl_9bc-unsplash.jpg\" \/>\n\t<meta property=\"og:image:width\" content=\"640\" \/>\n\t<meta property=\"og:image:height\" content=\"960\" \/>\n\t<meta property=\"og:image:type\" content=\"image\/jpeg\" \/>\n<meta name=\"twitter:card\" content=\"summary_large_image\" \/>\n<meta name=\"twitter:label1\" content=\"Est. reading time\" \/>\n\t<meta name=\"twitter:data1\" content=\"2 minutes\" \/>\n<script type=\"application\/ld+json\" class=\"yoast-schema-graph\">{\"@context\":\"https:\/\/schema.org\",\"@graph\":[{\"@type\":\"WebPage\",\"@id\":\"https:\/\/collegearboresens.fr\/index.php\/don-de-materiel\/\",\"url\":\"https:\/\/collegearboresens.fr\/index.php\/don-de-materiel\/\",\"name\":\"Don de mat\u00e9riel - Coll\u00e8ge ArboR\u00e9Sens\",\"isPartOf\":{\"@id\":\"https:\/\/collegearboresens.fr\/#website\"},\"primaryImageOfPage\":{\"@id\":\"https:\/\/collegearboresens.fr\/index.php\/don-de-materiel\/#primaryimage\"},\"image\":{\"@id\":\"https:\/\/collegearboresens.fr\/index.php\/don-de-materiel\/#primaryimage\"},\"thumbnailUrl\":\"http:\/\/collegearboresens.fr\/wp-content\/uploads\/2025\/06\/logan-weaver-lgnwvr-9ZOvxGl_9bc-unsplash.jpg\",\"datePublished\":\"2025-06-16T15:34:13+00:00\",\"dateModified\":\"2025-07-04T16:02:58+00:00\",\"description\":\"Si vous souhaiter faire un don de mat\u00e9riel scolaire et \u00e9ducatif, de livres, de jeux...\",\"breadcrumb\":{\"@id\":\"https:\/\/collegearboresens.fr\/index.php\/don-de-materiel\/#breadcrumb\"},\"inLanguage\":\"en-US\",\"potentialAction\":[{\"@type\":\"ReadAction\",\"target\":[\"https:\/\/collegearboresens.fr\/index.php\/don-de-materiel\/\"]}]},{\"@type\":\"ImageObject\",\"inLanguage\":\"en-US\",\"@id\":\"https:\/\/collegearboresens.fr\/index.php\/don-de-materiel\/#primaryimage\",\"url\":\"https:\/\/collegearboresens.fr\/wp-content\/uploads\/2025\/06\/logan-weaver-lgnwvr-9ZOvxGl_9bc-unsplash.jpg\",\"contentUrl\":\"https:\/\/collegearboresens.fr\/wp-content\/uploads\/2025\/06\/logan-weaver-lgnwvr-9ZOvxGl_9bc-unsplash.jpg\",\"width\":640,\"height\":960},{\"@type\":\"BreadcrumbList\",\"@id\":\"https:\/\/collegearboresens.fr\/index.php\/don-de-materiel\/#breadcrumb\",\"itemListElement\":[{\"@type\":\"ListItem\",\"position\":1,\"name\":\"Accueil\",\"item\":\"https:\/\/collegearboresens.fr\/\"},{\"@type\":\"ListItem\",\"position\":2,\"name\":\"Don de mat\u00e9riel\"}]},{\"@type\":\"WebSite\",\"@id\":\"https:\/\/collegearboresens.fr\/#website\",\"url\":\"https:\/\/collegearboresens.fr\/\",\"name\":\"Coll\u00e8ge ArboR\u00e9Sens\",\"description\":\"Nature, arts et culture\",\"publisher\":{\"@id\":\"https:\/\/collegearboresens.fr\/#organization\"},\"potentialAction\":[{\"@type\":\"SearchAction\",\"target\":{\"@type\":\"EntryPoint\",\"urlTemplate\":\"https:\/\/collegearboresens.fr\/?s={search_term_string}\"},\"query-input\":{\"@type\":\"PropertyValueSpecification\",\"valueRequired\":true,\"valueName\":\"search_term_string\"}}],\"inLanguage\":\"en-US\"},{\"@type\":\"Organization\",\"@id\":\"https:\/\/collegearboresens.fr\/#organization\",\"name\":\"Coll\u00e8ge ArboR\u00e9Sens\",\"url\":\"https:\/\/collegearboresens.fr\/\",\"logo\":{\"@type\":\"ImageObject\",\"inLanguage\":\"en-US\",\"@id\":\"https:\/\/collegearboresens.fr\/#\/schema\/logo\/image\/\",\"url\":\"https:\/\/collegearboresens.fr\/wp-content\/uploads\/2025\/06\/logo-ArboReSens-College-large-2025.jpg\",\"contentUrl\":\"https:\/\/collegearboresens.fr\/wp-content\/uploads\/2025\/06\/logo-ArboReSens-College-large-2025.jpg\",\"width\":1228,\"height\":1346,\"caption\":\"Coll\u00e8ge ArboR\u00e9Sens\"},\"image\":{\"@id\":\"https:\/\/collegearboresens.fr\/#\/schema\/logo\/image\/\"},\"sameAs\":[\"https:\/\/www.instagram.com\/college_arboresens\/?igsh=cmZ4bGx1bGljMGc5\"]}]}<\/script>\n<!-- \/ Yoast SEO plugin. -->","yoast_head_json":{"title":"Don de mat\u00e9riel - Coll\u00e8ge ArboR\u00e9Sens","description":"Si vous souhaiter faire un don de mat\u00e9riel scolaire et \u00e9ducatif, de livres, de jeux...","robots":{"index":"index","follow":"follow","max-snippet":"max-snippet:-1","max-image-preview":"max-image-preview:large","max-video-preview":"max-video-preview:-1"},"canonical":"https:\/\/collegearboresens.fr\/index.php\/don-de-materiel\/","og_locale":"en_US","og_type":"article","og_title":"Don de mat\u00e9riel - Coll\u00e8ge ArboR\u00e9Sens","og_description":"Si vous souhaiter faire un don de mat\u00e9riel scolaire et \u00e9ducatif, de livres, de jeux...","og_url":"https:\/\/collegearboresens.fr\/index.php\/don-de-materiel\/","og_site_name":"Coll\u00e8ge ArboR\u00e9Sens","article_modified_time":"2025-07-04T16:02:58+00:00","og_image":[{"width":640,"height":960,"url":"https:\/\/collegearboresens.fr\/wp-content\/uploads\/2025\/06\/logan-weaver-lgnwvr-9ZOvxGl_9bc-unsplash.jpg","type":"image\/jpeg"}],"twitter_card":"summary_large_image","twitter_misc":{"Est. reading time":"2 minutes"},"schema":{"@context":"https:\/\/schema.org","@graph":[{"@type":"WebPage","@id":"https:\/\/collegearboresens.fr\/index.php\/don-de-materiel\/","url":"https:\/\/collegearboresens.fr\/index.php\/don-de-materiel\/","name":"Don de mat\u00e9riel - Coll\u00e8ge ArboR\u00e9Sens","isPartOf":{"@id":"https:\/\/collegearboresens.fr\/#website"},"primaryImageOfPage":{"@id":"https:\/\/collegearboresens.fr\/index.php\/don-de-materiel\/#primaryimage"},"image":{"@id":"https:\/\/collegearboresens.fr\/index.php\/don-de-materiel\/#primaryimage"},"thumbnailUrl":"http:\/\/collegearboresens.fr\/wp-content\/uploads\/2025\/06\/logan-weaver-lgnwvr-9ZOvxGl_9bc-unsplash.jpg","datePublished":"2025-06-16T15:34:13+00:00","dateModified":"2025-07-04T16:02:58+00:00","description":"Si vous souhaiter faire un don de mat\u00e9riel scolaire et \u00e9ducatif, de livres, de jeux...","breadcrumb":{"@id":"https:\/\/collegearboresens.fr\/index.php\/don-de-materiel\/#breadcrumb"},"inLanguage":"en-US","potentialAction":[{"@type":"ReadAction","target":["https:\/\/collegearboresens.fr\/index.php\/don-de-materiel\/"]}]},{"@type":"ImageObject","inLanguage":"en-US","@id":"https:\/\/collegearboresens.fr\/index.php\/don-de-materiel\/#primaryimage","url":"https:\/\/collegearboresens.fr\/wp-content\/uploads\/2025\/06\/logan-weaver-lgnwvr-9ZOvxGl_9bc-unsplash.jpg","contentUrl":"https:\/\/collegearboresens.fr\/wp-content\/uploads\/2025\/06\/logan-weaver-lgnwvr-9ZOvxGl_9bc-unsplash.jpg","width":640,"height":960},{"@type":"BreadcrumbList","@id":"https:\/\/collegearboresens.fr\/index.php\/don-de-materiel\/#breadcrumb","itemListElement":[{"@type":"ListItem","position":1,"name":"Accueil","item":"https:\/\/collegearboresens.fr\/"},{"@type":"ListItem","position":2,"name":"Don de mat\u00e9riel"}]},{"@type":"WebSite","@id":"https:\/\/collegearboresens.fr\/#website","url":"https:\/\/collegearboresens.fr\/","name":"Coll\u00e8ge ArboR\u00e9Sens","description":"Nature, arts et culture","publisher":{"@id":"https:\/\/collegearboresens.fr\/#organization"},"potentialAction":[{"@type":"SearchAction","target":{"@type":"EntryPoint","urlTemplate":"https:\/\/collegearboresens.fr\/?s={search_term_string}"},"query-input":{"@type":"PropertyValueSpecification","valueRequired":true,"valueName":"search_term_string"}}],"inLanguage":"en-US"},{"@type":"Organization","@id":"https:\/\/collegearboresens.fr\/#organization","name":"Coll\u00e8ge ArboR\u00e9Sens","url":"https:\/\/collegearboresens.fr\/","logo":{"@type":"ImageObject","inLanguage":"en-US","@id":"https:\/\/collegearboresens.fr\/#\/schema\/logo\/image\/","url":"https:\/\/collegearboresens.fr\/wp-content\/uploads\/2025\/06\/logo-ArboReSens-College-large-2025.jpg","contentUrl":"https:\/\/collegearboresens.fr\/wp-content\/uploads\/2025\/06\/logo-ArboReSens-College-large-2025.jpg","width":1228,"height":1346,"caption":"Coll\u00e8ge ArboR\u00e9Sens"},"image":{"@id":"https:\/\/collegearboresens.fr\/#\/schema\/logo\/image\/"},"sameAs":["https:\/\/www.instagram.com\/college_arboresens\/?igsh=cmZ4bGx1bGljMGc5"]}]}},"_links":{"self":[{"href":"https:\/\/collegearboresens.fr\/index.php\/wp-json\/wp\/v2\/pages\/291","targetHints":{"allow":["GET"]}}],"collection":[{"href":"https:\/\/collegearboresens.fr\/index.php\/wp-json\/wp\/v2\/pages"}],"about":[{"href":"https:\/\/collegearboresens.fr\/index.php\/wp-json\/wp\/v2\/types\/page"}],"author":[{"embeddable":true,"href":"https:\/\/collegearboresens.fr\/index.php\/wp-json\/wp\/v2\/users\/1"}],"replies":[{"embeddable":true,"href":"https:\/\/collegearboresens.fr\/index.php\/wp-json\/wp\/v2\/comments?post=291"}],"version-history":[{"count":31,"href":"https:\/\/collegearboresens.fr\/index.php\/wp-json\/wp\/v2\/pages\/291\/revisions"}],"predecessor-version":[{"id":1147,"href":"https:\/\/collegearboresens.fr\/index.php\/wp-json\/wp\/v2\/pages\/291\/revisions\/1147"}],"wp:attachment":[{"href":"https:\/\/collegearboresens.fr\/index.php\/wp-json\/wp\/v2\/media?parent=291"}],"curies":[{"name":"wp","href":"https:\/\/api.w.org\/{rel}","templated":true}]}}